{"id":6515,"date":"2025-11-10T11:21:10","date_gmt":"2025-11-10T10:21:52","guid":{"rendered":"https:\/\/figo.at\/paleta-boja\/"},"modified":"2026-01-05T09:35:57","modified_gmt":"2026-01-05T08:35:57","slug":"figo-paleta-boja","status":"publish","type":"page","link":"https:\/\/figo.at\/hr\/proizvodi\/figo-paleta-boja\/","title":{"rendered":"Figo paleta boja"},"content":{"rendered":"<div class=\"wpb-content-wrapper\"><p>[vc_row full_width=&#8221;stretch_row_content&#8221; content_placement=&#8221;bottom&#8221; css=&#8221;.vc_custom_1694069106119{background-image: url(https:\/\/figo.at\/wp-content\/uploads\/2023\/09\/figo-farbpalette-header-1.jpg?id=4911) !important;background-position: center !important;background-repeat: no-repeat !important;background-size: cover !important;}&#8221;][vc_column][vc_empty_space height=&#8221;450px&#8221;][\/vc_column][\/vc_row][vc_row][vc_column][vc_empty_space][vc_column_text]<\/p>\n<h1 style=\"text-align: center; text-decoration: underline;\">Na\u0161e boje za krovove i fasade<\/h1>\n<p>[\/vc_column_text][vc_empty_space][\/vc_column][\/vc_row][vc_row full_width=&#8221;stretch_row_content&#8221; gap=&#8221;10&#8243;][vc_column width=&#8221;1\/6&#8243;][\/vc_column][vc_column width=&#8221;4\/6&#8243;][vc_column_text]<strong>Paleta boja FIGO<\/strong> kre\u0107e se od klasi\u010dnih tonova do \u017eivih, modernih kombinacija boja koje savr\u0161eno nadopunjuju svaki arhitektonski stil. Proizvodi su izra\u0111eni od visokokvalitetnih materijala i rigorozno testirani na izdr\u017eljivost i otpornost kako bi se osiguralo da zadovoljavaju zahtjeve va\u0161eg doma ili poslovnog prostora.<\/p>\n<p>Na\u0161i stru\u010dnjaci rado \u0107e vam pomo\u0107i u odabiru najbolje sheme boja i dizajna za va\u0161 projekt. Tako\u0111er nudimo <strong>prilago\u0111ena rje\u0161enja<\/strong> kako bismo osigurali da se ispune va\u0161a vizija i zahtjevi.[\/vc_column_text][\/vc_column][vc_column width=&#8221;1\/6&#8243;][\/vc_column][\/vc_row][vc_row gap=&#8221;10&#8243;][vc_column width=&#8221;1\/6&#8243;][\/vc_column][vc_column width=&#8221;4\/6&#8243;]<style type=\"text\/css\" data-type=\"the7_shortcodes-inline-css\">#default-btn-41f431a588ddbba487445c9494304f82.ico-right-side > i {\n  margin-right: 0px;\n  margin-left: 8px;\n}\n#default-btn-41f431a588ddbba487445c9494304f82 > i {\n  margin-right: 8px;\n}<\/style><div class=\"btn-align-center\"><a href=\"\/wp-content\/uploads\/2025\/12\/Farben-FIGO-HR.pdf\" class=\"default-btn-shortcode dt-btn dt-btn-l link-hover-off \" target=\"_blank\" id=\"default-btn-41f431a588ddbba487445c9494304f82\" rel=\"noopener\"><span>PREUZMI PALETU BOJA<\/span><\/a><\/div>[\/vc_column][vc_column width=&#8221;1\/6&#8243;][\/vc_column][\/vc_row][vc_row full_width=&#8221;stretch_row_content&#8221; gap=&#8221;10&#8243; equal_height=&#8221;yes&#8221;][vc_column width=&#8221;1\/6&#8243;][\/vc_column][vc_column width=&#8221;4\/6&#8243;][vc_empty_space][vc_single_image image=&#8221;8044&#8243; img_size=&#8221;full&#8221; alignment=&#8221;center&#8221; css=&#8221;&#8221;][\/vc_column][vc_column width=&#8221;1\/6&#8243;][\/vc_column][\/vc_row]<\/p>\n<\/div>","protected":false},"excerpt":{"rendered":"<p>[vc_row full_width=&#8221;stretch_row_content&#8221; content_placement=&#8221;bottom&#8221; css=&#8221;.vc_custom_1694069106119{background-image: url(https:\/\/figo.at\/wp-content\/uploads\/2023\/09\/figo-farbpalette-header-1.jpg?id=4911) !important;background-position: center !important;background-repeat: no-repeat !important;background-size: cover !important;}&#8221;][vc_column][vc_empty_space height=&#8221;450px&#8221;][\/vc_column][\/vc_row][vc_row][vc_column][vc_empty_space][vc_column_text] Na\u0161e boje za krovove i fasade [\/vc_column_text][vc_empty_space][\/vc_column][\/vc_row][vc_row full_width=&#8221;stretch_row_content&#8221; gap=&#8221;10&#8243;][vc_column width=&#8221;1\/6&#8243;][\/vc_column][vc_column width=&#8221;4\/6&#8243;][vc_column_text]Paleta boja FIGO kre\u0107e se od klasi\u010dnih tonova do \u017eivih, modernih kombinacija boja koje savr\u0161eno nadopunjuju svaki arhitektonski stil. Proizvodi su izra\u0111eni od visokokvalitetnih materijala i rigorozno testirani na izdr\u017eljivost i otpornost&hellip;<\/p>\n","protected":false},"author":3,"featured_media":0,"parent":6644,"menu_order":7,"comment_status":"closed","ping_status":"closed","template":"","meta":{"inline_featured_image":false,"footnotes":""},"class_list":["post-6515","page","type-page","status-publish","hentry","description-off"],"yoast_head":"<!-- This site is optimized with the Yoast SEO Premium plugin v27.4 (Yoast SEO v27.4) - https:\/\/yoast.com\/product\/yoast-seo-premium-wordpress\/ -->\n<title>FIGO paleta boja \u2013 Raznolikost za krov i fasadu<\/title>\n<meta name=\"description\" content=\"Otkrijte FIGO paletu boja za krovove i fasade \u2013 s bogatim izborom atraktivnih opcija boja za va\u0161e projekte.\" \/>\n<meta name=\"robots\" content=\"index, follow, max-snippet:-1, max-image-preview:large, max-video-preview:-1\" \/>\n<link rel=\"canonical\" href=\"https:\/\/figo.at\/hr\/proizvodi\/figo-paleta-boja\/\" \/>\n<meta property=\"og:locale\" content=\"hr_HR\" \/>\n<meta property=\"og:type\" content=\"article\" \/>\n<meta property=\"og:title\" content=\"Figo paleta boja\" \/>\n<meta property=\"og:description\" content=\"Otkrijte FIGO paletu boja za krovove i fasade \u2013 s bogatim izborom atraktivnih opcija boja za va\u0161e projekte.\" \/>\n<meta property=\"og:url\" content=\"https:\/\/figo.at\/hr\/proizvodi\/figo-paleta-boja\/\" \/>\n<meta property=\"og:site_name\" content=\"Figo Dach &amp; Fassade\" \/>\n<meta property=\"article:publisher\" content=\"https:\/\/www.facebook.com\/figodachundfassade\" \/>\n<meta property=\"article:modified_time\" content=\"2026-01-05T08:35:57+00:00\" \/>\n<meta property=\"og:image\" content=\"https:\/\/figo.at\/wp-content\/uploads\/2023\/10\/FIGO-Haus_Berge.jpg\" \/>\n\t<meta property=\"og:image:width\" content=\"1920\" \/>\n\t<meta property=\"og:image:height\" content=\"1080\" \/>\n\t<meta property=\"og:image:type\" content=\"image\/jpeg\" \/>\n<meta name=\"twitter:card\" content=\"summary_large_image\" \/>\n<meta name=\"twitter:label1\" content=\"Est. reading time\" \/>\n\t<meta name=\"twitter:data1\" content=\"1 minute\" \/>\n<script type=\"application\/ld+json\" class=\"yoast-schema-graph\">{\"@context\":\"https:\\\/\\\/schema.org\",\"@graph\":[{\"@type\":\"WebPage\",\"@id\":\"https:\\\/\\\/figo.at\\\/hr\\\/proizvodi\\\/figo-paleta-boja\\\/\",\"url\":\"https:\\\/\\\/figo.at\\\/hr\\\/proizvodi\\\/figo-paleta-boja\\\/\",\"name\":\"FIGO paleta boja \u2013 Raznolikost za krov i fasadu\",\"isPartOf\":{\"@id\":\"https:\\\/\\\/figo.at\\\/hr\\\/#website\"},\"datePublished\":\"2025-11-10T10:21:52+00:00\",\"dateModified\":\"2026-01-05T08:35:57+00:00\",\"description\":\"Otkrijte FIGO paletu boja za krovove i fasade \u2013 s bogatim izborom atraktivnih opcija boja za va\u0161e projekte.\",\"breadcrumb\":{\"@id\":\"https:\\\/\\\/figo.at\\\/hr\\\/proizvodi\\\/figo-paleta-boja\\\/#breadcrumb\"},\"inLanguage\":\"hr-HR\",\"potentialAction\":[{\"@type\":\"ReadAction\",\"target\":[\"https:\\\/\\\/figo.at\\\/hr\\\/proizvodi\\\/figo-paleta-boja\\\/\"]}]},{\"@type\":\"BreadcrumbList\",\"@id\":\"https:\\\/\\\/figo.at\\\/hr\\\/proizvodi\\\/figo-paleta-boja\\\/#breadcrumb\",\"itemListElement\":[{\"@type\":\"ListItem\",\"position\":1,\"name\":\"Startseite\",\"item\":\"https:\\\/\\\/figo.at\\\/hr\\\/\"},{\"@type\":\"ListItem\",\"position\":2,\"name\":\"Proizvodi\",\"item\":\"https:\\\/\\\/figo.at\\\/hr\\\/proizvodi\\\/\"},{\"@type\":\"ListItem\",\"position\":3,\"name\":\"Figo paleta boja\"}]},{\"@type\":\"WebSite\",\"@id\":\"https:\\\/\\\/figo.at\\\/hr\\\/#website\",\"url\":\"https:\\\/\\\/figo.at\\\/hr\\\/\",\"name\":\"Figo Dach & Fassade\",\"description\":\"Die Dach- und Fassadenplatte aus Stahl mit 40 Jahren Garantie\",\"publisher\":{\"@id\":\"https:\\\/\\\/figo.at\\\/hr\\\/#organization\"},\"potentialAction\":[{\"@type\":\"SearchAction\",\"target\":{\"@type\":\"EntryPoint\",\"urlTemplate\":\"https:\\\/\\\/figo.at\\\/hr\\\/?s={search_term_string}\"},\"query-input\":{\"@type\":\"PropertyValueSpecification\",\"valueRequired\":true,\"valueName\":\"search_term_string\"}}],\"inLanguage\":\"hr-HR\"},{\"@type\":\"Organization\",\"@id\":\"https:\\\/\\\/figo.at\\\/hr\\\/#organization\",\"name\":\"FILLI Stahlgro\u00dfhandelsgesellschaft mit beschr\u00e4nkter Haftung\",\"alternateName\":\"Figo Dach & Fassade\",\"url\":\"https:\\\/\\\/figo.at\\\/hr\\\/\",\"logo\":{\"@type\":\"ImageObject\",\"inLanguage\":\"hr-HR\",\"@id\":\"https:\\\/\\\/figo.at\\\/hr\\\/#\\\/schema\\\/logo\\\/image\\\/\",\"url\":\"https:\\\/\\\/figo.at\\\/wp-content\\\/uploads\\\/2023\\\/11\\\/figo-social.jpg\",\"contentUrl\":\"https:\\\/\\\/figo.at\\\/wp-content\\\/uploads\\\/2023\\\/11\\\/figo-social.jpg\",\"width\":1280,\"height\":720,\"caption\":\"FILLI Stahlgro\u00dfhandelsgesellschaft mit beschr\u00e4nkter Haftung\"},\"image\":{\"@id\":\"https:\\\/\\\/figo.at\\\/hr\\\/#\\\/schema\\\/logo\\\/image\\\/\"},\"sameAs\":[\"https:\\\/\\\/www.facebook.com\\\/figodachundfassade\",\"https:\\\/\\\/www.youtube.com\\\/channel\\\/UCo-aYJEemPKnMxxxWg2Em_Q\",\"https:\\\/\\\/www.linkedin.com\\\/company\\\/fillistahl\\\/\",\"https:\\\/\\\/www.instagram.com\\\/figodachundfassade\"],\"description\":\"Komplettl\u00f6sungen f\u00fcr Dach und Fassade samt umfangreichem Zubeh\u00f6r und vielf\u00e4ltigen Farb- und Designvarianten.\",\"email\":\"office@figo.at\",\"telephone\":\"+43 463 379703550\"}]}<\/script>\n<!-- \/ Yoast SEO Premium plugin. -->","yoast_head_json":{"title":"FIGO paleta boja \u2013 Raznolikost za krov i fasadu","description":"Otkrijte FIGO paletu boja za krovove i fasade \u2013 s bogatim izborom atraktivnih opcija boja za va\u0161e projekte.","robots":{"index":"index","follow":"follow","max-snippet":"max-snippet:-1","max-image-preview":"max-image-preview:large","max-video-preview":"max-video-preview:-1"},"canonical":"https:\/\/figo.at\/hr\/proizvodi\/figo-paleta-boja\/","og_locale":"hr_HR","og_type":"article","og_title":"Figo paleta boja","og_description":"Otkrijte FIGO paletu boja za krovove i fasade \u2013 s bogatim izborom atraktivnih opcija boja za va\u0161e projekte.","og_url":"https:\/\/figo.at\/hr\/proizvodi\/figo-paleta-boja\/","og_site_name":"Figo Dach &amp; Fassade","article_publisher":"https:\/\/www.facebook.com\/figodachundfassade","article_modified_time":"2026-01-05T08:35:57+00:00","og_image":[{"width":1920,"height":1080,"url":"https:\/\/figo.at\/wp-content\/uploads\/2023\/10\/FIGO-Haus_Berge.jpg","type":"image\/jpeg"}],"twitter_card":"summary_large_image","twitter_misc":{"Est. reading time":"1 minute"},"schema":{"@context":"https:\/\/schema.org","@graph":[{"@type":"WebPage","@id":"https:\/\/figo.at\/hr\/proizvodi\/figo-paleta-boja\/","url":"https:\/\/figo.at\/hr\/proizvodi\/figo-paleta-boja\/","name":"FIGO paleta boja \u2013 Raznolikost za krov i fasadu","isPartOf":{"@id":"https:\/\/figo.at\/hr\/#website"},"datePublished":"2025-11-10T10:21:52+00:00","dateModified":"2026-01-05T08:35:57+00:00","description":"Otkrijte FIGO paletu boja za krovove i fasade \u2013 s bogatim izborom atraktivnih opcija boja za va\u0161e projekte.","breadcrumb":{"@id":"https:\/\/figo.at\/hr\/proizvodi\/figo-paleta-boja\/#breadcrumb"},"inLanguage":"hr-HR","potentialAction":[{"@type":"ReadAction","target":["https:\/\/figo.at\/hr\/proizvodi\/figo-paleta-boja\/"]}]},{"@type":"BreadcrumbList","@id":"https:\/\/figo.at\/hr\/proizvodi\/figo-paleta-boja\/#breadcrumb","itemListElement":[{"@type":"ListItem","position":1,"name":"Startseite","item":"https:\/\/figo.at\/hr\/"},{"@type":"ListItem","position":2,"name":"Proizvodi","item":"https:\/\/figo.at\/hr\/proizvodi\/"},{"@type":"ListItem","position":3,"name":"Figo paleta boja"}]},{"@type":"WebSite","@id":"https:\/\/figo.at\/hr\/#website","url":"https:\/\/figo.at\/hr\/","name":"Figo Dach & Fassade","description":"Die Dach- und Fassadenplatte aus Stahl mit 40 Jahren Garantie","publisher":{"@id":"https:\/\/figo.at\/hr\/#organization"},"potentialAction":[{"@type":"SearchAction","target":{"@type":"EntryPoint","urlTemplate":"https:\/\/figo.at\/hr\/?s={search_term_string}"},"query-input":{"@type":"PropertyValueSpecification","valueRequired":true,"valueName":"search_term_string"}}],"inLanguage":"hr-HR"},{"@type":"Organization","@id":"https:\/\/figo.at\/hr\/#organization","name":"FILLI Stahlgro\u00dfhandelsgesellschaft mit beschr\u00e4nkter Haftung","alternateName":"Figo Dach & Fassade","url":"https:\/\/figo.at\/hr\/","logo":{"@type":"ImageObject","inLanguage":"hr-HR","@id":"https:\/\/figo.at\/hr\/#\/schema\/logo\/image\/","url":"https:\/\/figo.at\/wp-content\/uploads\/2023\/11\/figo-social.jpg","contentUrl":"https:\/\/figo.at\/wp-content\/uploads\/2023\/11\/figo-social.jpg","width":1280,"height":720,"caption":"FILLI Stahlgro\u00dfhandelsgesellschaft mit beschr\u00e4nkter Haftung"},"image":{"@id":"https:\/\/figo.at\/hr\/#\/schema\/logo\/image\/"},"sameAs":["https:\/\/www.facebook.com\/figodachundfassade","https:\/\/www.youtube.com\/channel\/UCo-aYJEemPKnMxxxWg2Em_Q","https:\/\/www.linkedin.com\/company\/fillistahl\/","https:\/\/www.instagram.com\/figodachundfassade"],"description":"Komplettl\u00f6sungen f\u00fcr Dach und Fassade samt umfangreichem Zubeh\u00f6r und vielf\u00e4ltigen Farb- und Designvarianten.","email":"office@figo.at","telephone":"+43 463 379703550"}]}},"_links":{"self":[{"href":"https:\/\/figo.at\/hr\/wp-json\/wp\/v2\/pages\/6515","targetHints":{"allow":["GET"]}}],"collection":[{"href":"https:\/\/figo.at\/hr\/wp-json\/wp\/v2\/pages"}],"about":[{"href":"https:\/\/figo.at\/hr\/wp-json\/wp\/v2\/types\/page"}],"author":[{"embeddable":true,"href":"https:\/\/figo.at\/hr\/wp-json\/wp\/v2\/users\/3"}],"replies":[{"embeddable":true,"href":"https:\/\/figo.at\/hr\/wp-json\/wp\/v2\/comments?post=6515"}],"version-history":[{"count":4,"href":"https:\/\/figo.at\/hr\/wp-json\/wp\/v2\/pages\/6515\/revisions"}],"predecessor-version":[{"id":8076,"href":"https:\/\/figo.at\/hr\/wp-json\/wp\/v2\/pages\/6515\/revisions\/8076"}],"up":[{"embeddable":true,"href":"https:\/\/figo.at\/hr\/wp-json\/wp\/v2\/pages\/6644"}],"wp:attachment":[{"href":"https:\/\/figo.at\/hr\/wp-json\/wp\/v2\/media?parent=6515"}],"curies":[{"name":"wp","href":"https:\/\/api.w.org\/{rel}","templated":true}]}}