{"id":6627,"date":"2025-11-10T13:14:58","date_gmt":"2025-11-10T12:14:58","guid":{"rendered":"https:\/\/figo.at\/uvjeti-i-odredbe\/"},"modified":"2026-01-05T08:49:45","modified_gmt":"2026-01-05T07:49:45","slug":"uvjeti-i-odredbe","status":"publish","type":"page","link":"https:\/\/figo.at\/hr\/uvjeti-i-odredbe\/","title":{"rendered":"Uvjeti i odredbe"},"content":{"rendered":"<div class=\"wpb-content-wrapper\"><p>[vc_row][vc_column width=&#8221;1\/6&#8243;][\/vc_column][vc_column width=&#8221;2\/3&#8243;][vc_column_text css=&#8221;.vc_custom_1648042464241{margin-bottom: 15px !important;padding-bottom: 0px !important;}&#8221; el_class=&#8221;filli_fake_h1&#8243;]<\/p>\n<h1 style=\"text-align: center;\">Mi smo po\u0161teni.<\/h1>\n<p>[\/vc_column_text][vc_column_text css=&#8221;.vc_custom_1648042479108{margin-top: 0px !important;padding-top: 0px !important;}&#8221; el_class=&#8221;filli_fake_h3&#8243;]<\/p>\n<h3 style=\"text-align: center;\">Mi smo Filli Stahl.<\/h3>\n<p>[\/vc_column_text][vc_column_text]<\/p>\n<p style=\"text-align: center;\">Dajemo sve od sebe kako bismo na\u0161im kupcima pru\u017eili konkurentsku prednost! Na\u0161 primarni cilj je ponuditi na\u0161im kupcima odlu\u010duju\u0107e prednosti. To posti\u017eemo najsuvremenijom tehnologijom, strate\u0161kim planiranjem, maksimalnom u\u010dinkovito\u0161\u0107u i \u0161irokim asortimanom proizvoda.<\/p>\n<p>[\/vc_column_text][\/vc_column][vc_column width=&#8221;1\/6&#8243;][\/vc_column][\/vc_row][vc_row][vc_column]<div class=\"filli_contentbox filli_contentbox_mini_font\" id=\"\" ><div class=\"filli_contentbox_content image_false\"><h3>OP\u0106I UVJETI PRODAJE I DOSTAVE tvrtke ``FILLI-STAHL``<\/h3><p><strong>I. ZAKLJU\u010cAK<\/strong><\/p>\n<ol>\n<li>Osim ako nije druga\u010dije dogovoreno, na\u0161e isporuke se vr\u0161e isklju\u010divo na temelju sljede\u0107ih uvjeta i odredbi, \u010dak i ako nisu izri\u010dito spomenuti tijekom usmenih ili telefonskih pregovora. Za sva odstupanja od ovih uvjeta i odredbi potrebna je na\u0161a izri\u010dita pisana potvrda.<\/li>\n<li>Sve ponude podlo\u017ene su promjenama bez prethodne najave i ne obvezuju nas na isporuku. Ilustracije, crte\u017ei i informacije o za\u0161titnim znakovima nisu obvezuju\u0107i. Svi ugovori i sporazumi, \u010dak i oni koje su sklopili ili zaklju\u010dili na\u0161i prodajni predstavnici, obvezuju\u0107i su za nas tek uz pisanu potvrdu. Isto vrijedi i za usmene sporedne sporazume i naknadne izmjene ugovora. Ako ipak isporu\u010dujemo na temelju usmenih ili telefonskih narud\u017ebi, kupac ne mo\u017ee tvrditi da svi ugovori, sporazumi itd. postaju obvezuju\u0107i za nas na\u0161om pisanom potvrdom. U slu\u010daju isporuka na temelju telefonskih narud\u017ebi, ne odgovaramo za bilo kakve posljedice neto\u010dnih isporuka uzrokovanih slu\u0161nim pogre\u0161kama ili nesporazumima.<\/li>\n<li>Svi uvjeti kupnje koje je odredio kupac ovime se izri\u010dito odbacuju. Oni nas ne obvezuju, \u010dak i ako ih ponovno izri\u010dito ne odbijemo prilikom sklapanja ugovora. Na\u0161i Op\u0107i uvjeti prodaje i isporuke smatraju se prihva\u0107enima najkasnije po primitku na\u0161e robe.<\/li>\n<\/ol>\n<p><strong>II. CIJENE<\/strong><\/p>\n<ol>\n<li>Cijene su neto cijene bez ikakvih odbitaka.<\/li>\n<li>Za narud\u017ebe bez izri\u010ditog dogovora o cijeni primjenjuju se cijene na dan isporuke; za isporuke ex-works primjenjuje se objavljena tvorni\u010dka cijena; za isporuke sa zaliha primjenjuje se neto cijena na zalihi koju je objavio prodavatelj.<\/li>\n<li>Sve sporedne tro\u0161kove, javne davanja, sve novouvedene poreze, tro\u0161kove prijevoza i sva njihova pove\u0107anja, koja izravno ili neizravno utje\u010du na tro\u0161kove dostave i pove\u0107avaju ih, snosi kupac.<\/li>\n<li>Ako, na temelju posebnih ugovora, kupcu odobrimo pravo povrata ve\u0107 isporu\u010dene robe, a kupac iskoristi to pravo, naplatit \u0107emo 20% neto iznosa ra\u010duna vra\u0107ene robe za pokrivanje na\u0161ih tro\u0161kova. Rezani ili na drugi na\u010din obra\u0111eni materijal ne\u0107e se prihvatiti za povrat.<\/li>\n<\/ol>\n<p><strong>III. DOSTAVA<\/strong><\/p>\n<ol>\n<li>Slobodni smo odabrati tvornicu ili skladi\u0161te kojem \u0107e biti povjerena isporuka naru\u010dene robe.<\/li>\n<li>Rizik prelazi na kupca prilikom predaje \u0161pediteru ili prijevozniku, a najkasnije prilikom napu\u0161tanja tvornice ili skladi\u0161ta. To vrijedi i u slu\u010daju na\u0161e dostave, slobodno do odredi\u0161ta, kori\u0161tenjem vlastitog ili tu\u0111eg vozila.<\/li>\n<li>Cijene navedene kao bez prijevoza uvjetovane su nesmetanim i neograni\u010denim prometom na odgovaraju\u0107im rutama. Svi rezultiraju\u0107i tro\u0161kovi prijevoza odgovornost su kupca. Dostavna vozila moraju se mo\u0107i nesmetano i sigurno pribli\u017eiti mjestu istovara te se moraju istovariti bez odlaganja. Ako kupac prekr\u0161i ove obveze sigurnosti prometa, odgovoran je za svu nastalu \u0161tetu na dostavnom vozilu i sve zahtjeve tre\u0107ih strana.<\/li>\n<li>Na\u010din dostave, prijevozno sredstvo i za\u0161tita, koji se, poput pokrivenih vagona i kamiona s dizalicama, napla\u0107uju zasebno, na na\u0161u su diskreciju, bez ikakve odgovornosti. Prodavatelj ne odgovara za pravovremeni prijevoz, niti za povr\u0161insku hr\u0111u, savijanje, uvijanje ili o\u0161te\u0107enja uzrokovana vremenskim uvjetima.<\/li>\n<li>Za isporuku vrijede tehni\u010dki standardi zemlje proizvodnje. Austrijski trgova\u010dki obi\u010daji tako\u0111er reguliraju me\u0111unarodne transakcije.<\/li>\n<li>Ila materijali i posebne ponude po iznimnim cijenama moraju se pregledati prije otpreme. Materijali komercijalne kvalitete provjeravaju se samo po vanjskom stanju.<\/li>\n<li>Osim ako nije druga\u010dije uobi\u010dajeno u trgovini ili dogovoreno, roba \u0107e biti isporu\u010dena nepakirana.<\/li>\n<\/ol>\n<p><strong>IV. VRIJEME ISPORUKE<\/strong><\/p>\n<ol>\n<li>Rokovi isporuke nisu obvezuju\u0107i za prodavatelja i ovise o mogu\u0107nostima isporuke svih dobavlja\u010da.<\/li>\n<li>Rok isporuke po\u010dinje te\u0107i na dan prihva\u0107anja narud\u017ebe, ali prije nego \u0161to se svi detalji narud\u017ebe u potpunosti razjasne. Ako kupac mora dostaviti dokumente, informacije, dozvole ili odobrenja ili izvr\u0161iti uplatu akontacije, rok isporuke ne po\u010dinje te\u0107i dok se ne prime svi dokumenti.<\/li>\n<li>Dostava se smatra dovr\u0161enom nakon pravovremene obavijesti o spremnosti za otpremu.<\/li>\n<li>\u010clanak 2 primjenjuje se i ako su rokovi ili datumi isporuke izri\u010dito dogovoreni.<\/li>\n<li>Roba za koju je prijavljeno da je spremna za otpremu, ali nije odmah preuzeta, mo\u017ee se uskladi\u0161titi od strane prodavatelja na tro\u0161ak i rizik kupca te fakturirati kao ex works ili ex warehouse nakon spremnosti za otpremu.<\/li>\n<\/ol>\n<p><strong>V. PLA\u0106ANJE<\/strong><\/p>\n<ol>\n<li>Pla\u0107anje kupoprodajne cijene je\n<ol>\n<li>1. Za tvorni\u010dke isporuke pla\u0107anje mora biti izvr\u0161eno u gotovini bez odbitka do 15. u mjesecu.\n<ol>\n<li>2. Za isporuke sa zaliha, pla\u0107anje dospijeva odmah po primitku ra\u010duna, neto.<\/li>\n<\/ol>\n<\/li>\n<\/ol>\n<\/li>\n<li>Primamo \u010dekove s mogu\u0107no\u0161\u0107u diskontiranja kao pla\u0107anje uz prethodni dogovor. Kredit za ove \u010dekove podlije\u017ee primitku i bit \u0107e izdani umanjeni za tro\u0161kove te \u0107e se vrednovati na dan kada nam sredstva budu dostupna.<\/li>\n<li>Porez na promet nekretnina, popust, naknade za naplatu i kamate uvijek dospijevaju odmah.<\/li>\n<li>U slu\u010daju zaka\u0161njenja s pla\u0107anjem, pla\u0107amo kamate u skladu s \u010dlankom 456. austrijskog trgova\u010dkog zakonika (UGB). Nepo\u0161tivanje uvjeta pla\u0107anja ili okolnosti koje bi mogle ugroziti kreditnu sposobnost kupca rezultirat \u0107e time da sva na\u0161a potra\u017eivanja odmah dospijevaju. Nadalje, oni nam daju pravo da izvr\u0161imo neizvr\u0161ene isporuke samo uz predujam, da odustanemo od ugovora ili da tra\u017eimo naknadu \u0161tete zbog neizvr\u0161enja. U slu\u010daju zaka\u0161njenja s pla\u0107anjem, kupac je du\u017ean osigurati sva neizvr\u0161ena potra\u017eivanja ustupljenjem ili davanjem zalo\u017enog prava na drugoj imovini u korist prodavatelja.<\/li>\n<li>Ovla\u0161teni smo prebiti na\u0161a potra\u017eivanja, bez obzira na njihovu pravnu osnovu, s potra\u017eivanjima kupca. Suprotno tome, kupac ima pravo na prebijenu naknadu samo ako smo njegova potra\u017eivanja pismeno priznali ili ako ih je utvrdio sud.<\/li>\n<\/ol>\n<p><strong>VI. IMOVINA<\/strong><\/p>\n<ol>\n<li>Na\u0161a roba ostaje na\u0161e vlasni\u0161tvo sve dok se u cijelosti ne isplate sve tra\u017ebine, uklju\u010duju\u0107i budu\u0107e tra\u017ebine i nepodmirene salde na teku\u0107im ra\u010dunima, na koje imamo pravo, bez obzira na njihovu pravnu osnovu. To vrijedi i ako se pla\u0107anja vr\u0161e na temelju posebno odre\u0111enih tra\u017ebina. Ako kupac robu prera\u0111uje, mije\u0161a ili kombinira s drugom robom koja nam ne pripada, kupac nam ovime ustupa prava vlasni\u0161tva nad novim zalihama ili predmetom u visini fakturne vrijednosti robe uz zadr\u017eavanje vlasni\u0161tva. Kupac \u0107e nove zalihe ili predmet \u010duvati za nas besplatno.<\/li>\n<li>Kupac ima pravo preprodati robu s pridr\u017ekom vlasni\u0161tva samo pod uvjetom da se na nas ustupi\/ustupe njegova\/njena potra\u017eivanja koja proizlaze iz preprodaje, u iznosu vrijednosti robe s pridr\u017ekom vlasni\u0161tva, bilo da je prera\u0111ena, pomije\u0161ana ili kombinirana.<\/li>\n<li>Kupac je du\u017ean u svojim knjigama objaviti prijenos potra\u017eivanja i, na na\u0161 zahtjev, obavijestiti tre\u0107u stranu kao kupca. Kupac nam tako\u0111er mora u bilo kojem trenutku na zahtjev otkriti kupca robe koja je predmet pridr\u017eka vlasni\u0161tva.<\/li>\n<li>Kupac nije ovla\u0161ten na bilo kakva druga raspolaganja robom koja je predmet pridr\u017eka vlasni\u0161tva, posebno na prijenos vlasni\u0161tva kao osiguranje i zalog. Kupac ima pravo naplatiti potra\u017eivanja koja proizlaze iz preprodaje sve dok u bilo kojem trenutku ne opozovemo ovo ovla\u0161tenje.<\/li>\n<li>Prodavatelj mora imati pristup robi na koju se odnosi pridr\u017eak vlasni\u0161tva u bilo kojem trenutku.<\/li>\n<li>Ako do\u0111e do poni\u0161tenja transakcije kao rezultat ostvarivanja na\u0161eg pridr\u017eka vlasni\u0161tva, mora se slijediti sljede\u0107i postupak.<br \/>\na) Iznos ra\u010duna pove\u0107ava se za kamate, tro\u0161kove, izdatke i tro\u0161kove preuzimanja robe za koju se primjenjuje pridr\u017eak vlasni\u0161tva. Tako utvr\u0111eni iznos umanjuje se za sve upla\u0107ene predujmove i vrijednost vra\u0107ene robe. b) Ako ova transakcija rezultira kreditnim saldom za na\u0161eg kupca, on se mora isplatiti ili pokriti s drugim potra\u017eivanjima. Me\u0111utim, ako kup\u010deva obveza pla\u0107anja ostane, kupac je du\u017ean prilagoditi tro\u0161kove, a mi imamo pravo naplatiti zatezne kamate.<\/li>\n<\/ol>\n<p><strong>VII. VI\u0160A SILA<\/strong><\/p>\n<p>Doga\u0111aji vi\u0161e sile, uklju\u010duju\u0107i, ali ne ograni\u010davaju\u0107i se na \u0161trajkove, ve\u0107e operativne poreme\u0107aje, neispravnu robu i sve okolnosti koje zna\u010dajno ometaju ili sprje\u010davaju isporuku, bez obzira na to doga\u0111aju li se u na\u0161oj tvrtki ili kod jednog od na\u0161ih dobavlja\u010da, daju nam pravo da obustavimo isporuku za vrijeme trajanja prepreke plus razumno razdoblje ponovnog pokretanja ili da odustanemo od ugovora u odnosu na neispunjeni dio. Kupac mo\u017ee od nas zatra\u017eiti izjavu o tome namjeravamo li odustati od ugovora ili isporu\u010diti u razumnom roku. Ako ne odgovorimo, kupac mo\u017ee odustati od ugovora.<\/p>\n<p><strong>VIII. MJESTO IZVR\u0160ENJA, NADLE\u017dNOST I MJERODAVNO PRAVO<\/strong><\/p>\n<p>Za sve ugovore, mjesto izvr\u0161enja, \u010dak i ako je dogovorena isporuka u prijemnu stanicu ili tvornicu, je lokacija tvornice ili skladi\u0161ta isporu\u010ditelja za izvr\u0161enje i lokacija ugovorne podru\u017enice za pla\u0107anje. Isklju\u010divo mjesto nadle\u017enosti za sve sporove je Klagenfurt, ali mi mo\u017eemo, po vlastitom naho\u0111enju, pokrenuti tu\u017ebu i pred bilo kojim sudom koji je ina\u010de nadle\u017ean za kupca. Ovaj ugovor ure\u0111uje se isklju\u010divo austrijskim pravom. Kolizijska pravila me\u0111unarodnog privatnog prava izri\u010dito su isklju\u010dena.<\/p>\n<p><strong>IX. DJELOMI\u010cNA NEPOVJERNOST<\/strong><\/p>\n<p>Ukoliko pojedina\u010dne odredbe ovih uvjeta prodaje budu u cijelosti ili djelomi\u010dno neva\u017ee\u0107e, sve ostale odredbe ovih uvjeta prodaje ostaju na snazi.<\/p>\n<p><strong>X. POSEBNI UVJETI PRODAJE I ISPORUKE ZA TRGOVINU VALJANOM ROBOM NA DALJINU <\/strong><\/p>\n<p>Za izravne isporuke valjanih proizvoda i ostale robe, uz gore navedene uvjete, vrijede i uvjeti isporuke tvornica u njihovoj trenutno va\u017ee\u0107oj verziji, uklju\u010duju\u0107i sve izmjene. Njih mo\u017eete u bilo kojem trenutku zatra\u017eiti od tvrtke Filli-Stahl.<\/p>\n<p><strong>XI. JAMSTVO I OD\u0160TETA<\/strong><\/p>\n<p>Ako se doka\u017ee nedostatak u materijalu ili proizvodnji, vratit \u0107emo neispravnu robu i zamijeniti je robom bez nedostataka. Kupac nema pravo na odustajanje od ugovora (raskid). Me\u0111utim, na\u0161a jamstvena obveza prote\u017ee se samo na opseg jamstava koja su preuzeli na\u0161i dobavlja\u010di za pojedina\u010dne isporuke i samo u mjeri u kojoj oni priznaju jamstveni zahtjev. Ako nam kupac ne dostavi uzorke neispravnog materijala odmah na na\u0161 zahtjev, jamstveni zahtjev je neva\u017ee\u0107i. Takav zahtjev u svakom slu\u010daju istje\u010de mjesec dana nakon na\u0161eg pismenog odbijanja. Za materijale drugog izbora, rabljene materijale i takozvanu &#8220;robu s police&#8221; (tj. robu koja se prodaje ispod stvarne dnevne cijene), roba se smatra isporu\u010denom i prihva\u0107enom u skladu s uvjetima i odredbama po napu\u0161tanju skladi\u0161ta ili tvornice, bez obzira je li prihva\u0107ena ili ne. Za takve materijale isklju\u010dene su sve reklamacije u vezi s kvalitetom i stanjem.<\/p>\n<p>Kupac je du\u017ean odmah po primitku robe pregledati s najve\u0107om pa\u017enjom, ako je potrebno uz pomo\u0107 stru\u010dnjaka. Sve nedostatke kupac mora prijaviti pismeno preporu\u010denim pismom u roku od 8 dana od primitka robe. Nedostatke koji se ne mogu otkriti tijekom takvog pregleda treba prijaviti odmah po njihovom otkrivanju, a svaka obrada ili daljnja obrada mora se odmah prekinuti. Jamstvena obveza prestaje, \u010dak i u slu\u010daju skrivenih nedostataka, obradom ili daljnjom obradom, kao i ugradnjom ili polaganjem, ali najkasnije tri mjeseca nakon primitka robe. Zahtjevi za naknadu \u0161tete bilo koje vrste protiv nas su isklju\u010deni, osim ako se ne doka\u017ee gruba nepa\u017enja s na\u0161e strane. U svakom slu\u010daju, na\u0161a odgovornost za \u0161tetu ograni\u010dena je na iznos fakturiran za robu. Ne odgovaramo za \u0161tetu tre\u0107ih strana ili posljedi\u010dnu \u0161tetu. Ako pru\u017eamo pomo\u0107ne usluge, kao \u0161to su planovi, alati, strukturna analiza, popisi dijelova ili sa\u017eeci materijala, kupac je du\u017ean odmah ih pregledati. Ako kupac ne prigovori na takve dokumente u roku od 8 dana od primitka, smatraju se odobrenima. Ako takvi dokumenti ne potje\u010du od nas, ve\u0107 od proizvo\u0111a\u010da, stru\u010dnjaka ili neke druge tre\u0107e strane, ne odgovaramo za njihov nemar, ve\u0107 samo za nemar u odabiru te tre\u0107e strane (culpa in eligendo).<\/p>\n<p><em>Od velja\u010de 2020.<\/em><\/p>\n<\/div><\/div><div class=\"filli_button \" id=\"\" ><a title=\"PREUZMI\" href=\"\/wp-content\/uploads\/2022\/06\/agb_filli_februar_2020.pdf\"><img decoding=\"async\" src=\"\/wp-content\/uploads\/2022\/01\/download-icon.svg\"><span>PREUZMI<\/span><\/a><\/div>[\/vc_column][\/vc_row]<\/p>\n<\/div>","protected":false},"excerpt":{"rendered":"<p>[vc_row][vc_column width=&#8221;1\/6&#8243;][\/vc_column][vc_column width=&#8221;2\/3&#8243;][vc_column_text css=&#8221;.vc_custom_1648042464241{margin-bottom: 15px !important;padding-bottom: 0px !important;}&#8221; el_class=&#8221;filli_fake_h1&#8243;] Mi smo po\u0161teni. [\/vc_column_text][vc_column_text css=&#8221;.vc_custom_1648042479108{margin-top: 0px !important;padding-top: 0px !important;}&#8221; el_class=&#8221;filli_fake_h3&#8243;] Mi smo Filli Stahl. [\/vc_column_text][vc_column_text] Dajemo sve od sebe kako bismo na\u0161im kupcima pru\u017eili konkurentsku prednost! Na\u0161 primarni cilj je ponuditi na\u0161im kupcima odlu\u010duju\u0107e prednosti. To posti\u017eemo najsuvremenijom tehnologijom, strate\u0161kim planiranjem, maksimalnom u\u010dinkovito\u0161\u0107u i \u0161irokim asortimanom&hellip;<\/p>\n","protected":false},"author":1,"featured_media":0,"parent":0,"menu_order":24,"comment_status":"closed","ping_status":"closed","template":"","meta":{"inline_featured_image":false,"footnotes":""},"class_list":["post-6627","page","type-page","status-publish","hentry","description-off"],"yoast_head":"<!-- This site is optimized with the Yoast SEO Premium plugin v27.4 (Yoast SEO v27.4) - https:\/\/yoast.com\/product\/yoast-seo-premium-wordpress\/ -->\n<title>Op\u0107i uvjeti poslovanja - FIGO<\/title>\n<meta name=\"description\" content=\"Za informacije o kupnji, pla\u0107anju i uvjetima dostave molimo pogledajte na\u0161e uvjete i odredbe.\" \/>\n<meta name=\"robots\" content=\"index, follow, max-snippet:-1, max-image-preview:large, max-video-preview:-1\" \/>\n<link rel=\"canonical\" href=\"https:\/\/figo.at\/hr\/uvjeti-i-odredbe\/\" \/>\n<meta property=\"og:locale\" content=\"hr_HR\" \/>\n<meta property=\"og:type\" content=\"article\" \/>\n<meta property=\"og:title\" content=\"Uvjeti i odredbe\" \/>\n<meta property=\"og:description\" content=\"Za informacije o kupnji, pla\u0107anju i uvjetima dostave molimo pogledajte na\u0161e uvjete i odredbe.\" \/>\n<meta property=\"og:url\" content=\"https:\/\/figo.at\/hr\/uvjeti-i-odredbe\/\" \/>\n<meta property=\"og:site_name\" content=\"Figo Dach &amp; Fassade\" \/>\n<meta property=\"article:publisher\" content=\"https:\/\/www.facebook.com\/figodachundfassade\" \/>\n<meta property=\"article:modified_time\" content=\"2026-01-05T07:49:45+00:00\" \/>\n<meta property=\"og:image\" content=\"https:\/\/figo.at\/wp-content\/uploads\/2023\/10\/FIGO-Haus_Berge.jpg\" \/>\n\t<meta property=\"og:image:width\" content=\"1920\" \/>\n\t<meta property=\"og:image:height\" content=\"1080\" \/>\n\t<meta property=\"og:image:type\" content=\"image\/jpeg\" \/>\n<meta name=\"twitter:card\" content=\"summary_large_image\" \/>\n<meta name=\"twitter:label1\" content=\"Est. reading time\" \/>\n\t<meta name=\"twitter:data1\" content=\"10 minutes\" \/>\n<script type=\"application\/ld+json\" class=\"yoast-schema-graph\">{\"@context\":\"https:\\\/\\\/schema.org\",\"@graph\":[{\"@type\":\"WebPage\",\"@id\":\"https:\\\/\\\/figo.at\\\/hr\\\/uvjeti-i-odredbe\\\/\",\"url\":\"https:\\\/\\\/figo.at\\\/hr\\\/uvjeti-i-odredbe\\\/\",\"name\":\"Op\u0107i uvjeti poslovanja - FIGO\",\"isPartOf\":{\"@id\":\"https:\\\/\\\/figo.at\\\/hr\\\/#website\"},\"datePublished\":\"2025-11-10T12:14:58+00:00\",\"dateModified\":\"2026-01-05T07:49:45+00:00\",\"description\":\"Za informacije o kupnji, pla\u0107anju i uvjetima dostave molimo pogledajte na\u0161e uvjete i odredbe.\",\"breadcrumb\":{\"@id\":\"https:\\\/\\\/figo.at\\\/hr\\\/uvjeti-i-odredbe\\\/#breadcrumb\"},\"inLanguage\":\"hr-HR\",\"potentialAction\":[{\"@type\":\"ReadAction\",\"target\":[\"https:\\\/\\\/figo.at\\\/hr\\\/uvjeti-i-odredbe\\\/\"]}]},{\"@type\":\"BreadcrumbList\",\"@id\":\"https:\\\/\\\/figo.at\\\/hr\\\/uvjeti-i-odredbe\\\/#breadcrumb\",\"itemListElement\":[{\"@type\":\"ListItem\",\"position\":1,\"name\":\"Startseite\",\"item\":\"https:\\\/\\\/figo.at\\\/hr\\\/\"},{\"@type\":\"ListItem\",\"position\":2,\"name\":\"Uvjeti i odredbe\"}]},{\"@type\":\"WebSite\",\"@id\":\"https:\\\/\\\/figo.at\\\/hr\\\/#website\",\"url\":\"https:\\\/\\\/figo.at\\\/hr\\\/\",\"name\":\"Figo Dach & Fassade\",\"description\":\"Die Dach- und Fassadenplatte aus Stahl mit 40 Jahren Garantie\",\"publisher\":{\"@id\":\"https:\\\/\\\/figo.at\\\/hr\\\/#organization\"},\"potentialAction\":[{\"@type\":\"SearchAction\",\"target\":{\"@type\":\"EntryPoint\",\"urlTemplate\":\"https:\\\/\\\/figo.at\\\/hr\\\/?s={search_term_string}\"},\"query-input\":{\"@type\":\"PropertyValueSpecification\",\"valueRequired\":true,\"valueName\":\"search_term_string\"}}],\"inLanguage\":\"hr-HR\"},{\"@type\":\"Organization\",\"@id\":\"https:\\\/\\\/figo.at\\\/hr\\\/#organization\",\"name\":\"FILLI Stahlgro\u00dfhandelsgesellschaft mit beschr\u00e4nkter Haftung\",\"alternateName\":\"Figo Dach & Fassade\",\"url\":\"https:\\\/\\\/figo.at\\\/hr\\\/\",\"logo\":{\"@type\":\"ImageObject\",\"inLanguage\":\"hr-HR\",\"@id\":\"https:\\\/\\\/figo.at\\\/hr\\\/#\\\/schema\\\/logo\\\/image\\\/\",\"url\":\"https:\\\/\\\/figo.at\\\/wp-content\\\/uploads\\\/2023\\\/11\\\/figo-social.jpg\",\"contentUrl\":\"https:\\\/\\\/figo.at\\\/wp-content\\\/uploads\\\/2023\\\/11\\\/figo-social.jpg\",\"width\":1280,\"height\":720,\"caption\":\"FILLI Stahlgro\u00dfhandelsgesellschaft mit beschr\u00e4nkter Haftung\"},\"image\":{\"@id\":\"https:\\\/\\\/figo.at\\\/hr\\\/#\\\/schema\\\/logo\\\/image\\\/\"},\"sameAs\":[\"https:\\\/\\\/www.facebook.com\\\/figodachundfassade\",\"https:\\\/\\\/www.youtube.com\\\/channel\\\/UCo-aYJEemPKnMxxxWg2Em_Q\",\"https:\\\/\\\/www.linkedin.com\\\/company\\\/fillistahl\\\/\",\"https:\\\/\\\/www.instagram.com\\\/figodachundfassade\"],\"description\":\"Komplettl\u00f6sungen f\u00fcr Dach und Fassade samt umfangreichem Zubeh\u00f6r und vielf\u00e4ltigen Farb- und Designvarianten.\",\"email\":\"office@figo.at\",\"telephone\":\"+43 463 379703550\"}]}<\/script>\n<!-- \/ Yoast SEO Premium plugin. -->","yoast_head_json":{"title":"Op\u0107i uvjeti poslovanja - FIGO","description":"Za informacije o kupnji, pla\u0107anju i uvjetima dostave molimo pogledajte na\u0161e uvjete i odredbe.","robots":{"index":"index","follow":"follow","max-snippet":"max-snippet:-1","max-image-preview":"max-image-preview:large","max-video-preview":"max-video-preview:-1"},"canonical":"https:\/\/figo.at\/hr\/uvjeti-i-odredbe\/","og_locale":"hr_HR","og_type":"article","og_title":"Uvjeti i odredbe","og_description":"Za informacije o kupnji, pla\u0107anju i uvjetima dostave molimo pogledajte na\u0161e uvjete i odredbe.","og_url":"https:\/\/figo.at\/hr\/uvjeti-i-odredbe\/","og_site_name":"Figo Dach &amp; Fassade","article_publisher":"https:\/\/www.facebook.com\/figodachundfassade","article_modified_time":"2026-01-05T07:49:45+00:00","og_image":[{"width":1920,"height":1080,"url":"https:\/\/figo.at\/wp-content\/uploads\/2023\/10\/FIGO-Haus_Berge.jpg","type":"image\/jpeg"}],"twitter_card":"summary_large_image","twitter_misc":{"Est. reading time":"10 minutes"},"schema":{"@context":"https:\/\/schema.org","@graph":[{"@type":"WebPage","@id":"https:\/\/figo.at\/hr\/uvjeti-i-odredbe\/","url":"https:\/\/figo.at\/hr\/uvjeti-i-odredbe\/","name":"Op\u0107i uvjeti poslovanja - FIGO","isPartOf":{"@id":"https:\/\/figo.at\/hr\/#website"},"datePublished":"2025-11-10T12:14:58+00:00","dateModified":"2026-01-05T07:49:45+00:00","description":"Za informacije o kupnji, pla\u0107anju i uvjetima dostave molimo pogledajte na\u0161e uvjete i odredbe.","breadcrumb":{"@id":"https:\/\/figo.at\/hr\/uvjeti-i-odredbe\/#breadcrumb"},"inLanguage":"hr-HR","potentialAction":[{"@type":"ReadAction","target":["https:\/\/figo.at\/hr\/uvjeti-i-odredbe\/"]}]},{"@type":"BreadcrumbList","@id":"https:\/\/figo.at\/hr\/uvjeti-i-odredbe\/#breadcrumb","itemListElement":[{"@type":"ListItem","position":1,"name":"Startseite","item":"https:\/\/figo.at\/hr\/"},{"@type":"ListItem","position":2,"name":"Uvjeti i odredbe"}]},{"@type":"WebSite","@id":"https:\/\/figo.at\/hr\/#website","url":"https:\/\/figo.at\/hr\/","name":"Figo Dach & Fassade","description":"Die Dach- und Fassadenplatte aus Stahl mit 40 Jahren Garantie","publisher":{"@id":"https:\/\/figo.at\/hr\/#organization"},"potentialAction":[{"@type":"SearchAction","target":{"@type":"EntryPoint","urlTemplate":"https:\/\/figo.at\/hr\/?s={search_term_string}"},"query-input":{"@type":"PropertyValueSpecification","valueRequired":true,"valueName":"search_term_string"}}],"inLanguage":"hr-HR"},{"@type":"Organization","@id":"https:\/\/figo.at\/hr\/#organization","name":"FILLI Stahlgro\u00dfhandelsgesellschaft mit beschr\u00e4nkter Haftung","alternateName":"Figo Dach & Fassade","url":"https:\/\/figo.at\/hr\/","logo":{"@type":"ImageObject","inLanguage":"hr-HR","@id":"https:\/\/figo.at\/hr\/#\/schema\/logo\/image\/","url":"https:\/\/figo.at\/wp-content\/uploads\/2023\/11\/figo-social.jpg","contentUrl":"https:\/\/figo.at\/wp-content\/uploads\/2023\/11\/figo-social.jpg","width":1280,"height":720,"caption":"FILLI Stahlgro\u00dfhandelsgesellschaft mit beschr\u00e4nkter Haftung"},"image":{"@id":"https:\/\/figo.at\/hr\/#\/schema\/logo\/image\/"},"sameAs":["https:\/\/www.facebook.com\/figodachundfassade","https:\/\/www.youtube.com\/channel\/UCo-aYJEemPKnMxxxWg2Em_Q","https:\/\/www.linkedin.com\/company\/fillistahl\/","https:\/\/www.instagram.com\/figodachundfassade"],"description":"Komplettl\u00f6sungen f\u00fcr Dach und Fassade samt umfangreichem Zubeh\u00f6r und vielf\u00e4ltigen Farb- und Designvarianten.","email":"office@figo.at","telephone":"+43 463 379703550"}]}},"_links":{"self":[{"href":"https:\/\/figo.at\/hr\/wp-json\/wp\/v2\/pages\/6627","targetHints":{"allow":["GET"]}}],"collection":[{"href":"https:\/\/figo.at\/hr\/wp-json\/wp\/v2\/pages"}],"about":[{"href":"https:\/\/figo.at\/hr\/wp-json\/wp\/v2\/types\/page"}],"author":[{"embeddable":true,"href":"https:\/\/figo.at\/hr\/wp-json\/wp\/v2\/users\/1"}],"replies":[{"embeddable":true,"href":"https:\/\/figo.at\/hr\/wp-json\/wp\/v2\/comments?post=6627"}],"version-history":[{"count":9,"href":"https:\/\/figo.at\/hr\/wp-json\/wp\/v2\/pages\/6627\/revisions"}],"predecessor-version":[{"id":8069,"href":"https:\/\/figo.at\/hr\/wp-json\/wp\/v2\/pages\/6627\/revisions\/8069"}],"wp:attachment":[{"href":"https:\/\/figo.at\/hr\/wp-json\/wp\/v2\/media?parent=6627"}],"curies":[{"name":"wp","href":"https:\/\/api.w.org\/{rel}","templated":true}]}}