{"id":6665,"date":"2025-11-10T13:14:58","date_gmt":"2025-11-10T12:15:07","guid":{"rendered":"https:\/\/figo.at\/otisak\/"},"modified":"2026-01-05T08:45:52","modified_gmt":"2026-01-05T07:45:52","slug":"otisak","status":"publish","type":"page","link":"https:\/\/figo.at\/hr\/otisak\/","title":{"rendered":"Otisak"},"content":{"rendered":"<div class=\"wpb-content-wrapper\"><p>[vc_row][vc_column]<div class=\"filli_contentbox filli_contentbox_mini_font\" id=\"\" ><div class=\"filli_contentbox_content image_false\"><h3>Otisak<\/h3><p><strong>Izdava\u010d i osoba odgovorna za sadr\u017eaj u skladu s \u00a75 ECG-a:<br \/>\n<\/strong> FILLI Veleprodaja \u010delika s ograni\u010denom odgovorno\u0161\u0107u<br \/>\nSchr\u00f6dingerstra\u00dfe 5<br \/>\nA-9020 Klagenfurt<\/p>\n<p>Tel.: <a href=\"tel:004346337970\">+43 (0)463 379 70<\/a><br \/>\nE-po\u0161ta: <a href=\"mailto:office@fillistahl.at\">office@fillistahl.at<\/a><br \/>\nWeb stranica: <a href=\"https:\/\/figo.at\/hr\/\">www.fillistahl.at<\/a><\/p>\n<p>Generalni direktor: Dr. Joachim Augustin<br \/>\nNadzorno tijelo: Koru\u0161ka gospodarska komora<br \/>\nMati\u010dni broj tvrtke: 51938f<br \/>\nTrgova\u010dki registarski sud: Zemaljski sud u Klagenfurtu<br \/>\nPDV broj: ATU 28789807<\/p>\n<p><strong>Slike<\/strong><br \/>\n\u00a9 Daniel Waschnig, Stefan Kobald, Filli Stahl, iStockphoto.com<\/p>\n<p><strong>Odricanje<\/strong><br \/>\nUnato\u010d pa\u017eljivom pregledu sadr\u017eaja, ne preuzimamo nikakvu odgovornost za sadr\u017eaj vanjskih poveznica. Operateri povezanih web-stranica isklju\u010divo su odgovorni za njihov sadr\u017eaj.<\/p>\n<p><strong>Dizajn i programiranje<\/strong><br \/>\n<a href=\"https:\/\/www.smartlake.media\/\" target=\"_blank\" rel=\"noopener\">Smartlake Media<\/a><\/p>\n<\/div><\/div>[\/vc_column][\/vc_row]<\/p>\n<\/div>","protected":false},"excerpt":{"rendered":"<p>[vc_row][vc_column][\/vc_column][\/vc_row]<\/p>\n","protected":false},"author":1,"featured_media":0,"parent":0,"menu_order":13,"comment_status":"closed","ping_status":"closed","template":"","meta":{"inline_featured_image":false,"footnotes":""},"class_list":["post-6665","page","type-page","status-publish","hentry","description-off"],"yoast_head":"<!-- This site is optimized with the Yoast SEO Premium plugin v27.4 (Yoast SEO v27.4) - https:\/\/yoast.com\/product\/yoast-seo-premium-wordpress\/ -->\n<title>Otisak - FIGO<\/title>\n<meta name=\"description\" content=\"Ovdje \u0107ete prona\u0107i pravne informacije i kontaktne podatke. Rado \u0107emo vam pomo\u0107i.\" \/>\n<meta name=\"robots\" content=\"index, follow, max-snippet:-1, max-image-preview:large, max-video-preview:-1\" \/>\n<link rel=\"canonical\" href=\"https:\/\/figo.at\/hr\/otisak\/\" \/>\n<meta property=\"og:locale\" content=\"hr_HR\" \/>\n<meta property=\"og:type\" content=\"article\" \/>\n<meta property=\"og:title\" content=\"Otisak\" \/>\n<meta property=\"og:description\" content=\"Ovdje \u0107ete prona\u0107i pravne informacije i kontaktne podatke. Rado \u0107emo vam pomo\u0107i.\" \/>\n<meta property=\"og:url\" content=\"https:\/\/figo.at\/hr\/otisak\/\" \/>\n<meta property=\"og:site_name\" content=\"Figo Dach &amp; Fassade\" \/>\n<meta property=\"article:publisher\" content=\"https:\/\/www.facebook.com\/figodachundfassade\" \/>\n<meta property=\"article:modified_time\" content=\"2026-01-05T07:45:52+00:00\" \/>\n<meta property=\"og:image\" content=\"https:\/\/figo.at\/wp-content\/uploads\/2023\/10\/FIGO-Haus_Berge.jpg\" \/>\n\t<meta property=\"og:image:width\" content=\"1920\" \/>\n\t<meta property=\"og:image:height\" content=\"1080\" \/>\n\t<meta property=\"og:image:type\" content=\"image\/jpeg\" \/>\n<meta name=\"twitter:card\" content=\"summary_large_image\" \/>\n<meta name=\"twitter:label1\" content=\"Est. reading time\" \/>\n\t<meta name=\"twitter:data1\" content=\"1 minute\" \/>\n<script type=\"application\/ld+json\" class=\"yoast-schema-graph\">{\"@context\":\"https:\\\/\\\/schema.org\",\"@graph\":[{\"@type\":\"WebPage\",\"@id\":\"https:\\\/\\\/figo.at\\\/hr\\\/otisak\\\/\",\"url\":\"https:\\\/\\\/figo.at\\\/hr\\\/otisak\\\/\",\"name\":\"Otisak - FIGO\",\"isPartOf\":{\"@id\":\"https:\\\/\\\/figo.at\\\/hr\\\/#website\"},\"datePublished\":\"2025-11-10T12:15:07+00:00\",\"dateModified\":\"2026-01-05T07:45:52+00:00\",\"description\":\"Ovdje \u0107ete prona\u0107i pravne informacije i kontaktne podatke. Rado \u0107emo vam pomo\u0107i.\",\"breadcrumb\":{\"@id\":\"https:\\\/\\\/figo.at\\\/hr\\\/otisak\\\/#breadcrumb\"},\"inLanguage\":\"hr-HR\",\"potentialAction\":[{\"@type\":\"ReadAction\",\"target\":[\"https:\\\/\\\/figo.at\\\/hr\\\/otisak\\\/\"]}]},{\"@type\":\"BreadcrumbList\",\"@id\":\"https:\\\/\\\/figo.at\\\/hr\\\/otisak\\\/#breadcrumb\",\"itemListElement\":[{\"@type\":\"ListItem\",\"position\":1,\"name\":\"Startseite\",\"item\":\"https:\\\/\\\/figo.at\\\/hr\\\/\"},{\"@type\":\"ListItem\",\"position\":2,\"name\":\"Otisak\"}]},{\"@type\":\"WebSite\",\"@id\":\"https:\\\/\\\/figo.at\\\/hr\\\/#website\",\"url\":\"https:\\\/\\\/figo.at\\\/hr\\\/\",\"name\":\"Figo Dach & Fassade\",\"description\":\"Die Dach- und Fassadenplatte aus Stahl mit 40 Jahren Garantie\",\"publisher\":{\"@id\":\"https:\\\/\\\/figo.at\\\/hr\\\/#organization\"},\"potentialAction\":[{\"@type\":\"SearchAction\",\"target\":{\"@type\":\"EntryPoint\",\"urlTemplate\":\"https:\\\/\\\/figo.at\\\/hr\\\/?s={search_term_string}\"},\"query-input\":{\"@type\":\"PropertyValueSpecification\",\"valueRequired\":true,\"valueName\":\"search_term_string\"}}],\"inLanguage\":\"hr-HR\"},{\"@type\":\"Organization\",\"@id\":\"https:\\\/\\\/figo.at\\\/hr\\\/#organization\",\"name\":\"FILLI Stahlgro\u00dfhandelsgesellschaft mit beschr\u00e4nkter Haftung\",\"alternateName\":\"Figo Dach & Fassade\",\"url\":\"https:\\\/\\\/figo.at\\\/hr\\\/\",\"logo\":{\"@type\":\"ImageObject\",\"inLanguage\":\"hr-HR\",\"@id\":\"https:\\\/\\\/figo.at\\\/hr\\\/#\\\/schema\\\/logo\\\/image\\\/\",\"url\":\"https:\\\/\\\/figo.at\\\/wp-content\\\/uploads\\\/2023\\\/11\\\/figo-social.jpg\",\"contentUrl\":\"https:\\\/\\\/figo.at\\\/wp-content\\\/uploads\\\/2023\\\/11\\\/figo-social.jpg\",\"width\":1280,\"height\":720,\"caption\":\"FILLI Stahlgro\u00dfhandelsgesellschaft mit beschr\u00e4nkter Haftung\"},\"image\":{\"@id\":\"https:\\\/\\\/figo.at\\\/hr\\\/#\\\/schema\\\/logo\\\/image\\\/\"},\"sameAs\":[\"https:\\\/\\\/www.facebook.com\\\/figodachundfassade\",\"https:\\\/\\\/www.youtube.com\\\/channel\\\/UCo-aYJEemPKnMxxxWg2Em_Q\",\"https:\\\/\\\/www.linkedin.com\\\/company\\\/fillistahl\\\/\",\"https:\\\/\\\/www.instagram.com\\\/figodachundfassade\"],\"description\":\"Komplettl\u00f6sungen f\u00fcr Dach und Fassade samt umfangreichem Zubeh\u00f6r und vielf\u00e4ltigen Farb- und Designvarianten.\",\"email\":\"office@figo.at\",\"telephone\":\"+43 463 379703550\"}]}<\/script>\n<!-- \/ Yoast SEO Premium plugin. -->","yoast_head_json":{"title":"Otisak - FIGO","description":"Ovdje \u0107ete prona\u0107i pravne informacije i kontaktne podatke. Rado \u0107emo vam pomo\u0107i.","robots":{"index":"index","follow":"follow","max-snippet":"max-snippet:-1","max-image-preview":"max-image-preview:large","max-video-preview":"max-video-preview:-1"},"canonical":"https:\/\/figo.at\/hr\/otisak\/","og_locale":"hr_HR","og_type":"article","og_title":"Otisak","og_description":"Ovdje \u0107ete prona\u0107i pravne informacije i kontaktne podatke. Rado \u0107emo vam pomo\u0107i.","og_url":"https:\/\/figo.at\/hr\/otisak\/","og_site_name":"Figo Dach &amp; Fassade","article_publisher":"https:\/\/www.facebook.com\/figodachundfassade","article_modified_time":"2026-01-05T07:45:52+00:00","og_image":[{"width":1920,"height":1080,"url":"https:\/\/figo.at\/wp-content\/uploads\/2023\/10\/FIGO-Haus_Berge.jpg","type":"image\/jpeg"}],"twitter_card":"summary_large_image","twitter_misc":{"Est. reading time":"1 minute"},"schema":{"@context":"https:\/\/schema.org","@graph":[{"@type":"WebPage","@id":"https:\/\/figo.at\/hr\/otisak\/","url":"https:\/\/figo.at\/hr\/otisak\/","name":"Otisak - FIGO","isPartOf":{"@id":"https:\/\/figo.at\/hr\/#website"},"datePublished":"2025-11-10T12:15:07+00:00","dateModified":"2026-01-05T07:45:52+00:00","description":"Ovdje \u0107ete prona\u0107i pravne informacije i kontaktne podatke. Rado \u0107emo vam pomo\u0107i.","breadcrumb":{"@id":"https:\/\/figo.at\/hr\/otisak\/#breadcrumb"},"inLanguage":"hr-HR","potentialAction":[{"@type":"ReadAction","target":["https:\/\/figo.at\/hr\/otisak\/"]}]},{"@type":"BreadcrumbList","@id":"https:\/\/figo.at\/hr\/otisak\/#breadcrumb","itemListElement":[{"@type":"ListItem","position":1,"name":"Startseite","item":"https:\/\/figo.at\/hr\/"},{"@type":"ListItem","position":2,"name":"Otisak"}]},{"@type":"WebSite","@id":"https:\/\/figo.at\/hr\/#website","url":"https:\/\/figo.at\/hr\/","name":"Figo Dach & Fassade","description":"Die Dach- und Fassadenplatte aus Stahl mit 40 Jahren Garantie","publisher":{"@id":"https:\/\/figo.at\/hr\/#organization"},"potentialAction":[{"@type":"SearchAction","target":{"@type":"EntryPoint","urlTemplate":"https:\/\/figo.at\/hr\/?s={search_term_string}"},"query-input":{"@type":"PropertyValueSpecification","valueRequired":true,"valueName":"search_term_string"}}],"inLanguage":"hr-HR"},{"@type":"Organization","@id":"https:\/\/figo.at\/hr\/#organization","name":"FILLI Stahlgro\u00dfhandelsgesellschaft mit beschr\u00e4nkter Haftung","alternateName":"Figo Dach & Fassade","url":"https:\/\/figo.at\/hr\/","logo":{"@type":"ImageObject","inLanguage":"hr-HR","@id":"https:\/\/figo.at\/hr\/#\/schema\/logo\/image\/","url":"https:\/\/figo.at\/wp-content\/uploads\/2023\/11\/figo-social.jpg","contentUrl":"https:\/\/figo.at\/wp-content\/uploads\/2023\/11\/figo-social.jpg","width":1280,"height":720,"caption":"FILLI Stahlgro\u00dfhandelsgesellschaft mit beschr\u00e4nkter Haftung"},"image":{"@id":"https:\/\/figo.at\/hr\/#\/schema\/logo\/image\/"},"sameAs":["https:\/\/www.facebook.com\/figodachundfassade","https:\/\/www.youtube.com\/channel\/UCo-aYJEemPKnMxxxWg2Em_Q","https:\/\/www.linkedin.com\/company\/fillistahl\/","https:\/\/www.instagram.com\/figodachundfassade"],"description":"Komplettl\u00f6sungen f\u00fcr Dach und Fassade samt umfangreichem Zubeh\u00f6r und vielf\u00e4ltigen Farb- und Designvarianten.","email":"office@figo.at","telephone":"+43 463 379703550"}]}},"_links":{"self":[{"href":"https:\/\/figo.at\/hr\/wp-json\/wp\/v2\/pages\/6665","targetHints":{"allow":["GET"]}}],"collection":[{"href":"https:\/\/figo.at\/hr\/wp-json\/wp\/v2\/pages"}],"about":[{"href":"https:\/\/figo.at\/hr\/wp-json\/wp\/v2\/types\/page"}],"author":[{"embeddable":true,"href":"https:\/\/figo.at\/hr\/wp-json\/wp\/v2\/users\/1"}],"replies":[{"embeddable":true,"href":"https:\/\/figo.at\/hr\/wp-json\/wp\/v2\/comments?post=6665"}],"version-history":[{"count":3,"href":"https:\/\/figo.at\/hr\/wp-json\/wp\/v2\/pages\/6665\/revisions"}],"predecessor-version":[{"id":8067,"href":"https:\/\/figo.at\/hr\/wp-json\/wp\/v2\/pages\/6665\/revisions\/8067"}],"wp:attachment":[{"href":"https:\/\/figo.at\/hr\/wp-json\/wp\/v2\/media?parent=6665"}],"curies":[{"name":"wp","href":"https:\/\/api.w.org\/{rel}","templated":true}]}}