{"id":6689,"date":"2025-11-10T13:14:58","date_gmt":"2025-11-10T12:35:57","guid":{"rendered":"https:\/\/figo.at\/progoniti\/"},"modified":"2026-01-05T09:22:42","modified_gmt":"2026-01-05T08:22:42","slug":"progoniti","status":"publish","type":"page","link":"https:\/\/figo.at\/hr\/progoniti\/","title":{"rendered":"Progoniti"},"content":{"rendered":"<div class=\"wpb-content-wrapper\"><p>[vc_row full_width=&#8221;stretch_row_content&#8221; content_placement=&#8221;middle&#8221; css=&#8221;.vc_custom_1674551357224{background-image: url(https:\/\/figo.at\/wp-content\/uploads\/2022\/06\/filli-stahl-zentrale-klagenfurt-1.jpg?id=1298) !important;background-position: center !important;background-repeat: no-repeat !important;background-size: cover !important;}&#8221;][vc_column][vc_empty_space height=&#8221;450px&#8221;][\/vc_column][\/vc_row][vc_row][vc_column][vc_empty_space][vc_column_text]<\/p>\n<h1 style=\"text-align: center; text-decoration: underline;\">\u010cELIK FILLI<\/h1>\n<p>[\/vc_column_text][vc_empty_space][\/vc_column][\/vc_row][vc_row full_width=&#8221;stretch_row_content&#8221; gap=&#8221;10&#8243;][vc_column width=&#8221;1\/6&#8243;][\/vc_column][vc_column width=&#8221;4\/6&#8243;][vc_column_text]<\/p>\n<h2 style=\"text-align: left;\">POVIJEST TVRTKE BOGATA TRADICIJOM<\/h2>\n<p style=\"text-align: justify;\">Dajemo sve od sebe kako bismo na\u0161im kupcima pru\u017eili konkurentsku prednost! Na\u0161 primarni cilj je ponuditi na\u0161im kupcima odlu\u010duju\u0107e prednosti . To posti\u017eemo najsuvremenijom tehnologijom, strate\u0161kim planiranjem, maksimalnom u\u010dinkovito\u0161\u0107u i \u0161irokim asortimanom proizvoda.<\/p>\n<p style=\"text-align: justify;\">Na\u0161a snaga temelji se na \u010dvrstim temeljima na\u0161e <strong>vi\u0161e od 130 godina duge povijesti tvrtke<\/strong> , na\u0161oj stru\u010dnosti i <strong>na\u0161im profesionalnim i visokokvalificiranim zaposlenicima<\/strong> . Na\u0161a predanost kontinuiranom pobolj\u0161anju odra\u017eava se i u na\u0161im inovativnim pristupima usluzi, obradi i <strong>inovativnom asortimanu proizvoda<\/strong> .<\/p>\n<p style=\"text-align: justify;\">Kontinuirano \u0161irenje opse\u017enog stru\u010dnog i proizvodnog znanja dovelo je do inovativnih tehnika obrade i \u0161irokog asortimana proizvoda, kao i razvoja vlastitih krovnih marki tvrtke Filli Stahl. Na taj je na\u010din Filli Stahl postigao maksimalnu fleksibilnost i kontinuirani razvoj na apsolutno visokoj razini.<\/p>\n<p style=\"text-align: justify;\">Najsuvremeniji laserski sustavi, pre\u0161e za savijanje, inovativne tehnike obrade, ogroman asortiman proizvoda i zaliha, kao i visoka razina predanosti performansama osiguravaju visoko zadovoljstvo kupaca.<\/p>\n<p style=\"text-align: justify;\">Neprestano se trudimo pru\u017eiti <strong>apsolutnu kvalitetu<\/strong> na\u0161im kupcima na svakoj razini kroz djela i \u010dinjenice. Filli Stahl impresionira svojom profesionalno\u0161\u0107u; ovdje dobivate sve iz jednog izvora, s <strong>kvalitetom do najsitnijeg detalja!<\/strong><\/p>\n<p style=\"text-align: justify;\">Usredoto\u010deni smo na kontinuirani razvoj i mo\u017eemo se osloniti na sna\u017ene temelje povijesti tvrtke koja se\u017ee unatrag vi\u0161e od 130 godina. S na\u0161ih otprilike 350 zaposlenika danas smo <strong>jedna od vode\u0107ih tvrtki u Austriji u podru\u010djima trgovine \u010delikom, prerade \u010delika i prodaje proizvoda od lima.<\/strong><\/p>\n<p>[\/vc_column_text][\/vc_column][vc_column width=&#8221;1\/6&#8243;][\/vc_column][\/vc_row][vc_row full_width=&#8221;stretch_row_content&#8221; gap=&#8221;10&#8243;][vc_column width=&#8221;1\/6&#8243;][\/vc_column][vc_column width=&#8221;4\/6&#8243;][vc_single_image image=&#8221;26&#8243; onclick=&#8221;custom_link&#8221; img_link_target=&#8221;_blank&#8221; link=&#8221;https:\/\/www.fillistahl.at\/&#8221;][\/vc_column][vc_column width=&#8221;1\/6&#8243;][\/vc_column][\/vc_row][vc_row full_width=&#8221;stretch_row_content&#8221; gap=&#8221;10&#8243;][vc_column width=&#8221;1\/6&#8243;][\/vc_column][vc_column width=&#8221;4\/6&#8243;][vc_column_text]<\/p>\n<h2 style=\"text-align: left;\">NA\u0160IM KUPCIMA NUDIMO JASNE PREDNOSTI<\/h2>\n<p style=\"text-align: justify;\">Nudimo profesionalna rje\u0161enja u sektorima \u010delika, lasera i lima, uklju\u010duju\u0107i objedinjeno stru\u010dno znanje u raznim specijaliziranim podru\u010djima. To nam omogu\u0107uje jo\u0161 fleksibilnije reagiranje i jo\u0161 u\u010dinkovitiji rad. Na\u0161a dva odjela, stru\u010dnjaci za \u010delik i stru\u010dnjaci za krovove, nude na\u0161im klijentima jedinstvenu paletu usluga i proizvoda koji su zaista neusporedivi na austrijskom tr\u017ei\u0161tu.<\/p>\n<p style=\"text-align: left;\"><strong>U Filli Stahlu dobivate sve na jednom mjestu!<\/strong><\/p>\n<p>[\/vc_column_text][\/vc_column][vc_column width=&#8221;1\/6&#8243;][\/vc_column][\/vc_row][vc_row][vc_column offset=&#8221;vc_hidden-sm vc_hidden-xs&#8221;][vc_empty_space][\/vc_column][\/vc_row][vc_row full_width=&#8221;stretch_row_content_no_spaces&#8221; css=&#8221;.vc_custom_1672230011014{background-color: #1d5b89 !important;}&#8221;][vc_column][vc_column_text css=&#8221;.vc_custom_1767601348163{margin-bottom: 15px !important;padding-bottom: 0px !important;}&#8221; el_class=&#8221;filli_fake_h1 frontpage_h1&#8243;]<\/p>\n<h2 style=\"text-align: center; text-decoration: underline;\"><span style=\"color: #ffffff; text-decoration: underline;\">#MiSmoFilliStahl<\/span><\/h2>\n<p>[\/vc_column_text][vc_empty_space][vc_video link=&#8221;https:\/\/youtube.com\/watch?v=orIQau4TKMk&#8221; el_width=&#8221;60&#8243; align=&#8221;center&#8221; css=&#8221;&#8221;][\/vc_column][\/vc_row][vc_row][vc_column offset=&#8221;vc_hidden-sm vc_hidden-xs&#8221;][vc_empty_space][\/vc_column][\/vc_row][vc_row full_width=&#8221;stretch_row_content&#8221; gap=&#8221;10&#8243;][vc_column width=&#8221;1\/6&#8243;][\/vc_column][vc_column width=&#8221;3\/6&#8243;][vc_column_text]<\/p>\n<h3 class=\"color\">Sjedi\u0161te FIGO-a u Klagenfurtu<\/h3>\n<p class=\"color\"><strong>Filli Stahl Gro\u00dfhandelsgmbH<\/strong><br \/>\nSchr\u00f6dingerstra\u00dfe 5, 9020 Klagenfurt<br \/>\nTel.: +43 (0)463 \/ 37970-3550<br \/>\nFaks: +43 (0)463 \/ 37970-3590<br \/>\n<a href=\"mailto:office@figo.at\" target=\"_blank\" rel=\"noopener noreferrer\">office@figo.at<\/a><\/p>\n<p style=\"text-align: justify;\">Novoizgra\u0111eno sjedi\u0161te tvrtke <strong>FILLI STAHL<\/strong> , dovr\u0161eno 2016. godine, pru\u017ea potreban prostor za budu\u0107nost, a ujedno je i sjedi\u0161te tvrtke <strong>FIGO DACH &amp; FASSADE<\/strong> . Nova uredska zgrada dugogodi\u0161nje koru\u0161ke tvrtke nalazi se u srcu poslovnih prostora tvrtke <strong>FILLI STAHL<\/strong> u Klagenfurtu.<\/p>\n<p>[\/vc_column_text][\/vc_column][vc_column width=&#8221;1\/6&#8243;][vc_empty_space][vc_single_image image=&#8221;6693&#8243; img_size=&#8221;medium&#8221; alignment=&#8221;right&#8221;][\/vc_column][vc_column width=&#8221;1\/6&#8243;][\/vc_column][\/vc_row][vc_row full_width=&#8221;stretch_row_content&#8221; gap=&#8221;10&#8243;][vc_column width=&#8221;1\/6&#8243;][\/vc_column][vc_column width=&#8221;3\/6&#8243;][vc_column_text]<\/p>\n<h3 class=\"color\">FIGO Production Scheifling<\/h3>\n<p class=\"color\">Filli Stahl GesmbH. Stru\u010dnjak za krovove<br \/>\nNeumarkterstra\u00dfe 10, 8811 Scheifling<br \/>\nTel.: +43 (0)463 \/ 37970-3550<br \/>\nFaks: +43 (0)463 \/ 37970-3590<br \/>\n<a href=\"mailto:technik@figo.at\">technik@figo.at<\/a><\/p>\n<p style=\"text-align: justify;\">Akvizicijom proizvodnog pogona u Scheiflingu 2014. godine, poduzeti su prvi koraci za otvaranje novih tr\u017ei\u0161ta za <strong>FILLI STAHL<\/strong> s proizvodnim pogonom za krovne panele <strong>FIGO AMADE<\/strong> . Na lokaciji je izgra\u0111en najsuvremeniji pogon za industrijsku proizvodnju krovnih panela. Potpuno automatizirani proizvodni proces podr\u017eava sofisticirana infrastruktura i opskrbljuje se \u0161irokim rasponom sirovina putem novog visokoregalnog skladi\u0161ta.<\/p>\n<p>[\/vc_column_text][\/vc_column][vc_column width=&#8221;1\/6&#8243;][vc_empty_space][vc_single_image image=&#8221;6691&#8243; img_size=&#8221;medium&#8221; alignment=&#8221;right&#8221;][\/vc_column][vc_column width=&#8221;1\/6&#8243;][\/vc_column][\/vc_row][vc_row full_width=&#8221;stretch_row_content&#8221; gap=&#8221;10&#8243;][vc_column width=&#8221;1\/6&#8243;][\/vc_column][vc_column width=&#8221;3\/6&#8243;][vc_column_text]<\/p>\n<h3>FIGO kampus Scheifling<\/h3>\n<p>Filli Stahl GesmbH. Stru\u010dnjak za krovove<br \/>\nNeumarkterstra\u00dfe 10, 8811 Scheifling<br \/>\nTel.: +43 (0)463 \/ 37970-3550<br \/>\nFaks: +43 (0)463 \/ 37970-3590<br \/>\n<a href=\"mailto:technik@figo.at\">technik@figo.at<\/a><\/p>\n<p style=\"text-align: justify;\">Visokokvalitetna izrada nam je glavni prioritet i ujedno je osnova za na\u0161e 40-godi\u0161nje jamstvo.<br \/>\nObe\u0107avamo. <strong>FIGO kampus<\/strong> je osmi\u0161ljen kao centar za obuku krovopokriva\u010da i limara. U teorijskoj u\u010dionici imamo na raspolaganju najsuvremeniju opremu za prezentacije koja jasno ilustrira va\u017ene detalje.<\/p>\n<p style=\"text-align: justify;\">U\u010denje kroz praksu je svakodnevnica u prakti\u010dnoj u\u010dionici, gdje se, pod stru\u010dnim vodstvom na\u0161eg majstora vodoinstalatera i krovopokriva\u010da, raspravlja i provodi se o svim koracima uputa za ugradnju <strong>FIGO AMADE<\/strong> . Jedinstveni sustav je dizajniran kao modularna jedinica i impresionira svojim izuzetno jednostavnim koracima ugradnje.<\/p>\n<p>[\/vc_column_text][\/vc_column][vc_column width=&#8221;1\/6&#8243;][vc_empty_space][vc_single_image image=&#8221;4726&#8243; img_size=&#8221;medium&#8221; alignment=&#8221;right&#8221;][\/vc_column][vc_column width=&#8221;1\/6&#8243;][\/vc_column][\/vc_row][vc_row full_width=&#8221;stretch_row_content&#8221; gap=&#8221;10&#8243;][vc_column width=&#8221;1\/6&#8243;][\/vc_column][vc_column width=&#8221;4\/6&#8243;][vc_column_text]<\/p>\n<h3>Prodajno podru\u010dje<\/h3>\n<p>[\/vc_column_text][vc_single_image image=&#8221;6697&#8243; img_size=&#8221;full&#8221;][\/vc_column][vc_column width=&#8221;1\/6&#8243;][\/vc_column][\/vc_row][vc_row full_width=&#8221;stretch_row_content&#8221; gap=&#8221;10&#8243;][vc_column width=&#8221;1\/6&#8243;][\/vc_column][vc_column width=&#8221;2\/6&#8243;][vc_column_text]<\/p>\n<h3>Lokacije<\/h3>\n<p>[\/vc_column_text][\/vc_column][vc_column width=&#8221;2\/6&#8243;][\/vc_column][vc_column width=&#8221;1\/6&#8243;][\/vc_column][\/vc_row][vc_row full_width=&#8221;stretch_row_content&#8221; gap=&#8221;10&#8243;][vc_column width=&#8221;1\/6&#8243;][\/vc_column][vc_column width=&#8221;2\/6&#8243;][vc_column_text]<\/p>\n<h4>FILLI STAHL GESMBH DACHPROFI KLAGENFURT<\/h4>\n<p>Schr\u00f6dingerstra\u00dfe 5, 9020 Klagenfurt<br \/>\nT. + 43 (0)463 \/ 37970<br \/>\nF. + 43 (0)463 \/ 37970-3326<br \/>\n<a href=\"mailto:dachprofi@fillistahl.at\">dachprofi@fillistahl.at<\/a>[\/vc_column_text][\/vc_column][vc_column width=&#8221;2\/6&#8243;][vc_column_text]<\/p>\n<h4>FILLI STAHL GESMBH DACHPROFI GRAZ<\/h4>\n<p>Triesterstra\u00dfe 488, 8055 Graz<br \/>\nT. + 43 (0)316 \/ 291396<br \/>\nF. + 43 (0)316 \/ 291396-1804<br \/>\n<a href=\"mailto:dachprofi.graz@fillistahl.at\">dachprofi.graz@fillistahl.at<\/a>[\/vc_column_text][\/vc_column][vc_column width=&#8221;1\/6&#8243;][\/vc_column][\/vc_row][vc_row full_width=&#8221;stretch_row_content&#8221; gap=&#8221;10&#8243;][vc_column width=&#8221;1\/6&#8243;][\/vc_column][vc_column width=&#8221;2\/6&#8243;][vc_column_text]<\/p>\n<h4>FILLI STAHL GESMBH DACHPROFI WIEN<\/h4>\n<p>Seitenhafenstra\u00dfe 7, 1020 Be\u010d<br \/>\nT. + 43 (0)1 \/ 7203737<br \/>\nF. + 43 (0)1 \/ 7203737-7800<br \/>\n<a href=\"mailto:dachprofi.wien@fillistahl.at\">dachprofi.wien@fillistahl.at<\/a>[\/vc_column_text][\/vc_column][vc_column width=&#8221;2\/6&#8243;][vc_column_text]<\/p>\n<h4>FILLI STAHL GESMBH DACHPROFI WELS<\/h4>\n<p>Ginzkeystra\u00dfe 2, 4600 Wels<br \/>\nT. + 43 (0)7242 \/ 252 496<br \/>\nF. + 43 (0)7242 \/ 252 536<br \/>\n<a href=\"mailto:dachprofi.wels@fillistahl.at\">dachprofi.wels@fillistahl.at<\/a>[\/vc_column_text][\/vc_column][vc_column width=&#8221;1\/6&#8243;][\/vc_column][\/vc_row][vc_row full_width=&#8221;stretch_row_content&#8221; gap=&#8221;10&#8243;][vc_column width=&#8221;1\/6&#8243;][\/vc_column][vc_column width=&#8221;2\/6&#8243;][vc_column_text]<\/p>\n<h4>FILLI STAHL GESMBH DACHPROFI TIROL<\/h4>\n<p>M\u00fchltal 4, 6305 Itter<br \/>\nT. + 43 (0)5332 \/ 733 00<br \/>\n<a href=\"mailto:dachprofi.tirol@fillistahl.at\">dachprofi.tirol@fillistahl.at<\/a>[\/vc_column_text][\/vc_column][vc_column width=&#8221;2\/6&#8243;][vc_column_text]<\/p>\n<h4>FILLI STAHL GESMBH DACHPROFI SCHEIFLING<\/h4>\n<p>Neumarkter Str. 10, 8811 Scheifling<br \/>\nT. <a href=\"tel:+43533273300\" data-wpel-link=\"internal\">+43 463 379 70<\/a><br \/>\n<a href=\"mailto:office@fillistahl.at\">ured@fillistahl.at<\/a>[\/vc_column_text][\/vc_column][vc_column width=&#8221;1\/6&#8243;][\/vc_column][\/vc_row][vc_row full_width=&#8221;stretch_row_content&#8221; gap=&#8221;10&#8243;][vc_column width=&#8221;1\/6&#8243;][\/vc_column][vc_column width=&#8221;2\/6&#8243;][vc_column_text]<\/p>\n<h4>FILLI STAHL GESMBH CENTRALNO SKLADI\u0160TE POGGERSDORF<\/h4>\n<p>Wirtschaftspark 7, 9130 Poggersdorf<br \/>\nT. <a href=\"tel:0043463379703376\" data-wpel-link=\"internal\">+43 463 379 3376<\/a><br \/>\n<a href=\"mailto:office@fillistahl.at\">ured@fillistahl.at<\/a>[\/vc_column_text][\/vc_column][vc_column width=&#8221;2\/6&#8243;][vc_column_text]<\/p>\n<h4>FILLI STAHL DOO KROVOPOKROVNI RADOVI ZAGREB<\/h4>\n<p>Savska ul. 114, 10360, Hru\u0161\u0107ica<br \/>\nT. +385 1 6439 340<br \/>\n<a href=\"mailto:office@fillistahl.hr\">ured@fillistahl.hr<\/a>[\/vc_column_text][\/vc_column][vc_column width=&#8221;1\/6&#8243;][\/vc_column][\/vc_row][vc_row full_width=&#8221;stretch_row_content&#8221; gap=&#8221;10&#8243;][vc_column width=&#8221;1\/6&#8243;][\/vc_column][vc_column width=&#8221;2\/6&#8243;][vc_column_text]<\/p>\n<h4>FILLI STAHL GESMBH ROOFING PROFESSIONAL ITALIJA<\/h4>\n<p>Via Nazionale, 36 zona PIP, 33026 Paluzza<br \/>\nT. <a href=\"tel: +39% 20331% 20220% 201434\" data-wpel-link=\"internal\">+39 331 220 1434<\/a><br \/>\n<a href=\"mailto:office@figo-italia.it\">ured@figo-italia.it<\/a>[\/vc_column_text][\/vc_column][vc_column width=&#8221;2\/6&#8243;][vc_column_text]<\/p>\n<h4>Filli Stahl poduze\u0107e za trgovinu doo<\/h4>\n<p>Brn\u010di\u010deva ulica 29, 1231 Ljubljana-\u010crnu\u010de<br \/>\nT. <a href=\"tel: +386 201 205 61 200 379\" data-wpel-link=\"internal\">+386 1 561 0379<\/a><br \/>\n<a href=\"mailto:mojster-strehe@fillistahl.si\">mojster-strehe@fillistahl.si<\/a>[\/vc_column_text][\/vc_column][vc_column width=&#8221;1\/6&#8243;][\/vc_column][\/vc_row][vc_row][vc_column offset=&#8221;vc_hidden-sm vc_hidden-xs&#8221;][vc_empty_space][\/vc_column][\/vc_row]<\/p>\n<\/div>","protected":false},"excerpt":{"rendered":"<p>[vc_row full_width=&#8221;stretch_row_content&#8221; content_placement=&#8221;middle&#8221; css=&#8221;.vc_custom_1674551357224{background-image: url(https:\/\/figo.at\/wp-content\/uploads\/2022\/06\/filli-stahl-zentrale-klagenfurt-1.jpg?id=1298) !important;background-position: center !important;background-repeat: no-repeat !important;background-size: cover !important;}&#8221;][vc_column][vc_empty_space height=&#8221;450px&#8221;][\/vc_column][\/vc_row][vc_row][vc_column][vc_empty_space][vc_column_text] \u010cELIK FILLI [\/vc_column_text][vc_empty_space][\/vc_column][\/vc_row][vc_row full_width=&#8221;stretch_row_content&#8221; gap=&#8221;10&#8243;][vc_column width=&#8221;1\/6&#8243;][\/vc_column][vc_column width=&#8221;4\/6&#8243;][vc_column_text] POVIJEST TVRTKE BOGATA TRADICIJOM Dajemo sve od sebe kako bismo na\u0161im kupcima pru\u017eili konkurentsku prednost! Na\u0161 primarni cilj je ponuditi na\u0161im kupcima odlu\u010duju\u0107e prednosti . To posti\u017eemo najsuvremenijom tehnologijom, strate\u0161kim planiranjem, maksimalnom u\u010dinkovito\u0161\u0107u i \u0161irokim&hellip;<\/p>\n","protected":false},"author":1,"featured_media":0,"parent":0,"menu_order":9,"comment_status":"closed","ping_status":"closed","template":"","meta":{"inline_featured_image":false,"footnotes":""},"class_list":["post-6689","page","type-page","status-publish","hentry","description-off"],"yoast_head":"<!-- This site is optimized with the Yoast SEO Premium plugin v27.4 (Yoast SEO v27.4) - https:\/\/yoast.com\/product\/yoast-seo-premium-wordpress\/ -->\n<title>Na\u0161a tvrtka - Tko smo mi<\/title>\n<meta name=\"description\" content=\"Filli Stahl je tradicionalna koru\u0161ka tvrtka koja je razvila krovne i fasadne panele FIGO.\" \/>\n<meta name=\"robots\" content=\"index, follow, max-snippet:-1, max-image-preview:large, max-video-preview:-1\" \/>\n<link rel=\"canonical\" href=\"https:\/\/figo.at\/hr\/progoniti\/\" \/>\n<meta property=\"og:locale\" content=\"hr_HR\" \/>\n<meta property=\"og:type\" content=\"article\" \/>\n<meta property=\"og:title\" content=\"Progoniti\" \/>\n<meta property=\"og:description\" content=\"Filli Stahl je tradicionalna koru\u0161ka tvrtka koja je razvila krovne i fasadne panele FIGO.\" \/>\n<meta property=\"og:url\" content=\"https:\/\/figo.at\/hr\/progoniti\/\" \/>\n<meta property=\"og:site_name\" content=\"Figo Dach &amp; Fassade\" \/>\n<meta property=\"article:publisher\" content=\"https:\/\/www.facebook.com\/figodachundfassade\" \/>\n<meta property=\"article:modified_time\" content=\"2026-01-05T08:22:42+00:00\" \/>\n<meta property=\"og:image\" content=\"https:\/\/figo.at\/wp-content\/uploads\/2023\/10\/FIGO-Haus_Berge.jpg\" \/>\n\t<meta property=\"og:image:width\" content=\"1920\" \/>\n\t<meta property=\"og:image:height\" content=\"1080\" \/>\n\t<meta property=\"og:image:type\" content=\"image\/jpeg\" \/>\n<meta name=\"twitter:card\" content=\"summary_large_image\" \/>\n<meta name=\"twitter:label1\" content=\"Est. reading time\" \/>\n\t<meta name=\"twitter:data1\" content=\"6 minutes\" \/>\n<script type=\"application\/ld+json\" class=\"yoast-schema-graph\">{\"@context\":\"https:\\\/\\\/schema.org\",\"@graph\":[{\"@type\":\"WebPage\",\"@id\":\"https:\\\/\\\/figo.at\\\/hr\\\/progoniti\\\/\",\"url\":\"https:\\\/\\\/figo.at\\\/hr\\\/progoniti\\\/\",\"name\":\"Na\u0161a tvrtka - Tko smo mi\",\"isPartOf\":{\"@id\":\"https:\\\/\\\/figo.at\\\/hr\\\/#website\"},\"datePublished\":\"2025-11-10T12:35:57+00:00\",\"dateModified\":\"2026-01-05T08:22:42+00:00\",\"description\":\"Filli Stahl je tradicionalna koru\u0161ka tvrtka koja je razvila krovne i fasadne panele FIGO.\",\"breadcrumb\":{\"@id\":\"https:\\\/\\\/figo.at\\\/hr\\\/progoniti\\\/#breadcrumb\"},\"inLanguage\":\"hr-HR\",\"potentialAction\":[{\"@type\":\"ReadAction\",\"target\":[\"https:\\\/\\\/figo.at\\\/hr\\\/progoniti\\\/\"]}]},{\"@type\":\"BreadcrumbList\",\"@id\":\"https:\\\/\\\/figo.at\\\/hr\\\/progoniti\\\/#breadcrumb\",\"itemListElement\":[{\"@type\":\"ListItem\",\"position\":1,\"name\":\"Startseite\",\"item\":\"https:\\\/\\\/figo.at\\\/hr\\\/\"},{\"@type\":\"ListItem\",\"position\":2,\"name\":\"Progoniti\"}]},{\"@type\":\"WebSite\",\"@id\":\"https:\\\/\\\/figo.at\\\/hr\\\/#website\",\"url\":\"https:\\\/\\\/figo.at\\\/hr\\\/\",\"name\":\"Figo Dach & Fassade\",\"description\":\"Die Dach- und Fassadenplatte aus Stahl mit 40 Jahren Garantie\",\"publisher\":{\"@id\":\"https:\\\/\\\/figo.at\\\/hr\\\/#organization\"},\"potentialAction\":[{\"@type\":\"SearchAction\",\"target\":{\"@type\":\"EntryPoint\",\"urlTemplate\":\"https:\\\/\\\/figo.at\\\/hr\\\/?s={search_term_string}\"},\"query-input\":{\"@type\":\"PropertyValueSpecification\",\"valueRequired\":true,\"valueName\":\"search_term_string\"}}],\"inLanguage\":\"hr-HR\"},{\"@type\":\"Organization\",\"@id\":\"https:\\\/\\\/figo.at\\\/hr\\\/#organization\",\"name\":\"FILLI Stahlgro\u00dfhandelsgesellschaft mit beschr\u00e4nkter Haftung\",\"alternateName\":\"Figo Dach & Fassade\",\"url\":\"https:\\\/\\\/figo.at\\\/hr\\\/\",\"logo\":{\"@type\":\"ImageObject\",\"inLanguage\":\"hr-HR\",\"@id\":\"https:\\\/\\\/figo.at\\\/hr\\\/#\\\/schema\\\/logo\\\/image\\\/\",\"url\":\"https:\\\/\\\/figo.at\\\/wp-content\\\/uploads\\\/2023\\\/11\\\/figo-social.jpg\",\"contentUrl\":\"https:\\\/\\\/figo.at\\\/wp-content\\\/uploads\\\/2023\\\/11\\\/figo-social.jpg\",\"width\":1280,\"height\":720,\"caption\":\"FILLI Stahlgro\u00dfhandelsgesellschaft mit beschr\u00e4nkter Haftung\"},\"image\":{\"@id\":\"https:\\\/\\\/figo.at\\\/hr\\\/#\\\/schema\\\/logo\\\/image\\\/\"},\"sameAs\":[\"https:\\\/\\\/www.facebook.com\\\/figodachundfassade\",\"https:\\\/\\\/www.youtube.com\\\/channel\\\/UCo-aYJEemPKnMxxxWg2Em_Q\",\"https:\\\/\\\/www.linkedin.com\\\/company\\\/fillistahl\\\/\",\"https:\\\/\\\/www.instagram.com\\\/figodachundfassade\"],\"description\":\"Komplettl\u00f6sungen f\u00fcr Dach und Fassade samt umfangreichem Zubeh\u00f6r und vielf\u00e4ltigen Farb- und Designvarianten.\",\"email\":\"office@figo.at\",\"telephone\":\"+43 463 379703550\"}]}<\/script>\n<!-- \/ Yoast SEO Premium plugin. -->","yoast_head_json":{"title":"Na\u0161a tvrtka - Tko smo mi","description":"Filli Stahl je tradicionalna koru\u0161ka tvrtka koja je razvila krovne i fasadne panele FIGO.","robots":{"index":"index","follow":"follow","max-snippet":"max-snippet:-1","max-image-preview":"max-image-preview:large","max-video-preview":"max-video-preview:-1"},"canonical":"https:\/\/figo.at\/hr\/progoniti\/","og_locale":"hr_HR","og_type":"article","og_title":"Progoniti","og_description":"Filli Stahl je tradicionalna koru\u0161ka tvrtka koja je razvila krovne i fasadne panele FIGO.","og_url":"https:\/\/figo.at\/hr\/progoniti\/","og_site_name":"Figo Dach &amp; Fassade","article_publisher":"https:\/\/www.facebook.com\/figodachundfassade","article_modified_time":"2026-01-05T08:22:42+00:00","og_image":[{"width":1920,"height":1080,"url":"https:\/\/figo.at\/wp-content\/uploads\/2023\/10\/FIGO-Haus_Berge.jpg","type":"image\/jpeg"}],"twitter_card":"summary_large_image","twitter_misc":{"Est. reading time":"6 minutes"},"schema":{"@context":"https:\/\/schema.org","@graph":[{"@type":"WebPage","@id":"https:\/\/figo.at\/hr\/progoniti\/","url":"https:\/\/figo.at\/hr\/progoniti\/","name":"Na\u0161a tvrtka - Tko smo mi","isPartOf":{"@id":"https:\/\/figo.at\/hr\/#website"},"datePublished":"2025-11-10T12:35:57+00:00","dateModified":"2026-01-05T08:22:42+00:00","description":"Filli Stahl je tradicionalna koru\u0161ka tvrtka koja je razvila krovne i fasadne panele FIGO.","breadcrumb":{"@id":"https:\/\/figo.at\/hr\/progoniti\/#breadcrumb"},"inLanguage":"hr-HR","potentialAction":[{"@type":"ReadAction","target":["https:\/\/figo.at\/hr\/progoniti\/"]}]},{"@type":"BreadcrumbList","@id":"https:\/\/figo.at\/hr\/progoniti\/#breadcrumb","itemListElement":[{"@type":"ListItem","position":1,"name":"Startseite","item":"https:\/\/figo.at\/hr\/"},{"@type":"ListItem","position":2,"name":"Progoniti"}]},{"@type":"WebSite","@id":"https:\/\/figo.at\/hr\/#website","url":"https:\/\/figo.at\/hr\/","name":"Figo Dach & Fassade","description":"Die Dach- und Fassadenplatte aus Stahl mit 40 Jahren Garantie","publisher":{"@id":"https:\/\/figo.at\/hr\/#organization"},"potentialAction":[{"@type":"SearchAction","target":{"@type":"EntryPoint","urlTemplate":"https:\/\/figo.at\/hr\/?s={search_term_string}"},"query-input":{"@type":"PropertyValueSpecification","valueRequired":true,"valueName":"search_term_string"}}],"inLanguage":"hr-HR"},{"@type":"Organization","@id":"https:\/\/figo.at\/hr\/#organization","name":"FILLI Stahlgro\u00dfhandelsgesellschaft mit beschr\u00e4nkter Haftung","alternateName":"Figo Dach & Fassade","url":"https:\/\/figo.at\/hr\/","logo":{"@type":"ImageObject","inLanguage":"hr-HR","@id":"https:\/\/figo.at\/hr\/#\/schema\/logo\/image\/","url":"https:\/\/figo.at\/wp-content\/uploads\/2023\/11\/figo-social.jpg","contentUrl":"https:\/\/figo.at\/wp-content\/uploads\/2023\/11\/figo-social.jpg","width":1280,"height":720,"caption":"FILLI Stahlgro\u00dfhandelsgesellschaft mit beschr\u00e4nkter Haftung"},"image":{"@id":"https:\/\/figo.at\/hr\/#\/schema\/logo\/image\/"},"sameAs":["https:\/\/www.facebook.com\/figodachundfassade","https:\/\/www.youtube.com\/channel\/UCo-aYJEemPKnMxxxWg2Em_Q","https:\/\/www.linkedin.com\/company\/fillistahl\/","https:\/\/www.instagram.com\/figodachundfassade"],"description":"Komplettl\u00f6sungen f\u00fcr Dach und Fassade samt umfangreichem Zubeh\u00f6r und vielf\u00e4ltigen Farb- und Designvarianten.","email":"office@figo.at","telephone":"+43 463 379703550"}]}},"_links":{"self":[{"href":"https:\/\/figo.at\/hr\/wp-json\/wp\/v2\/pages\/6689","targetHints":{"allow":["GET"]}}],"collection":[{"href":"https:\/\/figo.at\/hr\/wp-json\/wp\/v2\/pages"}],"about":[{"href":"https:\/\/figo.at\/hr\/wp-json\/wp\/v2\/types\/page"}],"author":[{"embeddable":true,"href":"https:\/\/figo.at\/hr\/wp-json\/wp\/v2\/users\/1"}],"replies":[{"embeddable":true,"href":"https:\/\/figo.at\/hr\/wp-json\/wp\/v2\/comments?post=6689"}],"version-history":[{"count":6,"href":"https:\/\/figo.at\/hr\/wp-json\/wp\/v2\/pages\/6689\/revisions"}],"predecessor-version":[{"id":8075,"href":"https:\/\/figo.at\/hr\/wp-json\/wp\/v2\/pages\/6689\/revisions\/8075"}],"wp:attachment":[{"href":"https:\/\/figo.at\/hr\/wp-json\/wp\/v2\/media?parent=6689"}],"curies":[{"name":"wp","href":"https:\/\/api.w.org\/{rel}","templated":true}]}}