{"id":3745,"date":"2023-01-24T14:08:04","date_gmt":"2023-01-24T13:08:04","guid":{"rendered":"https:\/\/figo.at\/?page_id=3745"},"modified":"2025-12-29T16:08:58","modified_gmt":"2025-12-29T15:08:58","slug":"societa","status":"publish","type":"page","link":"https:\/\/figo.at\/it\/societa\/","title":{"rendered":"Societ\u00e0"},"content":{"rendered":"<div class=\"wpb-content-wrapper\"><p>[vc_row full_width=&#8221;stretch_row_content&#8221; content_placement=&#8221;middle&#8221; css=&#8221;.vc_custom_1674551357224{background-image: url(https:\/\/figo.at\/wp-content\/uploads\/2022\/06\/filli-stahl-zentrale-klagenfurt-1.jpg?id=1298) !important;background-position: center !important;background-repeat: no-repeat !important;background-size: cover !important;}&#8221;][vc_column][vc_empty_space height=&#8221;450px&#8221;][\/vc_column][\/vc_row][vc_row][vc_column][vc_empty_space][vc_column_text]<\/p>\n<h1 style=\"text-align: center; text-decoration: underline;\">FILLI STAHL<\/h1>\n<p>[\/vc_column_text][vc_empty_space][\/vc_column][\/vc_row][vc_row full_width=&#8221;stretch_row_content&#8221; gap=&#8221;10&#8243;][vc_column width=&#8221;1\/6&#8243;][\/vc_column][vc_column width=&#8221;4\/6&#8243;][vc_column_text]<\/p>\n<h2 class=\"elementor-heading-title elementor-size-default\"><strong>COMPETENZE PER SOLUZIONI NUOVE E INNOVATIVE.<\/strong><\/h2>\n<p style=\"text-align: justify;\">Innovativo, durevole, moderno, avanti verso nuovi traguardi, \u2026 parole chiavi, che spesso si sentono nominare ma che il pi\u00f9 delle volte sono solo di facciata. <a href=\"https:\/\/www.fillistahl.at\" target=\"_blank\" rel=\"noopener\">FILLI STAHL<\/a> ha intrapreso un percorso diverso, attraverso uno sviluppo e una gestione oculata ha posto le basi per far fronte alle sempre nuove esigenze di mercato. In qualit\u00e0 di impresa Carinziana con 140 anni di esperienza nel settore lattonerie e 130 anni di competenza nella lavorazione e commercializzazione degli acciai, la Filli Stahl scrive ora un nuovo capitolo della sua storia aziendale di successo.<\/p>\n<p style=\"text-align: justify;\">Con lo sviluppo e l\u2019industrializzazione della nuova tegola <strong>FIGO AMADE<\/strong>, Filli Stahl con la propria esperienza e competenza apre una nuova strada per portare sul mercato soluzioni innovative. Filli Stahl scrive ora un nuovo capitolo della sua storia aziendale di successo. Con lo sviluppo e l\u2019industrializzazione della nuova tegola FIGO AMADE, Filli Stahlcon la propria esperienza e competenza apre una nuova strada per portare sul mercato soluzioni innovative.<\/p>\n<p>[\/vc_column_text][\/vc_column][vc_column width=&#8221;1\/6&#8243;][\/vc_column][\/vc_row][vc_row full_width=&#8221;stretch_row_content_no_spaces&#8221;][vc_column css_animation=&#8221;fadeInUp&#8221;][vc_video link=&#8221;https:\/\/youtube.com\/watch?v=orIQau4TKMk&#8221; el_width=&#8221;50&#8243; align=&#8221;center&#8221; css=&#8221;&#8221;][\/vc_column][\/vc_row][vc_row][vc_column offset=&#8221;vc_hidden-sm vc_hidden-xs&#8221;][vc_empty_space][\/vc_column][\/vc_row][vc_row full_width=&#8221;stretch_row_content&#8221; gap=&#8221;10&#8243;][vc_column width=&#8221;1\/6&#8243;][\/vc_column][vc_column width=&#8221;4\/6&#8243;][vc_column_text]<\/p>\n<h2 class=\"elementor-heading-title elementor-size-default\">FIGO SEDI<\/h2>\n<h4>SEDE CENTRALE, PRODUZIONE E CAMPUS FIGO<\/h4>\n<p>[\/vc_column_text][\/vc_column][vc_column width=&#8221;1\/6&#8243;][\/vc_column][\/vc_row][vc_row full_width=&#8221;stretch_row_content&#8221; gap=&#8221;10&#8243; equal_height=&#8221;yes&#8221;][vc_column width=&#8221;1\/6&#8243;][\/vc_column][vc_column width=&#8221;3\/6&#8243;][vc_column_text]<\/p>\n<h3 class=\"color\">FIGO CENTRALE KLAGENFURT<\/h3>\n<p class=\"color\"><strong>Filli Stahl Gro\u00dfhandelsgmbH<\/strong><br \/>\nSchr\u00f6dingerstra\u00dfe 5, 9020 Klagenfurt<br \/>\nCell. +39 331 220 1434<br \/>\n<a href=\"mailto:office@figo.at\" target=\"_blank\" rel=\"noopener noreferrer\">office@figo-italia.it<\/a><\/p>\n<p style=\"text-align: justify;\">La centrale di produzione\u00a0<strong>FIGO TETTI<\/strong>\u00a0&amp;\u00a0<strong>FACCIATE<\/strong>\u00a0ha sede nel nuovissimo stabilimento la cui costruzione \u00e8 stata completata nel 2016. La localit\u00e0 scelta si trova nel centro geografico delimitato dagli altri stabilimenti\u00a0<strong>FILLI<\/strong>.<\/p>\n<p>[\/vc_column_text][\/vc_column][vc_column width=&#8221;1\/6&#8243;][vc_single_image image=&#8221;4209&#8243; img_size=&#8221;medium&#8221;][\/vc_column][vc_column width=&#8221;1\/6&#8243;][\/vc_column][\/vc_row][vc_row full_width=&#8221;stretch_row_content&#8221; gap=&#8221;10&#8243; equal_height=&#8221;yes&#8221;][vc_column width=&#8221;1\/6&#8243;][\/vc_column][vc_column width=&#8221;3\/6&#8243;][vc_column_text]<\/p>\n<h3 class=\"color\">SCHEIFLING \u2013 STABILIMENTO PRODUZIONE FIGO<\/h3>\n<p class=\"color\">Filli Stahl GesmbH. Dachprofi<br \/>\nNeumarkterstra\u00dfe 10, 8811 Scheifling<br \/>\nCell. +39 331 220 1434<br \/>\n<a href=\"mailto:technik@figo.at\">technik@figo.at<\/a><\/p>\n<p style=\"text-align: justify;\">Nel 2014, attraverso l\u2019acquisizione dell\u2019area destinata al futuro stabilimento, abbiamo posto le prime basi che hanno permesso, attraverso il sito di produzione della tegola\u00a0<strong>FIGO AMADE<\/strong>, di ampliare la nostra presenza sul mercato. All\u2019interno dell\u2019area scelta abbiamo realizzato uno stabilimento moderno nel quale si svolge l\u2019intero processo produttivo della tegola\u00a0<strong>FIGO AMADE<\/strong>. Il sistema di produzione \u00e8 completamente automatizzato e coadiuvato da un sofisticato sistema di infrastrutture e un deposito efficiente e moderno.<\/p>\n<p>[\/vc_column_text][\/vc_column][vc_column width=&#8221;1\/6&#8243;][vc_single_image image=&#8221;3748&#8243; img_size=&#8221;medium&#8221;][\/vc_column][vc_column width=&#8221;1\/6&#8243;][\/vc_column][\/vc_row][vc_row full_width=&#8221;stretch_row_content&#8221; gap=&#8221;10&#8243; equal_height=&#8221;yes&#8221;][vc_column width=&#8221;1\/6&#8243;][\/vc_column][vc_column width=&#8221;3\/6&#8243;][vc_column_text]<\/p>\n<h3>FIGO CAMPUS SCHEIFLING<\/h3>\n<p>Filli Stahl GesmbH. Dachprofi<br \/>\nNeumarkterstra\u00dfe 10, 8811 Scheifling<br \/>\nCell. +39 331 220 1434<br \/>\n<a href=\"mailto:technik@figo.at\">technik@figo.at<\/a><\/p>\n<p style=\"text-align: justify;\">Lavorazioni di alta qualit\u00e0 costituiscono per noi priorit\u00e0 e sono alla base della garanzia 40-ennale<br \/>\nche offriamo. Il\u00a0<strong>Campus FIGO <\/strong>\u00e8 stato concepito come sito di formazione per lattonieri. Un aula ampia e moderna con sistemi di video-proiezione \u00e8 a disposizione per le nozioni teoriche, mentre un\u2019altra area \u00e8 dedicata alle nozioni pratiche di posa della tegola FIGO AMADE.<\/p>\n<p style=\"text-align: justify;\">Learning by doing \u00e8 la frase che introduce al corso tecnico-pratico. Le lezioni vengono tenute da un team di esperti composto da tecnici e mastro lattonieri e prevedono una prima parte teorica seguita da una prova pratica nella quale vengono trattati tutti gli aspetti della posa della\u00a0<strong>FIGO AMADE<\/strong>\u00a0e relativi accessori.<\/p>\n<p>[\/vc_column_text][\/vc_column][vc_column width=&#8221;1\/6&#8243;][vc_single_image image=&#8221;4727&#8243; img_size=&#8221;medium&#8221;][\/vc_column][vc_column width=&#8221;1\/6&#8243;][\/vc_column][\/vc_row][vc_row full_width=&#8221;stretch_row_content_no_spaces&#8221;][vc_column width=&#8221;1\/6&#8243; offset=&#8221;vc_hidden-sm vc_hidden-xs&#8221;][vc_empty_space][\/vc_column][vc_column width=&#8221;4\/6&#8243;][vc_single_image image=&#8221;5011&#8243; img_size=&#8221;full&#8221;][\/vc_column][vc_column width=&#8221;1\/6&#8243;][\/vc_column][\/vc_row][vc_row][vc_column offset=&#8221;vc_hidden-sm vc_hidden-xs&#8221;][vc_empty_space][\/vc_column][\/vc_row][vc_row full_width=&#8221;stretch_row_content_no_spaces&#8221; content_placement=&#8221;middle&#8221; css=&#8221;.vc_custom_1673276111050{background-color: #1d5b89 !important;}&#8221;][vc_column width=&#8221;1\/6&#8243;][\/vc_column][vc_column width=&#8221;2\/3&#8243; css=&#8221;.vc_custom_1673250633764{padding-right: 25px !important;padding-left: 25px !important;}&#8221;][vc_column_text]<\/p>\n<h2 style=\"text-align: center;\"><span style=\"color: #ffffff;\">Con un cuore d\u2019acciaio e quindi anche la massima resistenza ai capricci meteorologici pi\u00f9 forti, FIGO AMADE convince su tutta la linea.<\/span><\/h2>\n<p>[\/vc_column_text][\/vc_column][vc_column width=&#8221;1\/6&#8243;][\/vc_column][\/vc_row][vc_row full_width=&#8221;stretch_row_content&#8221; gap=&#8221;10&#8243;][vc_column width=&#8221;1\/6&#8243;][\/vc_column][vc_column width=&#8221;4\/6&#8243;][vc_column_text]<\/p>\n<h2 class=\"elementor-heading-title elementor-size-default\">SEDI<\/h2>\n<p>[\/vc_column_text][\/vc_column][vc_column width=&#8221;1\/6&#8243;][\/vc_column][\/vc_row][vc_row full_width=&#8221;stretch_row_content&#8221; gap=&#8221;10&#8243; equal_height=&#8221;yes&#8221;][vc_column width=&#8221;1\/6&#8243;][\/vc_column][vc_column width=&#8221;2\/6&#8243;][vc_column_text]<\/p>\n<h4>FILLI STAHL GESMBH DACHPROFI KLAGENFURT<\/h4>\n<p>Schr\u00f6dingerstra\u00dfe 5, 9020 Klagenfurt<br \/>\nT. + 43 (0)463 \/ 37970<br \/>\nF. + 43 (0)463 \/ 37970-3326<br \/>\n<a href=\"mailto:dachprofi@fillistahl.at\">dachprofi@fillistahl.at<\/a>[\/vc_column_text][\/vc_column][vc_column width=&#8221;2\/6&#8243;][vc_column_text]<\/p>\n<h4>FILLI STAHL GESMBH DACHPROFI GRAZ<\/h4>\n<p>Triesterstra\u00dfe 488, 8055 Graz<br \/>\nT. + 43 (0)316 \/ 291396<br \/>\nF. + 43 (0)316 \/ 291396-1804<br \/>\n<a href=\"mailto:dachprofi.graz@fillistahl.at\">dachprofi.graz@fillistahl.at<\/a>[\/vc_column_text][\/vc_column][vc_column width=&#8221;1\/6&#8243;][\/vc_column][\/vc_row][vc_row full_width=&#8221;stretch_row_content&#8221; gap=&#8221;10&#8243; equal_height=&#8221;yes&#8221;][vc_column width=&#8221;1\/6&#8243;][\/vc_column][vc_column width=&#8221;2\/6&#8243;][vc_column_text]<\/p>\n<h4>FILLI STAHL GESMBH DACHPROFI WIEN<\/h4>\n<p>Seitenhafenstra\u00dfe 7, 1020 Wien<br \/>\nT. + 43 (0)1 \/ 7203737<br \/>\nF. + 43 (0)1 \/ 7203737-7800<br \/>\n<a href=\"mailto:dachprofi.wien@fillistahl.at\">dachprofi.wien@fillistahl.at<\/a>[\/vc_column_text][\/vc_column][vc_column width=&#8221;2\/6&#8243;][vc_column_text]<\/p>\n<h4>FILLI STAHL GESMBH DACHPROFI WELS<\/h4>\n<p>Ginzkeystra\u00dfe 2, 4600 Wels<br \/>\nT. + 43 (0)7242 \/ 252 496<br \/>\nF. + 43 (0)7242 \/ 252 536<br \/>\n<a href=\"mailto:dachprofi.wels@fillistahl.at\">dachprofi.wels@fillistahl.at<\/a>[\/vc_column_text][\/vc_column][vc_column width=&#8221;1\/6&#8243;][\/vc_column][\/vc_row][vc_row full_width=&#8221;stretch_row_content&#8221; gap=&#8221;10&#8243; equal_height=&#8221;yes&#8221;][vc_column width=&#8221;1\/6&#8243;][\/vc_column][vc_column width=&#8221;2\/6&#8243;][vc_column_text]<\/p>\n<h4>FILLI STAHL GESMBH DACHPROFI TIROL<\/h4>\n<p>M\u00fchltal 4, 6305 Itter<br \/>\nT. + 43 (0)5332 73300<br \/>\n<a href=\"mailto:dachprofi.tirol@fillistahl.at\">dachprofi.tirol@fillistahl.at<\/a>[\/vc_column_text][\/vc_column][vc_column width=&#8221;2\/6&#8243;][vc_column_text]<\/p>\n<h4>FILLI STAHL GESMBH DACHPROFI SCHEIFLING<\/h4>\n<p>Neumarkter Str. 10, 8811 Scheifling<br \/>\nT.\u00a0<a href=\"tel:+43533273300\" data-wpel-link=\"internal\">+43 463 379 70<\/a><br \/>\n<a href=\"mailto:office@fillistahl.at\">office@fillistahl.at<\/a>[\/vc_column_text][\/vc_column][vc_column width=&#8221;1\/6&#8243;][\/vc_column][\/vc_row][vc_row full_width=&#8221;stretch_row_content&#8221; gap=&#8221;10&#8243; equal_height=&#8221;yes&#8221;][vc_column width=&#8221;1\/6&#8243;][\/vc_column][vc_column width=&#8221;2\/6&#8243;][vc_column_text]<\/p>\n<h4>FILLI STAHL GESMBH ZENTRALLAGER POGGERSDORF<\/h4>\n<p>Wirtschaftspark 7, 9130 Poggersdorf<br \/>\nT.\u00a0<a href=\"tel:0043463379703376\" data-wpel-link=\"internal\">+43 463 379 3376<\/a><br \/>\n<a href=\"mailto:office@fillistahl.at\">office@fillistahl.at<\/a>[\/vc_column_text][\/vc_column][vc_column width=&#8221;2\/6&#8243;][vc_column_text]<\/p>\n<h4>FILLI STAHL D.O.O. DACHPROFI ZAGREB<\/h4>\n<p>Savska ul. 114, 10360, Hru\u0161\u0107ica<br \/>\nT. +385 1 6439 340<br \/>\n<a href=\"mailto:office@fillistahl.hr\">office@fillistahl.hr<\/a>[\/vc_column_text][\/vc_column][vc_column width=&#8221;1\/6&#8243;][\/vc_column][\/vc_row][vc_row full_width=&#8221;stretch_row_content&#8221; gap=&#8221;10&#8243; equal_height=&#8221;yes&#8221;][vc_column width=&#8221;1\/6&#8243;][\/vc_column][vc_column width=&#8221;2\/6&#8243;][vc_column_text]<\/p>\n<h4>FILLI STAHL GESMBH DACHPROFI ITALIEN<\/h4>\n<p>Via Nazionale, 36 zona P.I.P, 33026 Paluzza<br \/>\nT.\u00a0<a href=\"tel:+39%20331%20220%201434\" data-wpel-link=\"internal\">+39 331 220 1434<\/a><br \/>\n<a href=\"mailto:office@figo-italia.it\">office@figo-italia.it<\/a>[\/vc_column_text][\/vc_column][vc_column width=&#8221;2\/6&#8243;][vc_column_text]<\/p>\n<h4>Filli Stahl podjetje za trgovino d.o.o.<\/h4>\n<p>Brn\u010di\u010deva ulica 29, 1231 Ljubljana-\u010crnu\u010de<br \/>\nT.\u00a0<a href=\"tel:+386 1 561 0379\" data-wpel-link=\"internal\">+386 1 561 0379<\/a><br \/>\n<a href=\"mailto:mojster-strehe@fillistahl.si\">mojster-strehe@fillistahl.si<\/a>[\/vc_column_text][\/vc_column][vc_column width=&#8221;1\/6&#8243;][\/vc_column][\/vc_row][vc_row][vc_column][vc_empty_space][\/vc_column][\/vc_row]<\/p>\n<\/div>","protected":false},"excerpt":{"rendered":"<p>[vc_row full_width=&#8221;stretch_row_content&#8221; content_placement=&#8221;middle&#8221; css=&#8221;.vc_custom_1674551357224{background-image: url(https:\/\/figo.at\/wp-content\/uploads\/2022\/06\/filli-stahl-zentrale-klagenfurt-1.jpg?id=1298) !important;background-position: center !important;background-repeat: no-repeat !important;background-size: cover !important;}&#8221;][vc_column][vc_empty_space height=&#8221;450px&#8221;][\/vc_column][\/vc_row][vc_row][vc_column][vc_empty_space][vc_column_text] FILLI STAHL [\/vc_column_text][vc_empty_space][\/vc_column][\/vc_row][vc_row full_width=&#8221;stretch_row_content&#8221; gap=&#8221;10&#8243;][vc_column width=&#8221;1\/6&#8243;][\/vc_column][vc_column width=&#8221;4\/6&#8243;][vc_column_text] COMPETENZE PER SOLUZIONI NUOVE E INNOVATIVE. Innovativo, durevole, moderno, avanti verso nuovi traguardi, \u2026 parole chiavi, che spesso si sentono nominare ma che il pi\u00f9 delle volte sono solo di facciata. FILLI STAHL ha intrapreso&hellip;<\/p>\n","protected":false},"author":3,"featured_media":0,"parent":0,"menu_order":9,"comment_status":"closed","ping_status":"closed","template":"template-microsite.php","meta":{"inline_featured_image":false,"footnotes":""},"class_list":["post-3745","page","type-page","status-publish","hentry","description-off"],"yoast_head":"<!-- This site is optimized with the Yoast SEO Premium plugin v27.4 (Yoast SEO v27.4) - https:\/\/yoast.com\/product\/yoast-seo-premium-wordpress\/ -->\n<title>La nostra azienda<\/title>\n<meta name=\"description\" content=\"Filli Stahl \u00e8 una storica azienda carinziana che ha sviluppato le tegole per Tetti &amp; Facciate FIGO.\" \/>\n<meta name=\"robots\" content=\"index, follow, max-snippet:-1, max-image-preview:large, max-video-preview:-1\" \/>\n<link rel=\"canonical\" href=\"https:\/\/figo.at\/it\/societa\/\" \/>\n<meta property=\"og:locale\" content=\"it_IT\" \/>\n<meta property=\"og:type\" content=\"article\" \/>\n<meta property=\"og:title\" content=\"Societ\u00e0\" \/>\n<meta property=\"og:description\" content=\"Filli Stahl \u00e8 una storica azienda carinziana che ha sviluppato le tegole per Tetti &amp; Facciate FIGO.\" \/>\n<meta property=\"og:url\" content=\"https:\/\/figo.at\/it\/societa\/\" \/>\n<meta property=\"og:site_name\" content=\"Figo Dach &amp; Fassade\" \/>\n<meta property=\"article:publisher\" content=\"https:\/\/www.facebook.com\/figodachundfassade\" \/>\n<meta property=\"article:modified_time\" content=\"2025-12-29T15:08:58+00:00\" \/>\n<meta property=\"og:image\" content=\"https:\/\/figo.at\/wp-content\/uploads\/2023\/10\/FIGO-Haus_Berge.jpg\" \/>\n\t<meta property=\"og:image:width\" content=\"1920\" \/>\n\t<meta property=\"og:image:height\" content=\"1080\" \/>\n\t<meta property=\"og:image:type\" content=\"image\/jpeg\" \/>\n<meta name=\"twitter:card\" content=\"summary_large_image\" \/>\n<meta name=\"twitter:label1\" content=\"Tempo di lettura stimato\" \/>\n\t<meta name=\"twitter:data1\" content=\"6 minuti\" \/>\n<script type=\"application\/ld+json\" class=\"yoast-schema-graph\">{\"@context\":\"https:\\\/\\\/schema.org\",\"@graph\":[{\"@type\":\"WebPage\",\"@id\":\"https:\\\/\\\/figo.at\\\/it\\\/societa\\\/\",\"url\":\"https:\\\/\\\/figo.at\\\/it\\\/societa\\\/\",\"name\":\"La nostra azienda\",\"isPartOf\":{\"@id\":\"https:\\\/\\\/figo.at\\\/it\\\/#website\"},\"datePublished\":\"2023-01-24T13:08:04+00:00\",\"dateModified\":\"2025-12-29T15:08:58+00:00\",\"description\":\"Filli Stahl \u00e8 una storica azienda carinziana che ha sviluppato le tegole per Tetti & Facciate FIGO.\",\"breadcrumb\":{\"@id\":\"https:\\\/\\\/figo.at\\\/it\\\/societa\\\/#breadcrumb\"},\"inLanguage\":\"it-IT\",\"potentialAction\":[{\"@type\":\"ReadAction\",\"target\":[\"https:\\\/\\\/figo.at\\\/it\\\/societa\\\/\"]}]},{\"@type\":\"BreadcrumbList\",\"@id\":\"https:\\\/\\\/figo.at\\\/it\\\/societa\\\/#breadcrumb\",\"itemListElement\":[{\"@type\":\"ListItem\",\"position\":1,\"name\":\"Startseite\",\"item\":\"https:\\\/\\\/figo.at\\\/it\\\/\"},{\"@type\":\"ListItem\",\"position\":2,\"name\":\"Societ\u00e0\"}]},{\"@type\":\"WebSite\",\"@id\":\"https:\\\/\\\/figo.at\\\/it\\\/#website\",\"url\":\"https:\\\/\\\/figo.at\\\/it\\\/\",\"name\":\"Figo Dach & Fassade\",\"description\":\"Die Dach- und Fassadenplatte mit 40 Jahren Garantie\",\"publisher\":{\"@id\":\"https:\\\/\\\/figo.at\\\/it\\\/#organization\"},\"potentialAction\":[{\"@type\":\"SearchAction\",\"target\":{\"@type\":\"EntryPoint\",\"urlTemplate\":\"https:\\\/\\\/figo.at\\\/it\\\/?s={search_term_string}\"},\"query-input\":{\"@type\":\"PropertyValueSpecification\",\"valueRequired\":true,\"valueName\":\"search_term_string\"}}],\"inLanguage\":\"it-IT\"},{\"@type\":\"Organization\",\"@id\":\"https:\\\/\\\/figo.at\\\/it\\\/#organization\",\"name\":\"FILLI Stahlgro\u00dfhandelsgesellschaft mit beschr\u00e4nkter Haftung\",\"alternateName\":\"Figo Dach & Fassade\",\"url\":\"https:\\\/\\\/figo.at\\\/it\\\/\",\"logo\":{\"@type\":\"ImageObject\",\"inLanguage\":\"it-IT\",\"@id\":\"https:\\\/\\\/figo.at\\\/it\\\/#\\\/schema\\\/logo\\\/image\\\/\",\"url\":\"https:\\\/\\\/figo.at\\\/wp-content\\\/uploads\\\/2023\\\/11\\\/figo-social.jpg\",\"contentUrl\":\"https:\\\/\\\/figo.at\\\/wp-content\\\/uploads\\\/2023\\\/11\\\/figo-social.jpg\",\"width\":1280,\"height\":720,\"caption\":\"FILLI Stahlgro\u00dfhandelsgesellschaft mit beschr\u00e4nkter Haftung\"},\"image\":{\"@id\":\"https:\\\/\\\/figo.at\\\/it\\\/#\\\/schema\\\/logo\\\/image\\\/\"},\"sameAs\":[\"https:\\\/\\\/www.facebook.com\\\/figodachundfassade\",\"https:\\\/\\\/www.youtube.com\\\/channel\\\/UCo-aYJEemPKnMxxxWg2Em_Q\",\"https:\\\/\\\/www.linkedin.com\\\/company\\\/fillistahl\\\/\",\"https:\\\/\\\/www.instagram.com\\\/figodachundfassade\"],\"description\":\"Komplettl\u00f6sungen f\u00fcr Dach und Fassade samt umfangreichem Zubeh\u00f6r und vielf\u00e4ltigen Farb- und Designvarianten.\",\"email\":\"office@figo.at\",\"telephone\":\"+43 463 379703550\"}]}<\/script>\n<!-- \/ Yoast SEO Premium plugin. -->","yoast_head_json":{"title":"La nostra azienda","description":"Filli Stahl \u00e8 una storica azienda carinziana che ha sviluppato le tegole per Tetti & Facciate FIGO.","robots":{"index":"index","follow":"follow","max-snippet":"max-snippet:-1","max-image-preview":"max-image-preview:large","max-video-preview":"max-video-preview:-1"},"canonical":"https:\/\/figo.at\/it\/societa\/","og_locale":"it_IT","og_type":"article","og_title":"Societ\u00e0","og_description":"Filli Stahl \u00e8 una storica azienda carinziana che ha sviluppato le tegole per Tetti & Facciate FIGO.","og_url":"https:\/\/figo.at\/it\/societa\/","og_site_name":"Figo Dach &amp; Fassade","article_publisher":"https:\/\/www.facebook.com\/figodachundfassade","article_modified_time":"2025-12-29T15:08:58+00:00","og_image":[{"width":1920,"height":1080,"url":"https:\/\/figo.at\/wp-content\/uploads\/2023\/10\/FIGO-Haus_Berge.jpg","type":"image\/jpeg"}],"twitter_card":"summary_large_image","twitter_misc":{"Tempo di lettura stimato":"6 minuti"},"schema":{"@context":"https:\/\/schema.org","@graph":[{"@type":"WebPage","@id":"https:\/\/figo.at\/it\/societa\/","url":"https:\/\/figo.at\/it\/societa\/","name":"La nostra azienda","isPartOf":{"@id":"https:\/\/figo.at\/it\/#website"},"datePublished":"2023-01-24T13:08:04+00:00","dateModified":"2025-12-29T15:08:58+00:00","description":"Filli Stahl \u00e8 una storica azienda carinziana che ha sviluppato le tegole per Tetti & Facciate FIGO.","breadcrumb":{"@id":"https:\/\/figo.at\/it\/societa\/#breadcrumb"},"inLanguage":"it-IT","potentialAction":[{"@type":"ReadAction","target":["https:\/\/figo.at\/it\/societa\/"]}]},{"@type":"BreadcrumbList","@id":"https:\/\/figo.at\/it\/societa\/#breadcrumb","itemListElement":[{"@type":"ListItem","position":1,"name":"Startseite","item":"https:\/\/figo.at\/it\/"},{"@type":"ListItem","position":2,"name":"Societ\u00e0"}]},{"@type":"WebSite","@id":"https:\/\/figo.at\/it\/#website","url":"https:\/\/figo.at\/it\/","name":"Figo Dach & Fassade","description":"Die Dach- und Fassadenplatte mit 40 Jahren Garantie","publisher":{"@id":"https:\/\/figo.at\/it\/#organization"},"potentialAction":[{"@type":"SearchAction","target":{"@type":"EntryPoint","urlTemplate":"https:\/\/figo.at\/it\/?s={search_term_string}"},"query-input":{"@type":"PropertyValueSpecification","valueRequired":true,"valueName":"search_term_string"}}],"inLanguage":"it-IT"},{"@type":"Organization","@id":"https:\/\/figo.at\/it\/#organization","name":"FILLI Stahlgro\u00dfhandelsgesellschaft mit beschr\u00e4nkter Haftung","alternateName":"Figo Dach & Fassade","url":"https:\/\/figo.at\/it\/","logo":{"@type":"ImageObject","inLanguage":"it-IT","@id":"https:\/\/figo.at\/it\/#\/schema\/logo\/image\/","url":"https:\/\/figo.at\/wp-content\/uploads\/2023\/11\/figo-social.jpg","contentUrl":"https:\/\/figo.at\/wp-content\/uploads\/2023\/11\/figo-social.jpg","width":1280,"height":720,"caption":"FILLI Stahlgro\u00dfhandelsgesellschaft mit beschr\u00e4nkter Haftung"},"image":{"@id":"https:\/\/figo.at\/it\/#\/schema\/logo\/image\/"},"sameAs":["https:\/\/www.facebook.com\/figodachundfassade","https:\/\/www.youtube.com\/channel\/UCo-aYJEemPKnMxxxWg2Em_Q","https:\/\/www.linkedin.com\/company\/fillistahl\/","https:\/\/www.instagram.com\/figodachundfassade"],"description":"Komplettl\u00f6sungen f\u00fcr Dach und Fassade samt umfangreichem Zubeh\u00f6r und vielf\u00e4ltigen Farb- und Designvarianten.","email":"office@figo.at","telephone":"+43 463 379703550"}]}},"_links":{"self":[{"href":"https:\/\/figo.at\/it\/wp-json\/wp\/v2\/pages\/3745","targetHints":{"allow":["GET"]}}],"collection":[{"href":"https:\/\/figo.at\/it\/wp-json\/wp\/v2\/pages"}],"about":[{"href":"https:\/\/figo.at\/it\/wp-json\/wp\/v2\/types\/page"}],"author":[{"embeddable":true,"href":"https:\/\/figo.at\/it\/wp-json\/wp\/v2\/users\/3"}],"replies":[{"embeddable":true,"href":"https:\/\/figo.at\/it\/wp-json\/wp\/v2\/comments?post=3745"}],"version-history":[{"count":11,"href":"https:\/\/figo.at\/it\/wp-json\/wp\/v2\/pages\/3745\/revisions"}],"predecessor-version":[{"id":8063,"href":"https:\/\/figo.at\/it\/wp-json\/wp\/v2\/pages\/3745\/revisions\/8063"}],"wp:attachment":[{"href":"https:\/\/figo.at\/it\/wp-json\/wp\/v2\/media?parent=3745"}],"curies":[{"name":"wp","href":"https:\/\/api.w.org\/{rel}","templated":true}]}}