{"id":3869,"date":"2023-02-01T07:36:11","date_gmt":"2023-02-01T06:36:11","guid":{"rendered":"https:\/\/figo.at\/?page_id=3869"},"modified":"2023-12-14T08:49:34","modified_gmt":"2023-12-14T07:49:34","slug":"informativa-della-legge-sulla-privacy","status":"publish","type":"page","link":"https:\/\/figo.at\/it\/informativa-della-legge-sulla-privacy\/","title":{"rendered":"Informativa della legge sulla privacy"},"content":{"rendered":"<div class=\"wpb-content-wrapper\"><p>[vc_row][vc_column][vc_column_text][borlabs-cookie type=&#8221;btn-cookie-preference&#8221; title=&#8221;Cookie-Einstellungen&#8221;\/]<\/p>\n<p>[\/vc_column_text]<div class=\"filli_contentbox filli_contentbox_mini_font\" id=\"\" ><div class=\"filli_contentbox_content image_false\"><h3>Informativa della legge sulla privacy<\/h3><p><strong>Campo di applicazione<\/strong><\/p>\n<p>In questa pagina si descrivono le modalit\u00e0 di gestione del sito in riferimento al trattamento dei dati personali degli utenti che lo consultano. Si tratta di un\u2019informativa che \u00e8 resa anche ai sensi ex art. 13 del D.L.vo n. 196\/2003 \u2013 Codice in materia di protezione dei dati personali e ex artt. 13-14 Reg.to UE 2016\/679 a coloro che interagiscono con i servizi web della societ\u00e0 Filli-Stahlgro\u00dfhandelsges.m.b.H., accessibili per via telematica a partire dall\u2019indirizzo: www.figo-italia.it corrispondente alla pagina iniziale del sito ufficiale della societ\u00e0 Filli-Stahlgro\u00dfhandelsges.m.b.H. L\u2019informativa \u00e8 resa solo per il sito della societ\u00e0 Filli-Stahlgro\u00dfhandelsges.m.b.H. e non anche per altri siti web eventualmente consultati dall\u2019utente tramite link. L\u2019informativa si ispira anche alla Raccomandazione n. 2\/2001 che le autorit\u00e0 europee per la protezione dei dati personali, riunite nel Gruppo istituito dall\u2019art. 29 della direttiva n. 95\/46\/CE, hanno adottato il 17 maggio 2001 per individuare alcuni requisiti minimi per la raccolta di dati personali on-line, e, in particolare, le modalit\u00e0, i tempi e la natura delle informazioni che i titolari del trattamento devono fornire agli utenti quando questi si collegano a pagine web, indipendentemente dagli scopi del collegamento.<\/p>\n<p><strong>Trattamento dati Webshop<\/strong><\/p>\n<p>Cookies: saranno usati nel sito sia cookies proprietari, sia cookies di terzi che consentono la profilazione degli utenti ed una pi\u00f9 veloce navigazione nel sito. Utilizzando il sito, accetti l\u2019utilizzo dei cookies. Vedi l\u2019informativa estesa sui cookie. Si precisa che al fine di portare a termine gli acquisti effettuati sul portale della Filli-Stahlgro\u00dfhandelsges.m.b.H e successiva elaborazione del contratto da parte dell\u2019operatore del negozio web, vengono memorizzati i dati IP, il nome, l\u2019indirizzo, il numero di carta di credito, nonch\u00e9 i numeri UID dell\u2019acquirente. I dati da voi forniti sono necessari per l\u2019adempimento del contratto di acquisto. Si esclude ogni forma di trasferimento di dati a terzi, ad eccezione del trasferimento dei dati della carta di credito alla banca\/fornitore di servizi di pagamento allo scopo di addebitare il prezzo di acquisto, alla societ\u00e0 di trasporti \/ societ\u00e0 di spedizioni da noi incaricata di consegnare la merce e al nostro consulente fiscale per adempiere ai nostri obblighi fiscali. Alla conclusione del processo di acquisto o alla cessazione del rapporto commerciale, i dati archiviati verranno cancellati. Nel caso di una sottoscrizione di un contratto, tutti i dati del rapporto contrattuale sono conservati fino alla scadenza del periodo di conservazione dei documenti fiscali (7 anni). Il nome, l\u2019indirizzo, i beni acquistati e la data di acquisto vengono memorizzati fino alla scadenza della responsabilit\u00e0 del prodotto (10 anni). Il trattamento dei dati avviene ai sensi e per gli effetti dell\u2019art.13 del Decreto Legislativo n.196\/2003 e dell\u2019art.13. Regolamento UE 2016\/279. I dati del cliente vengono conservati per la durata legale di 7 anni, o fino alla fine di qualsiasi controversia legale o ancora fino al termine del periodo di garanzia. Idonee misure di sicurezza sono osservate per prevenirne la perdita, gli usi illeciti e non corretti e gli accessi non autorizzati. In particolare saranno adottate tutte le misure tecniche, informatiche, organizzative, logistiche e procedurali di sicurezza, in modo che sia garantito il livello minimo di protezione dei dati previsto dalla legge. I dati saranno altres\u00ec gestiti e protetti in ambienti il cui accesso \u00e8 sotto costante controllo.<\/p>\n<p><strong>Protezione dati candidato<\/strong><\/p>\n<p>I dati per la candidatura a un posto di lavoro vengono conservati sino a un periodo massimo di 6 mesi. L\u2019accesso ai dati memorizzati per la ricerca di una posizione di lavoro vacante \u00e8 riservato al solo personale della societ\u00e0 Filli-Stahl incaricato della selezione. La Societ\u00e0 ha adottato soluzioni tecniche e misure di sicurezza che garantiscono la sicurezza dei dati personali ed evitano la loro alterazione, perdita, trattamento non corretto o accesso non autorizzato.<\/p>\n<p><strong>Cookies<\/strong><\/p>\n<p>Questo sito utilizza i cookie in misura minima. Nello specifico si tratta di piccoli file di testo che nel nostro caso controllano se sei un utente registrato del nostro portale. Inoltre, ci riserviamo di utilizzare i cookie per aumentare la facilit\u00e0 d\u2019uso del nostro sito. I browser pi\u00f9 diffusi offrono l\u2019opzione di preferenza per non consentire i cookie. Nota: non vi \u00e8 alcuna garanzia che sar\u00e0 possibile accedere in modo permanente a tutte le funzionalit\u00e0 di questo sito Web senza restrizioni qualora non si consenta l\u2019utilizzo dei medesimi.<\/p>\n<p><strong>Gestione dei dati personali<\/strong><\/p>\n<p>Il gestore del sito Web raccoglie, utilizza e trasferisce i tuoi dati personali solo se consentito dalla legge o se acconsenti alla raccolta dei dati. Per informazione personale si intendono tutte le informazioni utilizzate per identificare la persona e che possono essere ricondotte a voi, come nome, indirizzo e-mail e numero di telefono.<\/p>\n<p><strong>Gestione delle informazioni di contatto<\/strong><\/p>\n<p>Nehmen Sie mit dem Websitebetreiber durch die angebotenen I dati forniti all\u2019operatore del sito web attraverso le opzioni di contatto offerte saranno conservati per 6 mesi, in modo che possano essere utilizzati per elaborare e rispondere alla tua richiesta o fornire informazioni pertinenti. Senza il tuo consenso, questi dati non saranno comunicati a terzi.<\/p>\n<p><strong>Abbonamento \u2013 Newsletter<\/strong><\/p>\n<p>Avete la possibilit\u00e0 di iscrivervi alla nostra newsletter tramite il nostro sito web. Per l\u2019iscrizione al servizio abbiamo bisogno del vostro indirizzo e-mail e della vostra sottoscrizione alla newsletter. Al fine di fornirvi informazioni mirate, raccogliamo ed elaboriamo anche informazioni volontarie sulla tua area di interesse e sul tuo codice postale. Non appena vi sarete registrati alla newsletter, vi invieremo una e-mail di conferma con un link per completare la registrazione. \u00c8 possibile annullare l\u2019iscrizione alla newsletter in qualsiasi momento.<br \/>\nPer disattivare il servizio di newsletter \u00e8 sufficiente cliccare sul link di cancellazione alla fine della newsletter o inviare la cancellazione al servizio al seguente indirizzo di posta elettronica: <a href=\"mailto:newsletter@fillistahl.at\">newsletter@fillistahl.at<\/a>.<br \/>\nContestualmente verranno cancellati tutti i vostri dati. I soggetti cui si riferiscono i dati personali, hanno il diritto in qualunque momento di ottenere la conferma dell\u2019esistenza o meno dei medesimi dati e di conoscerne il contenuto e l\u2019origine, verificarne l\u2019esattezza o chiederne l\u2019integrazione o l\u2019aggiornamento, oppure la rettificazione. I soggetti cui si riferiscono i dati personali hanno anche il diritto di chiedere la cancellazione, la trasformazione in forma anonima o il blocco dei dati trattati in violazione di legge, nonch\u00e9 di opporsi in ogni caso, per motivi legittimi, al loro trattamento.<\/p>\n<\/div><\/div>[\/vc_column][\/vc_row]<\/p>\n<\/div>","protected":false},"excerpt":{"rendered":"<p>[vc_row][vc_column][vc_column_text][borlabs-cookie type=&#8221;btn-cookie-preference&#8221; title=&#8221;Cookie-Einstellungen&#8221;\/] [\/vc_column_text][\/vc_column][\/vc_row]<\/p>\n","protected":false},"author":3,"featured_media":0,"parent":0,"menu_order":12,"comment_status":"closed","ping_status":"closed","template":"template-microsite.php","meta":{"inline_featured_image":false,"footnotes":""},"class_list":["post-3869","page","type-page","status-publish","hentry","description-off"],"yoast_head":"<!-- This site is optimized with the Yoast SEO Premium plugin v27.4 (Yoast SEO v27.4) - https:\/\/yoast.com\/product\/yoast-seo-premium-wordpress\/ -->\n<title>FIGO - Protezione dei dati<\/title>\n<meta name=\"description\" content=\"Qui trovate le nostre disposizioni relative alla protezione dei vostri dati.\" \/>\n<meta name=\"robots\" content=\"index, follow, max-snippet:-1, max-image-preview:large, max-video-preview:-1\" \/>\n<link rel=\"canonical\" href=\"https:\/\/figo.at\/it\/informativa-della-legge-sulla-privacy\/\" \/>\n<meta property=\"og:locale\" content=\"it_IT\" \/>\n<meta property=\"og:type\" content=\"article\" \/>\n<meta property=\"og:title\" content=\"Informativa della legge sulla privacy\" \/>\n<meta property=\"og:description\" content=\"Qui trovate le nostre disposizioni relative alla protezione dei vostri dati.\" \/>\n<meta property=\"og:url\" content=\"https:\/\/figo.at\/it\/informativa-della-legge-sulla-privacy\/\" \/>\n<meta property=\"og:site_name\" content=\"Figo Dach &amp; Fassade\" \/>\n<meta property=\"article:publisher\" content=\"https:\/\/www.facebook.com\/figodachundfassade\" \/>\n<meta property=\"article:modified_time\" content=\"2023-12-14T07:49:34+00:00\" \/>\n<meta property=\"og:image\" content=\"https:\/\/figo.at\/wp-content\/uploads\/2023\/10\/FIGO-Haus_Berge.jpg\" \/>\n\t<meta property=\"og:image:width\" content=\"1920\" \/>\n\t<meta property=\"og:image:height\" content=\"1080\" \/>\n\t<meta property=\"og:image:type\" content=\"image\/jpeg\" \/>\n<meta name=\"twitter:card\" content=\"summary_large_image\" \/>\n<meta name=\"twitter:label1\" content=\"Tempo di lettura stimato\" \/>\n\t<meta name=\"twitter:data1\" content=\"6 minuti\" \/>\n<script type=\"application\/ld+json\" class=\"yoast-schema-graph\">{\"@context\":\"https:\\\/\\\/schema.org\",\"@graph\":[{\"@type\":\"WebPage\",\"@id\":\"https:\\\/\\\/figo.at\\\/it\\\/informativa-della-legge-sulla-privacy\\\/\",\"url\":\"https:\\\/\\\/figo.at\\\/it\\\/informativa-della-legge-sulla-privacy\\\/\",\"name\":\"FIGO - Protezione dei dati\",\"isPartOf\":{\"@id\":\"https:\\\/\\\/figo.at\\\/it\\\/#website\"},\"datePublished\":\"2023-02-01T06:36:11+00:00\",\"dateModified\":\"2023-12-14T07:49:34+00:00\",\"description\":\"Qui trovate le nostre disposizioni relative alla protezione dei vostri dati.\",\"breadcrumb\":{\"@id\":\"https:\\\/\\\/figo.at\\\/it\\\/informativa-della-legge-sulla-privacy\\\/#breadcrumb\"},\"inLanguage\":\"it-IT\",\"potentialAction\":[{\"@type\":\"ReadAction\",\"target\":[\"https:\\\/\\\/figo.at\\\/it\\\/informativa-della-legge-sulla-privacy\\\/\"]}]},{\"@type\":\"BreadcrumbList\",\"@id\":\"https:\\\/\\\/figo.at\\\/it\\\/informativa-della-legge-sulla-privacy\\\/#breadcrumb\",\"itemListElement\":[{\"@type\":\"ListItem\",\"position\":1,\"name\":\"Startseite\",\"item\":\"https:\\\/\\\/figo.at\\\/it\\\/\"},{\"@type\":\"ListItem\",\"position\":2,\"name\":\"Informativa della legge sulla privacy\"}]},{\"@type\":\"WebSite\",\"@id\":\"https:\\\/\\\/figo.at\\\/it\\\/#website\",\"url\":\"https:\\\/\\\/figo.at\\\/it\\\/\",\"name\":\"Figo Dach & Fassade\",\"description\":\"Die Dach- und Fassadenplatte mit 40 Jahren Garantie\",\"publisher\":{\"@id\":\"https:\\\/\\\/figo.at\\\/it\\\/#organization\"},\"potentialAction\":[{\"@type\":\"SearchAction\",\"target\":{\"@type\":\"EntryPoint\",\"urlTemplate\":\"https:\\\/\\\/figo.at\\\/it\\\/?s={search_term_string}\"},\"query-input\":{\"@type\":\"PropertyValueSpecification\",\"valueRequired\":true,\"valueName\":\"search_term_string\"}}],\"inLanguage\":\"it-IT\"},{\"@type\":\"Organization\",\"@id\":\"https:\\\/\\\/figo.at\\\/it\\\/#organization\",\"name\":\"FILLI Stahlgro\u00dfhandelsgesellschaft mit beschr\u00e4nkter Haftung\",\"alternateName\":\"Figo Dach & Fassade\",\"url\":\"https:\\\/\\\/figo.at\\\/it\\\/\",\"logo\":{\"@type\":\"ImageObject\",\"inLanguage\":\"it-IT\",\"@id\":\"https:\\\/\\\/figo.at\\\/it\\\/#\\\/schema\\\/logo\\\/image\\\/\",\"url\":\"https:\\\/\\\/figo.at\\\/wp-content\\\/uploads\\\/2023\\\/11\\\/figo-social.jpg\",\"contentUrl\":\"https:\\\/\\\/figo.at\\\/wp-content\\\/uploads\\\/2023\\\/11\\\/figo-social.jpg\",\"width\":1280,\"height\":720,\"caption\":\"FILLI Stahlgro\u00dfhandelsgesellschaft mit beschr\u00e4nkter Haftung\"},\"image\":{\"@id\":\"https:\\\/\\\/figo.at\\\/it\\\/#\\\/schema\\\/logo\\\/image\\\/\"},\"sameAs\":[\"https:\\\/\\\/www.facebook.com\\\/figodachundfassade\",\"https:\\\/\\\/www.youtube.com\\\/channel\\\/UCo-aYJEemPKnMxxxWg2Em_Q\",\"https:\\\/\\\/www.linkedin.com\\\/company\\\/fillistahl\\\/\",\"https:\\\/\\\/www.instagram.com\\\/figodachundfassade\"],\"description\":\"Komplettl\u00f6sungen f\u00fcr Dach und Fassade samt umfangreichem Zubeh\u00f6r und vielf\u00e4ltigen Farb- und Designvarianten.\",\"email\":\"office@figo.at\",\"telephone\":\"+43 463 379703550\"}]}<\/script>\n<!-- \/ Yoast SEO Premium plugin. -->","yoast_head_json":{"title":"FIGO - Protezione dei dati","description":"Qui trovate le nostre disposizioni relative alla protezione dei vostri dati.","robots":{"index":"index","follow":"follow","max-snippet":"max-snippet:-1","max-image-preview":"max-image-preview:large","max-video-preview":"max-video-preview:-1"},"canonical":"https:\/\/figo.at\/it\/informativa-della-legge-sulla-privacy\/","og_locale":"it_IT","og_type":"article","og_title":"Informativa della legge sulla privacy","og_description":"Qui trovate le nostre disposizioni relative alla protezione dei vostri dati.","og_url":"https:\/\/figo.at\/it\/informativa-della-legge-sulla-privacy\/","og_site_name":"Figo Dach &amp; Fassade","article_publisher":"https:\/\/www.facebook.com\/figodachundfassade","article_modified_time":"2023-12-14T07:49:34+00:00","og_image":[{"width":1920,"height":1080,"url":"https:\/\/figo.at\/wp-content\/uploads\/2023\/10\/FIGO-Haus_Berge.jpg","type":"image\/jpeg"}],"twitter_card":"summary_large_image","twitter_misc":{"Tempo di lettura stimato":"6 minuti"},"schema":{"@context":"https:\/\/schema.org","@graph":[{"@type":"WebPage","@id":"https:\/\/figo.at\/it\/informativa-della-legge-sulla-privacy\/","url":"https:\/\/figo.at\/it\/informativa-della-legge-sulla-privacy\/","name":"FIGO - Protezione dei dati","isPartOf":{"@id":"https:\/\/figo.at\/it\/#website"},"datePublished":"2023-02-01T06:36:11+00:00","dateModified":"2023-12-14T07:49:34+00:00","description":"Qui trovate le nostre disposizioni relative alla protezione dei vostri dati.","breadcrumb":{"@id":"https:\/\/figo.at\/it\/informativa-della-legge-sulla-privacy\/#breadcrumb"},"inLanguage":"it-IT","potentialAction":[{"@type":"ReadAction","target":["https:\/\/figo.at\/it\/informativa-della-legge-sulla-privacy\/"]}]},{"@type":"BreadcrumbList","@id":"https:\/\/figo.at\/it\/informativa-della-legge-sulla-privacy\/#breadcrumb","itemListElement":[{"@type":"ListItem","position":1,"name":"Startseite","item":"https:\/\/figo.at\/it\/"},{"@type":"ListItem","position":2,"name":"Informativa della legge sulla privacy"}]},{"@type":"WebSite","@id":"https:\/\/figo.at\/it\/#website","url":"https:\/\/figo.at\/it\/","name":"Figo Dach & Fassade","description":"Die Dach- und Fassadenplatte mit 40 Jahren Garantie","publisher":{"@id":"https:\/\/figo.at\/it\/#organization"},"potentialAction":[{"@type":"SearchAction","target":{"@type":"EntryPoint","urlTemplate":"https:\/\/figo.at\/it\/?s={search_term_string}"},"query-input":{"@type":"PropertyValueSpecification","valueRequired":true,"valueName":"search_term_string"}}],"inLanguage":"it-IT"},{"@type":"Organization","@id":"https:\/\/figo.at\/it\/#organization","name":"FILLI Stahlgro\u00dfhandelsgesellschaft mit beschr\u00e4nkter Haftung","alternateName":"Figo Dach & Fassade","url":"https:\/\/figo.at\/it\/","logo":{"@type":"ImageObject","inLanguage":"it-IT","@id":"https:\/\/figo.at\/it\/#\/schema\/logo\/image\/","url":"https:\/\/figo.at\/wp-content\/uploads\/2023\/11\/figo-social.jpg","contentUrl":"https:\/\/figo.at\/wp-content\/uploads\/2023\/11\/figo-social.jpg","width":1280,"height":720,"caption":"FILLI Stahlgro\u00dfhandelsgesellschaft mit beschr\u00e4nkter Haftung"},"image":{"@id":"https:\/\/figo.at\/it\/#\/schema\/logo\/image\/"},"sameAs":["https:\/\/www.facebook.com\/figodachundfassade","https:\/\/www.youtube.com\/channel\/UCo-aYJEemPKnMxxxWg2Em_Q","https:\/\/www.linkedin.com\/company\/fillistahl\/","https:\/\/www.instagram.com\/figodachundfassade"],"description":"Komplettl\u00f6sungen f\u00fcr Dach und Fassade samt umfangreichem Zubeh\u00f6r und vielf\u00e4ltigen Farb- und Designvarianten.","email":"office@figo.at","telephone":"+43 463 379703550"}]}},"_links":{"self":[{"href":"https:\/\/figo.at\/it\/wp-json\/wp\/v2\/pages\/3869","targetHints":{"allow":["GET"]}}],"collection":[{"href":"https:\/\/figo.at\/it\/wp-json\/wp\/v2\/pages"}],"about":[{"href":"https:\/\/figo.at\/it\/wp-json\/wp\/v2\/types\/page"}],"author":[{"embeddable":true,"href":"https:\/\/figo.at\/it\/wp-json\/wp\/v2\/users\/3"}],"replies":[{"embeddable":true,"href":"https:\/\/figo.at\/it\/wp-json\/wp\/v2\/comments?post=3869"}],"version-history":[{"count":2,"href":"https:\/\/figo.at\/it\/wp-json\/wp\/v2\/pages\/3869\/revisions"}],"predecessor-version":[{"id":3871,"href":"https:\/\/figo.at\/it\/wp-json\/wp\/v2\/pages\/3869\/revisions\/3871"}],"wp:attachment":[{"href":"https:\/\/figo.at\/it\/wp-json\/wp\/v2\/media?parent=3869"}],"curies":[{"name":"wp","href":"https:\/\/api.w.org\/{rel}","templated":true}]}}