{"id":4840,"date":"2023-11-27T08:26:12","date_gmt":"2023-11-27T07:26:12","guid":{"rendered":"https:\/\/figo.at\/?page_id=4840"},"modified":"2023-12-14T08:49:47","modified_gmt":"2023-12-14T07:49:47","slug":"partner","status":"publish","type":"page","link":"https:\/\/figo.at\/it\/assistenza\/partner\/","title":{"rendered":"Partner"},"content":{"rendered":"<div class=\"wpb-content-wrapper\"><p>[vc_row full_width=&#8221;stretch_row_content&#8221; content_placement=&#8221;bottom&#8221; css=&#8221;.vc_custom_1673330803510{background-image: url(https:\/\/figo.at\/wp-content\/uploads\/2022\/11\/FIGO17_KK_Ref-Mai_DSC9915_15cm.jpg?id=2682) !important;background-position: center !important;background-repeat: no-repeat !important;background-size: cover !important;}&#8221;][vc_column][vc_empty_space height=&#8221;450px&#8221;][\/vc_column][\/vc_row][vc_row][vc_column][vc_empty_space][vc_column_text]<\/p>\n<h1 style=\"text-align: center; text-decoration: underline;\">PARTNER<\/h1>\n<p>[\/vc_column_text][vc_empty_space][\/vc_column][\/vc_row][vc_row full_width=&#8221;stretch_row_content&#8221; gap=&#8221;10&#8243;][vc_column width=&#8221;1\/6&#8243;][\/vc_column][vc_column width=&#8221;3\/6&#8243;][vc_column_text]<\/p>\n<div class=\"elementor-element elementor-element-d616525 elementor-widget elementor-widget-heading\" data-id=\"d616525\" data-element_type=\"widget\" data-widget_type=\"heading.default\">\n<div class=\"elementor-widget-container\">\n<h3 class=\"elementor-heading-title elementor-size-default\">Partner commerciale:<\/h3>\n<\/div>\n<\/div>\n<div class=\"elementor-element elementor-element-6ac5afa elementor-widget elementor-widget-text-editor\" data-id=\"6ac5afa\" data-element_type=\"widget\" data-widget_type=\"text-editor.default\">\n<div class=\"elementor-widget-container\">\n<p class=\"qrShPb pXs6bb PZPZlf q8U8x aTI8gc hNKfZe\" data-dtype=\"d3ifr\" data-local-attribute=\"d3bn\" data-attrid=\"title\" data-ved=\"2ahUKEwjxse-y0uOCAxXBgP0HHTQZAcsQ3B0oAXoECE0QAg\"><a href=\"https:\/\/www.gruppometal.net\/\" target=\"_blank\" rel=\"noopener\">Gruppometal Carimi Alfio S.R.L.<\/a><\/p>\n<p>13874 Mottalciata (Biella)<br \/>\nStrada Statale n. 232 km- 3,2<br \/>\n<a href=\"https:\/\/www.gruppometal.net\/\" target=\"_blank\" rel=\"noopener\">https:\/\/www.gruppometal.net\/<\/a><\/p>\n<div class=\"w-full text-token-text-primary border-b border-black\/10 gizmo:border-0 dark:border-gray-900\/50 gizmo:dark:border-0 gizmo:bg-transparent dark:bg-gray-800 gizmo:dark:bg-transparent\" data-testid=\"conversation-turn-12\">\n<div class=\"p-4 gizmo:py-2 justify-center text-base md:gap-6 md:py-6 m-auto\">\n<div class=\"flex flex-1 gap-4 text-base mx-auto md:gap-6 gizmo:gap-3 gizmo:md:px-5 gizmo:lg:px-1 gizmo:xl:px-5 md:max-w-2xl lg:max-w-[38rem] gizmo:md:max-w-3xl gizmo:lg:max-w-[40rem] gizmo:xl:max-w-[48rem] xl:max-w-3xl } group\">\n<div class=\"relative flex w-[calc(100%-50px)] flex-col gizmo:w-full lg:w-[calc(100%-115px)]\">\n<div class=\"flex-col gap-1 md:gap-3\">\n<div class=\"flex flex-grow flex-col max-w-full gap-3 gizmo:gap-0\">\n<div class=\"min-h-[20px] text-message flex flex-col items-start gap-3 whitespace-pre-wrap break-words [.text-message+&amp;]:mt-5 overflow-x-auto\" data-message-author-role=\"user\" data-message-id=\"aaa211f7-967f-428e-a0de-21375213ffb9\">\n<div class=\"\">Gruppometal Carimi Alfio SRL nasce nel 2014 dall\u2019unione di un team di persone con un\u2019esperienza pluridecennale nei campi della lattoneria, coperture, rivestimenti di facciate ed edilizia generale, sia civile che industriale. Il suo obbiettivo \u00e8 quello di aiutare il cliente nel scegliere le soluzioni ed i materiali migliori che pi\u00f9 si adattano alle sue esigenze, seguirlo durante la fase di preventivo, organizzare l\u2019ordine e la consegna ma soprattutto, cosa assai rara, essere presente ed aiutarlo nelle eventuali problematiche che si possono presentare in cantiere.<\/div>\n<\/div>\n<\/div>\n<\/div>\n<\/div>\n<\/div>\n<\/div>\n<\/div>\n<\/div>\n<\/div>\n<p>[\/vc_column_text][\/vc_column][vc_column width=&#8221;1\/6&#8243;][vc_single_image image=&#8221;5595&#8243; img_size=&#8221;large&#8221; onclick=&#8221;custom_link&#8221; img_link_target=&#8221;_blank&#8221; link=&#8221;https:\/\/www.obenauf.si\/&#8221;][\/vc_column][vc_column width=&#8221;1\/6&#8243;][\/vc_column][\/vc_row][vc_row full_width=&#8221;stretch_row_content&#8221; gap=&#8221;10&#8243;][vc_column width=&#8221;1\/6&#8243;][\/vc_column][vc_column width=&#8221;3\/6&#8243;][vc_column_text]<\/p>\n<div class=\"elementor-element elementor-element-d616525 elementor-widget elementor-widget-heading\" data-id=\"d616525\" data-element_type=\"widget\" data-widget_type=\"heading.default\">\n<div class=\"elementor-widget-container\">\n<h3 class=\"elementor-heading-title elementor-size-default\" style=\"text-align: left;\">VOESTALPINE<\/h3>\n<p>&nbsp;<\/p>\n<\/div>\n<\/div>\n<div class=\"elementor-element elementor-element-6ac5afa elementor-widget elementor-widget-text-editor\" data-id=\"6ac5afa\" data-element_type=\"widget\" data-widget_type=\"text-editor.default\">\n<div class=\"elementor-widget-container\">\n<p>Voestalpine \u00e8 un gruppo globale attivo con numerose aziende specializzate e flessibili che producono prodotti in acciaio ad alta qualit\u00e0, li elaborano e li sviluppano. Come partner affidabile, Voestalpine affronta le sfide dei clienti, sia per s\u00e9 che come prima persona di contatto per soluzioni avanzate di prodotti in acciaio. In questo modo, assicura ai nostri clienti di essere un passo avanti agli altri.<\/p>\n<p>Con il materiale di base ad alta tecnologia di millenni di origine, Voestalpine ha creato la base per una partnership di successo e robusta con FILLI STAHLOM, un&#8217;azienda che porta con s\u00e9 130 anni di esperienza e conoscenza dell&#8217;acciaio.<\/p>\n<\/div>\n<\/div>\n<p>[\/vc_column_text][\/vc_column][vc_column width=&#8221;1\/6&#8243;][vc_single_image image=&#8221;3665&#8243; img_size=&#8221;full&#8221; onclick=&#8221;custom_link&#8221; img_link_target=&#8221;_blank&#8221; link=&#8221;https:\/\/www.voestalpine.com\/group\/de\/&#8221;][\/vc_column][vc_column width=&#8221;1\/6&#8243;][\/vc_column][\/vc_row][vc_row full_width=&#8221;stretch_row_content&#8221; gap=&#8221;10&#8243;][vc_column width=&#8221;1\/6&#8243;][\/vc_column][vc_column width=&#8221;3\/6&#8243;][vc_column_text]<\/p>\n<div class=\"elementor-element elementor-element-d616525 elementor-widget elementor-widget-heading\" data-id=\"d616525\" data-element_type=\"widget\" data-widget_type=\"heading.default\">\n<div class=\"elementor-widget-container\">\n<h3 class=\"elementor-heading-title elementor-size-default\" style=\"text-align: left;\">FILLI STAHL<\/h3>\n<p>&nbsp;<\/p>\n<\/div>\n<\/div>\n<div class=\"elementor-element elementor-element-6ac5afa elementor-widget elementor-widget-text-editor\" data-id=\"6ac5afa\" data-element_type=\"widget\" data-widget_type=\"text-editor.default\">\n<div class=\"elementor-widget-container\">\n<p>La forza di FILLI STAHL si basa sul solido fondamento della storia aziendale di oltre 130 anni, sulla conoscenza e su collaboratori professionali e altamente formati. La volont\u00e0 di continuare a evolversi si riflette in approcci innovativi nei servizi, nel processo di lavorazione e in una gamma di prodotti innovativi.<\/p>\n<p>Con il materiale di base ad alta tecnologia di millenni di origine, voestalpine crea la base per una partnership di successo e robusta con FILLI STAHL, un&#8217;azienda che porta con s\u00e9 130 anni di esperienza e conoscenza nell&#8217;ambito dell&#8217;acciaio.<\/p>\n<\/div>\n<\/div>\n<p>[\/vc_column_text][\/vc_column][vc_column width=&#8221;1\/6&#8243;][vc_single_image image=&#8221;3479&#8243; img_size=&#8221;full&#8221; onclick=&#8221;custom_link&#8221; img_link_target=&#8221;_blank&#8221; link=&#8221;https:\/\/www.fillistahl.at\/&#8221;][vc_empty_space][\/vc_column][vc_column width=&#8221;1\/6&#8243;][\/vc_column][\/vc_row][vc_row][vc_column][vc_empty_space][\/vc_column][\/vc_row][vc_row full_width=&#8221;stretch_row_content_no_spaces&#8221; content_placement=&#8221;middle&#8221; css=&#8221;.vc_custom_1673276111050{background-color: #1d5b89 !important;}&#8221;][vc_column width=&#8221;1\/6&#8243;][\/vc_column][vc_column width=&#8221;2\/3&#8243; css=&#8221;.vc_custom_1673250633764{padding-right: 25px !important;padding-left: 25px !important;}&#8221;][vc_column_text]<\/p>\n<h2 style=\"text-align: center;\"><span style=\"color: #ffffff;\">Con un cuore d\u2019acciaio e quindi anche la massima resistenza ai capricci meteorologici pi\u00f9 forti, FIGO AMADE convince su tutta la linea.<br \/>\n<\/span><\/h2>\n<p>[\/vc_column_text][\/vc_column][vc_column width=&#8221;1\/6&#8243;][\/vc_column][\/vc_row][vc_row][vc_column][vc_empty_space][\/vc_column][\/vc_row][vc_row][vc_column]<div class=\"templatera_shortcode\"><style type=\"text\/css\" data-type=\"vc_shortcodes-custom-css\">.vc_custom_1674627070179{margin-bottom: 15px !important;padding-bottom: 0px !important;}<\/style><div data-vc-full-width=\"true\" data-vc-full-width-temp=\"true\" data-vc-full-width-init=\"false\" data-vc-stretch-content=\"true\" class=\"vc_row wpb_row vc_row-fluid vc_row-no-padding\"><div class=\"wpb_column vc_column_container vc_col-sm-12\"><div class=\"vc_column-inner\"><div class=\"wpb_wrapper\">\n\t<div class=\"wpb_text_column wpb_content_element  vc_custom_1674627070179 filli_fake_h1 frontpage_h1\" >\n\t\t<div class=\"wpb_wrapper\">\n\t\t\t<h2 style=\"text-align: center;\">Progetti di riferimento<\/h2>\n\n\t\t<\/div>\n\t<\/div>\n<div class=\"vc_empty_space\"   style=\"height: 32px\"><span class=\"vc_empty_space_inner\"><\/span><\/div>\n<div class=\"vc_grid-container-wrapper vc_clearfix vc_grid-animation-zoomIn\">\n\t<div class=\"vc_grid-container vc_clearfix wpb_content_element vc_masonry_media_grid\" data-initial-loading-animation=\"zoomIn\" data-vc-grid-settings=\"{&quot;page_id&quot;:3780,&quot;style&quot;:&quot;all-masonry&quot;,&quot;action&quot;:&quot;vc_get_vc_grid_data&quot;,&quot;shortcode_id&quot;:&quot;1701699962279-4e84967f-c00e-7&quot;,&quot;tag&quot;:&quot;vc_masonry_media_grid&quot;}\" data-vc-request=\"https:\/\/figo.at\/wp-admin\/admin-ajax.php?lang=it\" data-vc-post-id=\"4840\" data-vc-public-nonce=\"d2d93afeb0\">\n\t\t\n\t<\/div>\n<\/div><\/div><\/div><\/div><\/div><div class=\"vc_row-full-width vc_clearfix\"><\/div>\r\n<\/div>[\/vc_column][\/vc_row]<\/p>\n<\/div>","protected":false},"excerpt":{"rendered":"<p>PARTNER Partner commerciale: Gruppometal Carimi Alfio S.R.L. 13874 Mottalciata (Biella) Strada Statale n. 232 km- 3,2 https:\/\/www.gruppometal.net\/ Gruppometal Carimi Alfio SRL nasce nel 2014 dall\u2019unione di un team di persone con un\u2019esperienza pluridecennale nei campi della lattoneria, coperture, rivestimenti di facciate ed edilizia generale, sia civile che industriale. Il suo obbiettivo \u00e8 quello di aiutare&hellip;<\/p>\n","protected":false},"author":3,"featured_media":0,"parent":3729,"menu_order":0,"comment_status":"closed","ping_status":"closed","template":"template-microsite.php","meta":{"inline_featured_image":false,"footnotes":""},"class_list":["post-4840","page","type-page","status-publish","hentry","description-off"],"yoast_head":"<!-- This site is optimized with the Yoast SEO Premium plugin v27.4 (Yoast SEO v27.4) - https:\/\/yoast.com\/product\/yoast-seo-premium-wordpress\/ -->\n<title>FIGO Partner \u2013 Insieme per soluzioni innovative e all&#039;avanguardia<\/title>\n<meta name=\"description\" content=\"Partner solidi e affidabili sono la garanzia per una collaborazione di successo e per lo sviluppo di soluzioni innovative. Scopri di pi\u00f9 sui nostri partner professionali.\" \/>\n<meta name=\"robots\" content=\"index, follow, max-snippet:-1, max-image-preview:large, max-video-preview:-1\" \/>\n<link rel=\"canonical\" href=\"https:\/\/figo.at\/it\/assistenza\/partner\/\" \/>\n<meta property=\"og:locale\" content=\"it_IT\" \/>\n<meta property=\"og:type\" content=\"article\" \/>\n<meta property=\"og:title\" content=\"Partner\" \/>\n<meta property=\"og:description\" content=\"Partner solidi e affidabili sono la garanzia per una collaborazione di successo e per lo sviluppo di soluzioni innovative. Scopri di pi\u00f9 sui nostri partner professionali.\" \/>\n<meta property=\"og:url\" content=\"https:\/\/figo.at\/it\/assistenza\/partner\/\" \/>\n<meta property=\"og:site_name\" content=\"Figo Dach &amp; Fassade\" \/>\n<meta property=\"article:publisher\" content=\"https:\/\/www.facebook.com\/figodachundfassade\" \/>\n<meta property=\"article:modified_time\" content=\"2023-12-14T07:49:47+00:00\" \/>\n<meta property=\"og:image\" content=\"https:\/\/figo.at\/wp-content\/uploads\/2023\/10\/FIGO-Haus_Berge.jpg\" \/>\n\t<meta property=\"og:image:width\" content=\"1920\" \/>\n\t<meta property=\"og:image:height\" content=\"1080\" \/>\n\t<meta property=\"og:image:type\" content=\"image\/jpeg\" \/>\n<meta name=\"twitter:card\" content=\"summary_large_image\" \/>\n<meta name=\"twitter:label1\" content=\"Tempo di lettura stimato\" \/>\n\t<meta name=\"twitter:data1\" content=\"3 minuti\" \/>\n<script type=\"application\/ld+json\" class=\"yoast-schema-graph\">{\"@context\":\"https:\\\/\\\/schema.org\",\"@graph\":[{\"@type\":\"WebPage\",\"@id\":\"https:\\\/\\\/figo.at\\\/it\\\/assistenza\\\/partner\\\/\",\"url\":\"https:\\\/\\\/figo.at\\\/it\\\/assistenza\\\/partner\\\/\",\"name\":\"FIGO Partner \u2013 Insieme per soluzioni innovative e all'avanguardia\",\"isPartOf\":{\"@id\":\"https:\\\/\\\/figo.at\\\/it\\\/#website\"},\"datePublished\":\"2023-11-27T07:26:12+00:00\",\"dateModified\":\"2023-12-14T07:49:47+00:00\",\"description\":\"Partner solidi e affidabili sono la garanzia per una collaborazione di successo e per lo sviluppo di soluzioni innovative. Scopri di pi\u00f9 sui nostri partner professionali.\",\"breadcrumb\":{\"@id\":\"https:\\\/\\\/figo.at\\\/it\\\/assistenza\\\/partner\\\/#breadcrumb\"},\"inLanguage\":\"it-IT\",\"potentialAction\":[{\"@type\":\"ReadAction\",\"target\":[\"https:\\\/\\\/figo.at\\\/it\\\/assistenza\\\/partner\\\/\"]}]},{\"@type\":\"BreadcrumbList\",\"@id\":\"https:\\\/\\\/figo.at\\\/it\\\/assistenza\\\/partner\\\/#breadcrumb\",\"itemListElement\":[{\"@type\":\"ListItem\",\"position\":1,\"name\":\"Startseite\",\"item\":\"https:\\\/\\\/figo.at\\\/it\\\/\"},{\"@type\":\"ListItem\",\"position\":2,\"name\":\"Assistenza\",\"item\":\"https:\\\/\\\/figo.at\\\/it\\\/services\\\/\"},{\"@type\":\"ListItem\",\"position\":3,\"name\":\"Partner\"}]},{\"@type\":\"WebSite\",\"@id\":\"https:\\\/\\\/figo.at\\\/it\\\/#website\",\"url\":\"https:\\\/\\\/figo.at\\\/it\\\/\",\"name\":\"Figo Dach & Fassade\",\"description\":\"Die Dach- und Fassadenplatte mit 40 Jahren Garantie\",\"publisher\":{\"@id\":\"https:\\\/\\\/figo.at\\\/it\\\/#organization\"},\"potentialAction\":[{\"@type\":\"SearchAction\",\"target\":{\"@type\":\"EntryPoint\",\"urlTemplate\":\"https:\\\/\\\/figo.at\\\/it\\\/?s={search_term_string}\"},\"query-input\":{\"@type\":\"PropertyValueSpecification\",\"valueRequired\":true,\"valueName\":\"search_term_string\"}}],\"inLanguage\":\"it-IT\"},{\"@type\":\"Organization\",\"@id\":\"https:\\\/\\\/figo.at\\\/it\\\/#organization\",\"name\":\"FILLI Stahlgro\u00dfhandelsgesellschaft mit beschr\u00e4nkter Haftung\",\"alternateName\":\"Figo Dach & Fassade\",\"url\":\"https:\\\/\\\/figo.at\\\/it\\\/\",\"logo\":{\"@type\":\"ImageObject\",\"inLanguage\":\"it-IT\",\"@id\":\"https:\\\/\\\/figo.at\\\/it\\\/#\\\/schema\\\/logo\\\/image\\\/\",\"url\":\"https:\\\/\\\/figo.at\\\/wp-content\\\/uploads\\\/2023\\\/11\\\/figo-social.jpg\",\"contentUrl\":\"https:\\\/\\\/figo.at\\\/wp-content\\\/uploads\\\/2023\\\/11\\\/figo-social.jpg\",\"width\":1280,\"height\":720,\"caption\":\"FILLI Stahlgro\u00dfhandelsgesellschaft mit beschr\u00e4nkter Haftung\"},\"image\":{\"@id\":\"https:\\\/\\\/figo.at\\\/it\\\/#\\\/schema\\\/logo\\\/image\\\/\"},\"sameAs\":[\"https:\\\/\\\/www.facebook.com\\\/figodachundfassade\",\"https:\\\/\\\/www.youtube.com\\\/channel\\\/UCo-aYJEemPKnMxxxWg2Em_Q\",\"https:\\\/\\\/www.linkedin.com\\\/company\\\/fillistahl\\\/\",\"https:\\\/\\\/www.instagram.com\\\/figodachundfassade\"],\"description\":\"Komplettl\u00f6sungen f\u00fcr Dach und Fassade samt umfangreichem Zubeh\u00f6r und vielf\u00e4ltigen Farb- und Designvarianten.\",\"email\":\"office@figo.at\",\"telephone\":\"+43 463 379703550\"}]}<\/script>\n<!-- \/ Yoast SEO Premium plugin. -->","yoast_head_json":{"title":"FIGO Partner \u2013 Insieme per soluzioni innovative e all'avanguardia","description":"Partner solidi e affidabili sono la garanzia per una collaborazione di successo e per lo sviluppo di soluzioni innovative. Scopri di pi\u00f9 sui nostri partner professionali.","robots":{"index":"index","follow":"follow","max-snippet":"max-snippet:-1","max-image-preview":"max-image-preview:large","max-video-preview":"max-video-preview:-1"},"canonical":"https:\/\/figo.at\/it\/assistenza\/partner\/","og_locale":"it_IT","og_type":"article","og_title":"Partner","og_description":"Partner solidi e affidabili sono la garanzia per una collaborazione di successo e per lo sviluppo di soluzioni innovative. Scopri di pi\u00f9 sui nostri partner professionali.","og_url":"https:\/\/figo.at\/it\/assistenza\/partner\/","og_site_name":"Figo Dach &amp; Fassade","article_publisher":"https:\/\/www.facebook.com\/figodachundfassade","article_modified_time":"2023-12-14T07:49:47+00:00","og_image":[{"width":1920,"height":1080,"url":"https:\/\/figo.at\/wp-content\/uploads\/2023\/10\/FIGO-Haus_Berge.jpg","type":"image\/jpeg"}],"twitter_card":"summary_large_image","twitter_misc":{"Tempo di lettura stimato":"3 minuti"},"schema":{"@context":"https:\/\/schema.org","@graph":[{"@type":"WebPage","@id":"https:\/\/figo.at\/it\/assistenza\/partner\/","url":"https:\/\/figo.at\/it\/assistenza\/partner\/","name":"FIGO Partner \u2013 Insieme per soluzioni innovative e all'avanguardia","isPartOf":{"@id":"https:\/\/figo.at\/it\/#website"},"datePublished":"2023-11-27T07:26:12+00:00","dateModified":"2023-12-14T07:49:47+00:00","description":"Partner solidi e affidabili sono la garanzia per una collaborazione di successo e per lo sviluppo di soluzioni innovative. Scopri di pi\u00f9 sui nostri partner professionali.","breadcrumb":{"@id":"https:\/\/figo.at\/it\/assistenza\/partner\/#breadcrumb"},"inLanguage":"it-IT","potentialAction":[{"@type":"ReadAction","target":["https:\/\/figo.at\/it\/assistenza\/partner\/"]}]},{"@type":"BreadcrumbList","@id":"https:\/\/figo.at\/it\/assistenza\/partner\/#breadcrumb","itemListElement":[{"@type":"ListItem","position":1,"name":"Startseite","item":"https:\/\/figo.at\/it\/"},{"@type":"ListItem","position":2,"name":"Assistenza","item":"https:\/\/figo.at\/it\/services\/"},{"@type":"ListItem","position":3,"name":"Partner"}]},{"@type":"WebSite","@id":"https:\/\/figo.at\/it\/#website","url":"https:\/\/figo.at\/it\/","name":"Figo Dach & Fassade","description":"Die Dach- und Fassadenplatte mit 40 Jahren Garantie","publisher":{"@id":"https:\/\/figo.at\/it\/#organization"},"potentialAction":[{"@type":"SearchAction","target":{"@type":"EntryPoint","urlTemplate":"https:\/\/figo.at\/it\/?s={search_term_string}"},"query-input":{"@type":"PropertyValueSpecification","valueRequired":true,"valueName":"search_term_string"}}],"inLanguage":"it-IT"},{"@type":"Organization","@id":"https:\/\/figo.at\/it\/#organization","name":"FILLI Stahlgro\u00dfhandelsgesellschaft mit beschr\u00e4nkter Haftung","alternateName":"Figo Dach & Fassade","url":"https:\/\/figo.at\/it\/","logo":{"@type":"ImageObject","inLanguage":"it-IT","@id":"https:\/\/figo.at\/it\/#\/schema\/logo\/image\/","url":"https:\/\/figo.at\/wp-content\/uploads\/2023\/11\/figo-social.jpg","contentUrl":"https:\/\/figo.at\/wp-content\/uploads\/2023\/11\/figo-social.jpg","width":1280,"height":720,"caption":"FILLI Stahlgro\u00dfhandelsgesellschaft mit beschr\u00e4nkter Haftung"},"image":{"@id":"https:\/\/figo.at\/it\/#\/schema\/logo\/image\/"},"sameAs":["https:\/\/www.facebook.com\/figodachundfassade","https:\/\/www.youtube.com\/channel\/UCo-aYJEemPKnMxxxWg2Em_Q","https:\/\/www.linkedin.com\/company\/fillistahl\/","https:\/\/www.instagram.com\/figodachundfassade"],"description":"Komplettl\u00f6sungen f\u00fcr Dach und Fassade samt umfangreichem Zubeh\u00f6r und vielf\u00e4ltigen Farb- und Designvarianten.","email":"office@figo.at","telephone":"+43 463 379703550"}]}},"_links":{"self":[{"href":"https:\/\/figo.at\/it\/wp-json\/wp\/v2\/pages\/4840","targetHints":{"allow":["GET"]}}],"collection":[{"href":"https:\/\/figo.at\/it\/wp-json\/wp\/v2\/pages"}],"about":[{"href":"https:\/\/figo.at\/it\/wp-json\/wp\/v2\/types\/page"}],"author":[{"embeddable":true,"href":"https:\/\/figo.at\/it\/wp-json\/wp\/v2\/users\/3"}],"replies":[{"embeddable":true,"href":"https:\/\/figo.at\/it\/wp-json\/wp\/v2\/comments?post=4840"}],"version-history":[{"count":8,"href":"https:\/\/figo.at\/it\/wp-json\/wp\/v2\/pages\/4840\/revisions"}],"predecessor-version":[{"id":5604,"href":"https:\/\/figo.at\/it\/wp-json\/wp\/v2\/pages\/4840\/revisions\/5604"}],"up":[{"embeddable":true,"href":"https:\/\/figo.at\/it\/wp-json\/wp\/v2\/pages\/3729"}],"wp:attachment":[{"href":"https:\/\/figo.at\/it\/wp-json\/wp\/v2\/media?parent=4840"}],"curies":[{"name":"wp","href":"https:\/\/api.w.org\/{rel}","templated":true}]}}