{"id":3823,"date":"2023-01-31T10:51:19","date_gmt":"2023-01-31T09:51:19","guid":{"rendered":"https:\/\/figo.at\/?page_id=3823"},"modified":"2023-12-14T08:49:57","modified_gmt":"2023-12-14T07:49:57","slug":"prenesi","status":"publish","type":"page","link":"https:\/\/figo.at\/sl\/prenesi\/","title":{"rendered":"Prenesi"},"content":{"rendered":"<div class=\"wpb-content-wrapper\"><p>[vc_row full_width=&#8221;stretch_row_content&#8221; content_placement=&#8221;bottom&#8221; css=&#8221;.vc_custom_1673330803510{background-image: url(https:\/\/figo.at\/wp-content\/uploads\/2022\/11\/FIGO17_KK_Ref-Mai_DSC9915_15cm.jpg?id=2682) !important;background-position: center !important;background-repeat: no-repeat !important;background-size: cover !important;}&#8221;][vc_column][vc_empty_space height=&#8221;450px&#8221;][\/vc_column][\/vc_row][vc_row][vc_column width=&#8221;1\/3&#8243;][vc_empty_space]<div class=\"filli_downloads \" id=\"\" ><h3>Spletni katalogi<\/h3><a target=\"_blank\" href=\"https:\/\/www.yumpu.com\/xx\/embed\/view\/bz4M8ld7a5YHCQkN\"><img decoding=\"async\" src=\"\/wp-content\/uploads\/2022\/01\/pdf-icon.svg\">FIGO AMADE Produktdatenblatt<\/a><a target=\"_blank\" href=\"https:\/\/www.yumpu.com\/xx\/embed\/view\/JxgRX3Tkyp7NCE6h\"><img decoding=\"async\" src=\"\/wp-content\/uploads\/2022\/01\/pdf-icon.svg\">FIGO AMADE Produktdatenblatt Kupfer<\/a><a target=\"_blank\" href=\"https:\/\/www.yumpu.com\/xx\/embed\/view\/JxgRX3Tkyp7NCE6h\"><img decoding=\"async\" src=\"\/wp-content\/uploads\/2022\/01\/pdf-icon.svg\">FIGO AMADE Produktdatenblatt Zink<\/a><a target=\"_blank\" href=\"https:\/\/www.yumpu.com\/en\/embed\/view\/YZvkVU13XwlncBMI\"><img decoding=\"async\" src=\"\/wp-content\/uploads\/2022\/01\/pdf-icon.svg\">FIGO QUATTRO Produktdatenblatt<\/a><a target=\"_blank\" href=\"https:\/\/www.yumpu.com\/xx\/embed\/view\/uYqJtaDoP2FTKAw7\"><img decoding=\"async\" src=\"\/wp-content\/uploads\/2022\/01\/pdf-icon.svg\">FIGO RAUTE Produktdatenblatt<\/a><\/div>[\/vc_column][vc_column width=&#8221;1\/3&#8243;][vc_empty_space]<div class=\"filli_downloads \" id=\"\" ><h3>Download<\/h3><a target=\"_blank\" href=\"https:\/\/figo.at\/wp-content\/uploads\/2023\/10\/FIGO-Amade-Folder-SI.pdf\"><img decoding=\"async\" src=\"\/wp-content\/uploads\/2022\/01\/pdf-icon.svg\">FIGO Amade Folder SI<\/a><a target=\"_blank\" href=\"https:\/\/figo.at\/wp-content\/uploads\/2023\/10\/FIGO-Quattro-Folder-SI.pdf\"><img decoding=\"async\" src=\"\/wp-content\/uploads\/2022\/01\/pdf-icon.svg\">FIGO Quattro Folder SI<\/a><a target=\"_blank\" href=\"https:\/\/figo.at\/wp-content\/uploads\/2023\/10\/FIGO-Raute-Folder-SI.pdf\"><img decoding=\"async\" src=\"\/wp-content\/uploads\/2022\/01\/pdf-icon.svg\">FIGO Raute Folder SI<\/a><a target=\"_blank\" href=\"https:\/\/figo.at\/wp-content\/uploads\/2022\/06\/DOP_Leistungserklaerung-FIGO-Bandbleche-SI.pdf\"><img decoding=\"async\" src=\"\/wp-content\/uploads\/2022\/01\/pdf-icon.svg\">Leistungserkl\u00e4rung FIGO Bandbleche SI<\/a><a target=\"_blank\" href=\"https:\/\/figo.at\/wp-content\/uploads\/2022\/06\/DOP_Leistungserklaerung-FIGO-Dach-und-Fassade-SI.pdf\"><img decoding=\"async\" src=\"\/wp-content\/uploads\/2022\/01\/pdf-icon.svg\">Leistungserkl\u00e4rung FIGO Dach &#038; Fassade SI<\/a><\/div>[\/vc_column][vc_column width=&#8221;1\/3&#8243;][\/vc_column][\/vc_row][vc_row][vc_column]<div class=\"templatera_shortcode\"><style type=\"text\/css\" data-type=\"vc_shortcodes-custom-css\">.vc_custom_1699345417487{margin-bottom: 15px !important;padding-bottom: 0px !important;}<\/style><div data-vc-full-width=\"true\" data-vc-full-width-temp=\"true\" data-vc-full-width-init=\"false\" data-vc-stretch-content=\"true\" class=\"vc_row wpb_row vc_row-fluid vc_row-no-padding\"><div class=\"wpb_column vc_column_container vc_col-sm-12\"><div class=\"vc_column-inner\"><div class=\"wpb_wrapper\">\n\t<div class=\"wpb_text_column wpb_content_element  vc_custom_1699345417487 filli_fake_h1 frontpage_h1\" >\n\t\t<div class=\"wpb_wrapper\">\n\t\t\t<h2 style=\"text-align: center;\">Referen\u010dni projekti<\/h2>\n\n\t\t<\/div>\n\t<\/div>\n<div class=\"vc_empty_space\"   style=\"height: 32px\"><span class=\"vc_empty_space_inner\"><\/span><\/div>\n<div class=\"vc_grid-container-wrapper vc_clearfix vc_grid-animation-zoomIn\">\n\t<div class=\"vc_grid-container vc_clearfix wpb_content_element vc_masonry_media_grid\" data-initial-loading-animation=\"zoomIn\" data-vc-grid-settings=\"{&quot;page_id&quot;:3856,&quot;style&quot;:&quot;all-masonry&quot;,&quot;action&quot;:&quot;vc_get_vc_grid_data&quot;,&quot;shortcode_id&quot;:&quot;1701700825993-70f9eac0-33c7-0&quot;,&quot;tag&quot;:&quot;vc_masonry_media_grid&quot;}\" data-vc-request=\"https:\/\/figo.at\/wp-admin\/admin-ajax.php?lang=sl\" data-vc-post-id=\"2143\" data-vc-public-nonce=\"d2d93afeb0\">\n\t\t\n\t<\/div>\n<\/div><\/div><\/div><\/div><\/div><div class=\"vc_row-full-width vc_clearfix\"><\/div>\r\n<\/div>[\/vc_column][\/vc_row]<\/p>\n<\/div>","protected":false},"excerpt":{"rendered":"","protected":false},"author":3,"featured_media":0,"parent":0,"menu_order":11,"comment_status":"closed","ping_status":"closed","template":"template-microsite.php","meta":{"inline_featured_image":false,"footnotes":""},"class_list":["post-3823","page","type-page","status-publish","hentry","description-off"],"yoast_head":"<!-- This site is optimized with the Yoast SEO Premium plugin v27.4 (Yoast SEO v27.4) - https:\/\/yoast.com\/product\/yoast-seo-premium-wordpress\/ -->\n<title>FIGO prenosi - Prenesite si dragocene vire in informacije<\/title>\n<meta name=\"description\" content=\"Pridobite si s FIGO prenosi dragocene vire in informacije. Izpopolnite svoje znanje in sposobnosti z na\u0161imi uporabnimi gradivi. Prenesi zdaj!\" \/>\n<meta name=\"robots\" content=\"index, follow, max-snippet:-1, max-image-preview:large, max-video-preview:-1\" \/>\n<link rel=\"canonical\" href=\"https:\/\/figo.at\/sl\/prenesi\/\" \/>\n<meta property=\"og:locale\" content=\"sl_SI\" \/>\n<meta property=\"og:type\" content=\"article\" \/>\n<meta property=\"og:title\" content=\"Prenesi\" \/>\n<meta property=\"og:description\" content=\"Pridobite si s FIGO prenosi dragocene vire in informacije. Izpopolnite svoje znanje in sposobnosti z na\u0161imi uporabnimi gradivi. Prenesi zdaj!\" \/>\n<meta property=\"og:url\" content=\"https:\/\/figo.at\/sl\/prenesi\/\" \/>\n<meta property=\"og:site_name\" content=\"Figo Dach &amp; Fassade\" \/>\n<meta property=\"article:publisher\" content=\"https:\/\/www.facebook.com\/figodachundfassade\" \/>\n<meta property=\"article:modified_time\" content=\"2023-12-14T07:49:57+00:00\" \/>\n<meta property=\"og:image\" content=\"https:\/\/figo.at\/wp-content\/uploads\/2023\/10\/FIGO-Haus_Berge.jpg\" \/>\n\t<meta property=\"og:image:width\" content=\"1920\" \/>\n\t<meta property=\"og:image:height\" content=\"1080\" \/>\n\t<meta property=\"og:image:type\" content=\"image\/jpeg\" \/>\n<meta name=\"twitter:card\" content=\"summary_large_image\" \/>\n<meta name=\"twitter:label1\" content=\"Est. reading time\" \/>\n\t<meta name=\"twitter:data1\" content=\"1 minuta\" \/>\n<script type=\"application\/ld+json\" class=\"yoast-schema-graph\">{\"@context\":\"https:\\\/\\\/schema.org\",\"@graph\":[{\"@type\":\"WebPage\",\"@id\":\"https:\\\/\\\/figo.at\\\/sl\\\/prenesi\\\/\",\"url\":\"https:\\\/\\\/figo.at\\\/sl\\\/prenesi\\\/\",\"name\":\"FIGO prenosi - Prenesite si dragocene vire in informacije\",\"isPartOf\":{\"@id\":\"https:\\\/\\\/figo.at\\\/sl\\\/#website\"},\"datePublished\":\"2023-01-31T09:51:19+00:00\",\"dateModified\":\"2023-12-14T07:49:57+00:00\",\"description\":\"Pridobite si s FIGO prenosi dragocene vire in informacije. Izpopolnite svoje znanje in sposobnosti z na\u0161imi uporabnimi gradivi. Prenesi zdaj!\",\"breadcrumb\":{\"@id\":\"https:\\\/\\\/figo.at\\\/sl\\\/prenesi\\\/#breadcrumb\"},\"inLanguage\":\"sl-SI\",\"potentialAction\":[{\"@type\":\"ReadAction\",\"target\":[\"https:\\\/\\\/figo.at\\\/sl\\\/prenesi\\\/\"]}]},{\"@type\":\"BreadcrumbList\",\"@id\":\"https:\\\/\\\/figo.at\\\/sl\\\/prenesi\\\/#breadcrumb\",\"itemListElement\":[{\"@type\":\"ListItem\",\"position\":1,\"name\":\"Startseite\",\"item\":\"https:\\\/\\\/figo.at\\\/sl\\\/\"},{\"@type\":\"ListItem\",\"position\":2,\"name\":\"Prenesi\"}]},{\"@type\":\"WebSite\",\"@id\":\"https:\\\/\\\/figo.at\\\/sl\\\/#website\",\"url\":\"https:\\\/\\\/figo.at\\\/sl\\\/\",\"name\":\"Figo Dach & Fassade\",\"description\":\"Die Dach- und Fassadenplatte mit 40 Jahren Garantie\",\"publisher\":{\"@id\":\"https:\\\/\\\/figo.at\\\/sl\\\/#organization\"},\"potentialAction\":[{\"@type\":\"SearchAction\",\"target\":{\"@type\":\"EntryPoint\",\"urlTemplate\":\"https:\\\/\\\/figo.at\\\/sl\\\/?s={search_term_string}\"},\"query-input\":{\"@type\":\"PropertyValueSpecification\",\"valueRequired\":true,\"valueName\":\"search_term_string\"}}],\"inLanguage\":\"sl-SI\"},{\"@type\":\"Organization\",\"@id\":\"https:\\\/\\\/figo.at\\\/sl\\\/#organization\",\"name\":\"FILLI Stahlgro\u00dfhandelsgesellschaft mit beschr\u00e4nkter Haftung\",\"alternateName\":\"Figo Dach & Fassade\",\"url\":\"https:\\\/\\\/figo.at\\\/sl\\\/\",\"logo\":{\"@type\":\"ImageObject\",\"inLanguage\":\"sl-SI\",\"@id\":\"https:\\\/\\\/figo.at\\\/sl\\\/#\\\/schema\\\/logo\\\/image\\\/\",\"url\":\"https:\\\/\\\/figo.at\\\/wp-content\\\/uploads\\\/2023\\\/11\\\/figo-social.jpg\",\"contentUrl\":\"https:\\\/\\\/figo.at\\\/wp-content\\\/uploads\\\/2023\\\/11\\\/figo-social.jpg\",\"width\":1280,\"height\":720,\"caption\":\"FILLI Stahlgro\u00dfhandelsgesellschaft mit beschr\u00e4nkter Haftung\"},\"image\":{\"@id\":\"https:\\\/\\\/figo.at\\\/sl\\\/#\\\/schema\\\/logo\\\/image\\\/\"},\"sameAs\":[\"https:\\\/\\\/www.facebook.com\\\/figodachundfassade\",\"https:\\\/\\\/www.youtube.com\\\/channel\\\/UCo-aYJEemPKnMxxxWg2Em_Q\",\"https:\\\/\\\/www.linkedin.com\\\/company\\\/fillistahl\\\/\",\"https:\\\/\\\/www.instagram.com\\\/figodachundfassade\"],\"description\":\"Komplettl\u00f6sungen f\u00fcr Dach und Fassade samt umfangreichem Zubeh\u00f6r und vielf\u00e4ltigen Farb- und Designvarianten.\",\"email\":\"office@figo.at\",\"telephone\":\"+43 463 379703550\"}]}<\/script>\n<!-- \/ Yoast SEO Premium plugin. -->","yoast_head_json":{"title":"FIGO prenosi - Prenesite si dragocene vire in informacije","description":"Pridobite si s FIGO prenosi dragocene vire in informacije. Izpopolnite svoje znanje in sposobnosti z na\u0161imi uporabnimi gradivi. Prenesi zdaj!","robots":{"index":"index","follow":"follow","max-snippet":"max-snippet:-1","max-image-preview":"max-image-preview:large","max-video-preview":"max-video-preview:-1"},"canonical":"https:\/\/figo.at\/sl\/prenesi\/","og_locale":"sl_SI","og_type":"article","og_title":"Prenesi","og_description":"Pridobite si s FIGO prenosi dragocene vire in informacije. Izpopolnite svoje znanje in sposobnosti z na\u0161imi uporabnimi gradivi. Prenesi zdaj!","og_url":"https:\/\/figo.at\/sl\/prenesi\/","og_site_name":"Figo Dach &amp; Fassade","article_publisher":"https:\/\/www.facebook.com\/figodachundfassade","article_modified_time":"2023-12-14T07:49:57+00:00","og_image":[{"width":1920,"height":1080,"url":"https:\/\/figo.at\/wp-content\/uploads\/2023\/10\/FIGO-Haus_Berge.jpg","type":"image\/jpeg"}],"twitter_card":"summary_large_image","twitter_misc":{"Est. reading time":"1 minuta"},"schema":{"@context":"https:\/\/schema.org","@graph":[{"@type":"WebPage","@id":"https:\/\/figo.at\/sl\/prenesi\/","url":"https:\/\/figo.at\/sl\/prenesi\/","name":"FIGO prenosi - Prenesite si dragocene vire in informacije","isPartOf":{"@id":"https:\/\/figo.at\/sl\/#website"},"datePublished":"2023-01-31T09:51:19+00:00","dateModified":"2023-12-14T07:49:57+00:00","description":"Pridobite si s FIGO prenosi dragocene vire in informacije. Izpopolnite svoje znanje in sposobnosti z na\u0161imi uporabnimi gradivi. Prenesi zdaj!","breadcrumb":{"@id":"https:\/\/figo.at\/sl\/prenesi\/#breadcrumb"},"inLanguage":"sl-SI","potentialAction":[{"@type":"ReadAction","target":["https:\/\/figo.at\/sl\/prenesi\/"]}]},{"@type":"BreadcrumbList","@id":"https:\/\/figo.at\/sl\/prenesi\/#breadcrumb","itemListElement":[{"@type":"ListItem","position":1,"name":"Startseite","item":"https:\/\/figo.at\/sl\/"},{"@type":"ListItem","position":2,"name":"Prenesi"}]},{"@type":"WebSite","@id":"https:\/\/figo.at\/sl\/#website","url":"https:\/\/figo.at\/sl\/","name":"Figo Dach & Fassade","description":"Die Dach- und Fassadenplatte mit 40 Jahren Garantie","publisher":{"@id":"https:\/\/figo.at\/sl\/#organization"},"potentialAction":[{"@type":"SearchAction","target":{"@type":"EntryPoint","urlTemplate":"https:\/\/figo.at\/sl\/?s={search_term_string}"},"query-input":{"@type":"PropertyValueSpecification","valueRequired":true,"valueName":"search_term_string"}}],"inLanguage":"sl-SI"},{"@type":"Organization","@id":"https:\/\/figo.at\/sl\/#organization","name":"FILLI Stahlgro\u00dfhandelsgesellschaft mit beschr\u00e4nkter Haftung","alternateName":"Figo Dach & Fassade","url":"https:\/\/figo.at\/sl\/","logo":{"@type":"ImageObject","inLanguage":"sl-SI","@id":"https:\/\/figo.at\/sl\/#\/schema\/logo\/image\/","url":"https:\/\/figo.at\/wp-content\/uploads\/2023\/11\/figo-social.jpg","contentUrl":"https:\/\/figo.at\/wp-content\/uploads\/2023\/11\/figo-social.jpg","width":1280,"height":720,"caption":"FILLI Stahlgro\u00dfhandelsgesellschaft mit beschr\u00e4nkter Haftung"},"image":{"@id":"https:\/\/figo.at\/sl\/#\/schema\/logo\/image\/"},"sameAs":["https:\/\/www.facebook.com\/figodachundfassade","https:\/\/www.youtube.com\/channel\/UCo-aYJEemPKnMxxxWg2Em_Q","https:\/\/www.linkedin.com\/company\/fillistahl\/","https:\/\/www.instagram.com\/figodachundfassade"],"description":"Komplettl\u00f6sungen f\u00fcr Dach und Fassade samt umfangreichem Zubeh\u00f6r und vielf\u00e4ltigen Farb- und Designvarianten.","email":"office@figo.at","telephone":"+43 463 379703550"}]}},"_links":{"self":[{"href":"https:\/\/figo.at\/sl\/wp-json\/wp\/v2\/pages\/3823","targetHints":{"allow":["GET"]}}],"collection":[{"href":"https:\/\/figo.at\/sl\/wp-json\/wp\/v2\/pages"}],"about":[{"href":"https:\/\/figo.at\/sl\/wp-json\/wp\/v2\/types\/page"}],"author":[{"embeddable":true,"href":"https:\/\/figo.at\/sl\/wp-json\/wp\/v2\/users\/3"}],"replies":[{"embeddable":true,"href":"https:\/\/figo.at\/sl\/wp-json\/wp\/v2\/comments?post=3823"}],"version-history":[{"count":7,"href":"https:\/\/figo.at\/sl\/wp-json\/wp\/v2\/pages\/3823\/revisions"}],"predecessor-version":[{"id":5610,"href":"https:\/\/figo.at\/sl\/wp-json\/wp\/v2\/pages\/3823\/revisions\/5610"}],"wp:attachment":[{"href":"https:\/\/figo.at\/sl\/wp-json\/wp\/v2\/media?parent=3823"}],"curies":[{"name":"wp","href":"https:\/\/api.w.org\/{rel}","templated":true}]}}