{"id":4703,"date":"2023-05-10T09:04:40","date_gmt":"2023-05-10T07:04:40","guid":{"rendered":"https:\/\/figo.at\/?page_id=4703"},"modified":"2023-12-14T08:50:08","modified_gmt":"2023-12-14T07:50:08","slug":"barve","status":"publish","type":"page","link":"https:\/\/figo.at\/sl\/produkti\/barve\/","title":{"rendered":"Barve"},"content":{"rendered":"<div class=\"wpb-content-wrapper\"><p>[vc_row full_width=&#8221;stretch_row_content&#8221; css=&#8221;.vc_custom_1694072889481{background-image: url(https:\/\/figo.at\/wp-content\/uploads\/2023\/09\/figo-farbpalette-header-1.jpg?id=4913) !important;background-position: center !important;background-repeat: no-repeat !important;background-size: cover !important;}&#8221;][vc_column][vc_empty_space height=&#8221;450px&#8221;][\/vc_column][\/vc_row][vc_row][vc_column][vc_empty_space][vc_column_text]<\/p>\n<h1 style=\"text-align: center; text-decoration: underline;\">Barve na\u0161ih stre\u0161nih in fasadnih plo\u0161\u010d<\/h1>\n<p>[\/vc_column_text][vc_empty_space][\/vc_column][\/vc_row][vc_row full_width=&#8221;stretch_row_content&#8221; gap=&#8221;10&#8243;][vc_column width=&#8221;1\/6&#8243;][\/vc_column][vc_column width=&#8221;4\/6&#8243;][vc_column_text]Figo ponuja s svojim raznolikim izborom barv vse od klasi\u010dnih tonov, pa tja do \u017eivih, modernih barvnih kombinacij, ki estetsko dopolnjujejo vsak stil gradnje. Izdelki so proizvedeni iz visokokakovostnih\u00a0 materialov, ki so na \u017eivljenjsko dobo ter odpornost tudi skrbno preizku\u0161eni. S tem zagotavljamo, da bodo izpolnili vsem pri\u010dakovanjem, ki jih imate glede varnosti svojega doma oz. objekta.<\/p>\n<p>Na\u0161e strokovnjakinje in strokovnjaki so vam stalno na razpolago, da vam svetujejo in pomagajo pri izbiri barve iz na\u0161e ponudbe, ki bo najboj primerna pri izvedbi va\u0161ega projekta. Ponujamo vam tudi mo\u017enost individualnih re\u0161itev z namenom, da vam bomo pomagali uresni\u010diti vse va\u0161e predstave in zahteve.<\/p>\n<p>[\/vc_column_text][\/vc_column][vc_column width=&#8221;1\/6&#8243;][\/vc_column][\/vc_row][vc_row gap=&#8221;10&#8243;][vc_column width=&#8221;1\/6&#8243;][\/vc_column][vc_column width=&#8221;4\/6&#8243;]<style type=\"text\/css\" data-type=\"the7_shortcodes-inline-css\">#default-btn-a872b096dced7910c2e4b75fa81487f2.ico-right-side > i {\n  margin-right: 0px;\n  margin-left: 8px;\n}\n#default-btn-a872b096dced7910c2e4b75fa81487f2 > i {\n  margin-right: 8px;\n}<\/style><div class=\"btn-align-center\"><a href=\"\/wp-content\/uploads\/2023\/05\/figo-farben-slo.pdf\" class=\"default-btn-shortcode dt-btn dt-btn-l link-hover-off \" target=\"_blank\" id=\"default-btn-a872b096dced7910c2e4b75fa81487f2\" rel=\"noopener\"><span>Nalo\u017eite si FIGO barvni izbor<\/span><\/a><\/div>[\/vc_column][vc_column width=&#8221;1\/6&#8243;][\/vc_column][\/vc_row][vc_row full_width=&#8221;stretch_row_content&#8221; gap=&#8221;10&#8243; equal_height=&#8221;yes&#8221;][vc_column width=&#8221;1\/6&#8243;][\/vc_column][vc_column width=&#8221;4\/6&#8243;][vc_empty_space][vc_single_image image=&#8221;4704&#8243; img_size=&#8221;full&#8221; alignment=&#8221;center&#8221;][\/vc_column][vc_column width=&#8221;1\/6&#8243;][\/vc_column][\/vc_row]<\/p>\n<\/div>","protected":false},"excerpt":{"rendered":"<p>[vc_row full_width=&#8221;stretch_row_content&#8221; css=&#8221;.vc_custom_1694072889481{background-image: url(https:\/\/figo.at\/wp-content\/uploads\/2023\/09\/figo-farbpalette-header-1.jpg?id=4913) !important;background-position: center !important;background-repeat: no-repeat !important;background-size: cover !important;}&#8221;][vc_column][vc_empty_space height=&#8221;450px&#8221;][\/vc_column][\/vc_row][vc_row][vc_column][vc_empty_space][vc_column_text] Barve na\u0161ih stre\u0161nih in fasadnih plo\u0161\u010d [\/vc_column_text][vc_empty_space][\/vc_column][\/vc_row][vc_row full_width=&#8221;stretch_row_content&#8221; gap=&#8221;10&#8243;][vc_column width=&#8221;1\/6&#8243;][\/vc_column][vc_column width=&#8221;4\/6&#8243;][vc_column_text]Figo ponuja s svojim raznolikim izborom barv vse od klasi\u010dnih tonov, pa tja do \u017eivih, modernih barvnih kombinacij, ki estetsko dopolnjujejo vsak stil gradnje. Izdelki so proizvedeni iz visokokakovostnih\u00a0 materialov, ki so na&hellip;<\/p>\n","protected":false},"author":3,"featured_media":0,"parent":3817,"menu_order":7,"comment_status":"closed","ping_status":"closed","template":"template-microsite.php","meta":{"inline_featured_image":false,"footnotes":""},"class_list":["post-4703","page","type-page","status-publish","hentry","description-off"],"yoast_head":"<!-- This site is optimized with the Yoast SEO Premium plugin v27.4 (Yoast SEO v27.4) - https:\/\/yoast.com\/product\/yoast-seo-premium-wordpress\/ -->\n<title>FIGO barve - raznolike mo\u017enosti izbire za streho in fasado<\/title>\n<meta name=\"description\" content=\"Odkrijte barvno paleto raznolikih mo\u017enosti za streho in fasado. Oblikujte svoj projekt ob \u0161iroki izbiri privla\u010dnih barvnih mo\u017enosti.\" \/>\n<meta name=\"robots\" content=\"index, follow, max-snippet:-1, max-image-preview:large, max-video-preview:-1\" \/>\n<link rel=\"canonical\" href=\"https:\/\/figo.at\/sl\/produkti\/barve\/\" \/>\n<meta property=\"og:locale\" content=\"sl_SI\" \/>\n<meta property=\"og:type\" content=\"article\" \/>\n<meta property=\"og:title\" content=\"Barve\" \/>\n<meta property=\"og:description\" content=\"Odkrijte barvno paleto raznolikih mo\u017enosti za streho in fasado. Oblikujte svoj projekt ob \u0161iroki izbiri privla\u010dnih barvnih mo\u017enosti.\" \/>\n<meta property=\"og:url\" content=\"https:\/\/figo.at\/sl\/produkti\/barve\/\" \/>\n<meta property=\"og:site_name\" content=\"Figo Dach &amp; Fassade\" \/>\n<meta property=\"article:publisher\" content=\"https:\/\/www.facebook.com\/figodachundfassade\" \/>\n<meta property=\"article:modified_time\" content=\"2023-12-14T07:50:08+00:00\" \/>\n<meta property=\"og:image\" content=\"https:\/\/figo.at\/wp-content\/uploads\/2023\/10\/FIGO-Haus_Berge.jpg\" \/>\n\t<meta property=\"og:image:width\" content=\"1920\" \/>\n\t<meta property=\"og:image:height\" content=\"1080\" \/>\n\t<meta property=\"og:image:type\" content=\"image\/jpeg\" \/>\n<meta name=\"twitter:card\" content=\"summary_large_image\" \/>\n<meta name=\"twitter:label1\" content=\"Est. reading time\" \/>\n\t<meta name=\"twitter:data1\" content=\"1 minuta\" \/>\n<script type=\"application\/ld+json\" class=\"yoast-schema-graph\">{\"@context\":\"https:\\\/\\\/schema.org\",\"@graph\":[{\"@type\":\"WebPage\",\"@id\":\"https:\\\/\\\/figo.at\\\/sl\\\/produkti\\\/barve\\\/\",\"url\":\"https:\\\/\\\/figo.at\\\/sl\\\/produkti\\\/barve\\\/\",\"name\":\"FIGO barve - raznolike mo\u017enosti izbire za streho in fasado\",\"isPartOf\":{\"@id\":\"https:\\\/\\\/figo.at\\\/sl\\\/#website\"},\"datePublished\":\"2023-05-10T07:04:40+00:00\",\"dateModified\":\"2023-12-14T07:50:08+00:00\",\"description\":\"Odkrijte barvno paleto raznolikih mo\u017enosti za streho in fasado. Oblikujte svoj projekt ob \u0161iroki izbiri privla\u010dnih barvnih mo\u017enosti.\",\"breadcrumb\":{\"@id\":\"https:\\\/\\\/figo.at\\\/sl\\\/produkti\\\/barve\\\/#breadcrumb\"},\"inLanguage\":\"sl-SI\",\"potentialAction\":[{\"@type\":\"ReadAction\",\"target\":[\"https:\\\/\\\/figo.at\\\/sl\\\/produkti\\\/barve\\\/\"]}]},{\"@type\":\"BreadcrumbList\",\"@id\":\"https:\\\/\\\/figo.at\\\/sl\\\/produkti\\\/barve\\\/#breadcrumb\",\"itemListElement\":[{\"@type\":\"ListItem\",\"position\":1,\"name\":\"Startseite\",\"item\":\"https:\\\/\\\/figo.at\\\/sl\\\/\"},{\"@type\":\"ListItem\",\"position\":2,\"name\":\"Produkti\",\"item\":\"https:\\\/\\\/figo.at\\\/sl\\\/produkte\\\/\"},{\"@type\":\"ListItem\",\"position\":3,\"name\":\"Barve\"}]},{\"@type\":\"WebSite\",\"@id\":\"https:\\\/\\\/figo.at\\\/sl\\\/#website\",\"url\":\"https:\\\/\\\/figo.at\\\/sl\\\/\",\"name\":\"Figo Dach & Fassade\",\"description\":\"Die Dach- und Fassadenplatte mit 40 Jahren Garantie\",\"publisher\":{\"@id\":\"https:\\\/\\\/figo.at\\\/sl\\\/#organization\"},\"potentialAction\":[{\"@type\":\"SearchAction\",\"target\":{\"@type\":\"EntryPoint\",\"urlTemplate\":\"https:\\\/\\\/figo.at\\\/sl\\\/?s={search_term_string}\"},\"query-input\":{\"@type\":\"PropertyValueSpecification\",\"valueRequired\":true,\"valueName\":\"search_term_string\"}}],\"inLanguage\":\"sl-SI\"},{\"@type\":\"Organization\",\"@id\":\"https:\\\/\\\/figo.at\\\/sl\\\/#organization\",\"name\":\"FILLI Stahlgro\u00dfhandelsgesellschaft mit beschr\u00e4nkter Haftung\",\"alternateName\":\"Figo Dach & Fassade\",\"url\":\"https:\\\/\\\/figo.at\\\/sl\\\/\",\"logo\":{\"@type\":\"ImageObject\",\"inLanguage\":\"sl-SI\",\"@id\":\"https:\\\/\\\/figo.at\\\/sl\\\/#\\\/schema\\\/logo\\\/image\\\/\",\"url\":\"https:\\\/\\\/figo.at\\\/wp-content\\\/uploads\\\/2023\\\/11\\\/figo-social.jpg\",\"contentUrl\":\"https:\\\/\\\/figo.at\\\/wp-content\\\/uploads\\\/2023\\\/11\\\/figo-social.jpg\",\"width\":1280,\"height\":720,\"caption\":\"FILLI Stahlgro\u00dfhandelsgesellschaft mit beschr\u00e4nkter Haftung\"},\"image\":{\"@id\":\"https:\\\/\\\/figo.at\\\/sl\\\/#\\\/schema\\\/logo\\\/image\\\/\"},\"sameAs\":[\"https:\\\/\\\/www.facebook.com\\\/figodachundfassade\",\"https:\\\/\\\/www.youtube.com\\\/channel\\\/UCo-aYJEemPKnMxxxWg2Em_Q\",\"https:\\\/\\\/www.linkedin.com\\\/company\\\/fillistahl\\\/\",\"https:\\\/\\\/www.instagram.com\\\/figodachundfassade\"],\"description\":\"Komplettl\u00f6sungen f\u00fcr Dach und Fassade samt umfangreichem Zubeh\u00f6r und vielf\u00e4ltigen Farb- und Designvarianten.\",\"email\":\"office@figo.at\",\"telephone\":\"+43 463 379703550\"}]}<\/script>\n<!-- \/ Yoast SEO Premium plugin. -->","yoast_head_json":{"title":"FIGO barve - raznolike mo\u017enosti izbire za streho in fasado","description":"Odkrijte barvno paleto raznolikih mo\u017enosti za streho in fasado. Oblikujte svoj projekt ob \u0161iroki izbiri privla\u010dnih barvnih mo\u017enosti.","robots":{"index":"index","follow":"follow","max-snippet":"max-snippet:-1","max-image-preview":"max-image-preview:large","max-video-preview":"max-video-preview:-1"},"canonical":"https:\/\/figo.at\/sl\/produkti\/barve\/","og_locale":"sl_SI","og_type":"article","og_title":"Barve","og_description":"Odkrijte barvno paleto raznolikih mo\u017enosti za streho in fasado. Oblikujte svoj projekt ob \u0161iroki izbiri privla\u010dnih barvnih mo\u017enosti.","og_url":"https:\/\/figo.at\/sl\/produkti\/barve\/","og_site_name":"Figo Dach &amp; Fassade","article_publisher":"https:\/\/www.facebook.com\/figodachundfassade","article_modified_time":"2023-12-14T07:50:08+00:00","og_image":[{"width":1920,"height":1080,"url":"https:\/\/figo.at\/wp-content\/uploads\/2023\/10\/FIGO-Haus_Berge.jpg","type":"image\/jpeg"}],"twitter_card":"summary_large_image","twitter_misc":{"Est. reading time":"1 minuta"},"schema":{"@context":"https:\/\/schema.org","@graph":[{"@type":"WebPage","@id":"https:\/\/figo.at\/sl\/produkti\/barve\/","url":"https:\/\/figo.at\/sl\/produkti\/barve\/","name":"FIGO barve - raznolike mo\u017enosti izbire za streho in fasado","isPartOf":{"@id":"https:\/\/figo.at\/sl\/#website"},"datePublished":"2023-05-10T07:04:40+00:00","dateModified":"2023-12-14T07:50:08+00:00","description":"Odkrijte barvno paleto raznolikih mo\u017enosti za streho in fasado. Oblikujte svoj projekt ob \u0161iroki izbiri privla\u010dnih barvnih mo\u017enosti.","breadcrumb":{"@id":"https:\/\/figo.at\/sl\/produkti\/barve\/#breadcrumb"},"inLanguage":"sl-SI","potentialAction":[{"@type":"ReadAction","target":["https:\/\/figo.at\/sl\/produkti\/barve\/"]}]},{"@type":"BreadcrumbList","@id":"https:\/\/figo.at\/sl\/produkti\/barve\/#breadcrumb","itemListElement":[{"@type":"ListItem","position":1,"name":"Startseite","item":"https:\/\/figo.at\/sl\/"},{"@type":"ListItem","position":2,"name":"Produkti","item":"https:\/\/figo.at\/sl\/produkte\/"},{"@type":"ListItem","position":3,"name":"Barve"}]},{"@type":"WebSite","@id":"https:\/\/figo.at\/sl\/#website","url":"https:\/\/figo.at\/sl\/","name":"Figo Dach & Fassade","description":"Die Dach- und Fassadenplatte mit 40 Jahren Garantie","publisher":{"@id":"https:\/\/figo.at\/sl\/#organization"},"potentialAction":[{"@type":"SearchAction","target":{"@type":"EntryPoint","urlTemplate":"https:\/\/figo.at\/sl\/?s={search_term_string}"},"query-input":{"@type":"PropertyValueSpecification","valueRequired":true,"valueName":"search_term_string"}}],"inLanguage":"sl-SI"},{"@type":"Organization","@id":"https:\/\/figo.at\/sl\/#organization","name":"FILLI Stahlgro\u00dfhandelsgesellschaft mit beschr\u00e4nkter Haftung","alternateName":"Figo Dach & Fassade","url":"https:\/\/figo.at\/sl\/","logo":{"@type":"ImageObject","inLanguage":"sl-SI","@id":"https:\/\/figo.at\/sl\/#\/schema\/logo\/image\/","url":"https:\/\/figo.at\/wp-content\/uploads\/2023\/11\/figo-social.jpg","contentUrl":"https:\/\/figo.at\/wp-content\/uploads\/2023\/11\/figo-social.jpg","width":1280,"height":720,"caption":"FILLI Stahlgro\u00dfhandelsgesellschaft mit beschr\u00e4nkter Haftung"},"image":{"@id":"https:\/\/figo.at\/sl\/#\/schema\/logo\/image\/"},"sameAs":["https:\/\/www.facebook.com\/figodachundfassade","https:\/\/www.youtube.com\/channel\/UCo-aYJEemPKnMxxxWg2Em_Q","https:\/\/www.linkedin.com\/company\/fillistahl\/","https:\/\/www.instagram.com\/figodachundfassade"],"description":"Komplettl\u00f6sungen f\u00fcr Dach und Fassade samt umfangreichem Zubeh\u00f6r und vielf\u00e4ltigen Farb- und Designvarianten.","email":"office@figo.at","telephone":"+43 463 379703550"}]}},"_links":{"self":[{"href":"https:\/\/figo.at\/sl\/wp-json\/wp\/v2\/pages\/4703","targetHints":{"allow":["GET"]}}],"collection":[{"href":"https:\/\/figo.at\/sl\/wp-json\/wp\/v2\/pages"}],"about":[{"href":"https:\/\/figo.at\/sl\/wp-json\/wp\/v2\/types\/page"}],"author":[{"embeddable":true,"href":"https:\/\/figo.at\/sl\/wp-json\/wp\/v2\/users\/3"}],"replies":[{"embeddable":true,"href":"https:\/\/figo.at\/sl\/wp-json\/wp\/v2\/comments?post=4703"}],"version-history":[{"count":4,"href":"https:\/\/figo.at\/sl\/wp-json\/wp\/v2\/pages\/4703\/revisions"}],"predecessor-version":[{"id":4918,"href":"https:\/\/figo.at\/sl\/wp-json\/wp\/v2\/pages\/4703\/revisions\/4918"}],"up":[{"embeddable":true,"href":"https:\/\/figo.at\/sl\/wp-json\/wp\/v2\/pages\/3817"}],"wp:attachment":[{"href":"https:\/\/figo.at\/sl\/wp-json\/wp\/v2\/media?parent=4703"}],"curies":[{"name":"wp","href":"https:\/\/api.w.org\/{rel}","templated":true}]}}