{"id":4936,"date":"2023-10-09T08:50:18","date_gmt":"2023-10-09T06:50:18","guid":{"rendered":"https:\/\/figo.at\/?page_id=4936"},"modified":"2023-12-14T08:50:06","modified_gmt":"2023-12-14T07:50:06","slug":"login","status":"publish","type":"page","link":"https:\/\/figo.at\/sl\/login\/","title":{"rendered":"Login"},"content":{"rendered":"<div class=\"wpb-content-wrapper\"><p>[vc_row gap=&#8221;35&#8243;][vc_column width=&#8221;1\/2&#8243;][vc_column_text]<\/p>\n<h3>Vpi\u0161i se<\/h3>\n<p>[\/vc_column_text][vc_column_text]\n<div class=\"wpum-template wpum-form wpum-login-form\">\n\n\t\n\t<form action=\"\/sl\/wp-json\/wp\/v2\/pages\/4936\" method=\"post\" id=\"wpum-submit-login-form\" enctype=\"multipart\/form-data\">\n\n\t\t\t\t\t<fieldset class=\"fieldset-username\">\n\n\t\t\t\t\n\t\t\t\t\t<label for=\"username\">\n\t\t\t\t\t\tUporabni\u0161ko ime ali e-po\u0161tni naslov\t\t\t\t\t\t\t\t\t\t\t\t\t<span class=\"wpum-required\">*<\/span>\n\t\t\t\t\t\t\t\t\t\t\t<\/label>\n\t\t\t\t\t<div class=\"field required-field\">\n\t\t\t\t\t\t\n<input\n\ttype=\"text\"\n\tclass=\"input-text\"\n\tname=\"username\"\n\t\tid=\"username\"\n\tplaceholder=\"\"\n\tvalue=\"\"\n\tmaxlength=\"\"\n\trequired\t\t\/>\n\t\t\t\t\t<\/div>\n\n\t\t\t\t\n\t\t\t<\/fieldset>\n\t\t\t\t\t<fieldset class=\"fieldset-password\">\n\n\t\t\t\t\n\t\t\t\t\t<label for=\"password\">\n\t\t\t\t\t\tPassword\t\t\t\t\t\t\t\t\t\t\t\t\t<span class=\"wpum-required\">*<\/span>\n\t\t\t\t\t\t\t\t\t\t\t<\/label>\n\t\t\t\t\t<div class=\"field required-field\">\n\t\t\t\t\t\t\n<input type=\"password\" class=\"input-text\"\nname=\"password\" id=\"password\" placeholder=\"\" value=\"\" maxlength=\"\"\n\t\t\t\t\trequired\t\/>\n\t\t\t\t\t<\/div>\n\n\t\t\t\t\n\t\t\t<\/fieldset>\n\t\t\t\t\t<fieldset class=\"fieldset-remember\">\n\n\t\t\t\t\n\t\t\t\t\t<label for=\"remember\">\n\t\t\t\t\t\t<span class=\"field \">\n\t\t\t\t\t\t\t\n<input type=\"checkbox\" class=\"input-checkbox\" name=\"remember\" id=\"remember\"  value=\"1\"\n\t\t\t\t\t\t\t\t\t\t\t\t\t\t\t\t\/>\n\t\t\t\t\t\t<\/span>\n\t\t\t\t\t\tostanite prijavljeni\t\t\t\t\t\t\t\t\t\t\t<\/label>\n\n\t\t\t\t\n\t\t\t<\/fieldset>\n\t\t\n\t\t<input type=\"hidden\" name=\"wpum_form\" value=\"login\" \/>\n\t\t<input type=\"hidden\" name=\"step\" value=\"0\" \/>\n\t\t<input type=\"hidden\" name=\"submit_referrer\" value=\"\" \/>\n\n\t\t\t\t<script type=\"text\/javascript\" src=\"https:\/\/js.hcaptcha.com\/1\/api.js?hl=en\" async defer><\/script>\n\t\t<div\n\t\t\tclass=\"h-captcha\"\n\t\t\tdata-sitekey=\"4ff16822-6346-4423-99c1-6426f3580768\"\n\t\t\tdata-theme=\"light\"\n\t\t\tdata-size=\"normal\">\n\t\t<\/div>\n\t\t\n\t\t<input type=\"submit\" name=\"submit_login\" class=\"button\" value=\"Login\" \/>\n\n\t<\/form>\n\n\t\n<\/div>\n\n<ul class=\"wpum-action-links\">\n\t\t\t\t<li>\n\t\t<a href=\"https:\/\/figo.at\/passwort-zuruecksetzen\/\">\n\t\t\tSte pozabili geslo?\t\t<\/a>\n\t<\/li>\n\t<\/ul>\n[\/vc_column_text][\/vc_column][vc_column width=&#8221;1\/2&#8243;][vc_column_text]<\/p>\n<h3>Registrirati<\/h3>\n<p>[\/vc_column_text][vc_column_text]\n<div class=\"wpum-template wpum-form wpum-registration-form\">\n\n\t\n\t<form action=\"\/sl\/wp-json\/wp\/v2\/pages\/4936\" method=\"post\" id=\"wpum-submit-registration-form\" enctype=\"multipart\/form-data\">\n\n\t\t\n\t\t\t\n<fieldset  class=\"fieldset-wpum_field_13\" >\n\n\n\t\t\t\t\t<label for=\"wpum_field_13\">\n\t\t\t\tIme podjetja\t\t\t\t\t\t\t\t\t<span class=\"wpum-required\">*<\/span>\n\t\t\t\t\t\t\t<\/label>\n\t\t\t\t<div class=\"field required-field\">\n\t\t\t\n<input\n\ttype=\"text\"\n\tclass=\"input-text\"\n\tname=\"wpum_field_13\"\n\t\tid=\"wpum_field_13\"\n\tplaceholder=\"\"\n\tvalue=\"\"\n\tmaxlength=\"\"\n\trequired\t\t\/>\n\t\t<\/div>\n\n\t\n<\/fieldset>\n\n\t\t\n\t\t\t\n<fieldset  class=\"fieldset-robo\" >\n\n\n\t\t\t\t\t<label for=\"robo\">\n\t\t\t\tIf you&#039;re human leave this blank:\t\t\t\t\t\t\t<\/label>\n\t\t\t\t<div class=\"field \">\n\t\t\t\n<input\n\ttype=\"text\"\n\tclass=\"input-text\"\n\tname=\"robo\"\n\t\tid=\"robo\"\n\tplaceholder=\"\"\n\tvalue=\"\"\n\tmaxlength=\"\"\n\t\t\t\/>\n\t\t<\/div>\n\n\t\n<\/fieldset>\n\n\t\t\n\t\t\t\n<fieldset  class=\"fieldset-user_firstname\" >\n\n\n\t\t\t\t\t<label for=\"user_firstname\">\n\t\t\t\time\t\t\t\t\t\t\t\t\t<span class=\"wpum-required\">*<\/span>\n\t\t\t\t\t\t\t<\/label>\n\t\t\t\t<div class=\"field required-field\">\n\t\t\t\n<input\n\ttype=\"text\"\n\tclass=\"input-text\"\n\tname=\"user_firstname\"\n\t\tid=\"user_firstname\"\n\tplaceholder=\"\"\n\tvalue=\"\"\n\tmaxlength=\"\"\n\trequired\t\t\/>\n\t\t<\/div>\n\n\t\n<\/fieldset>\n\n\t\t\n\t\t\t\n<fieldset  class=\"fieldset-user_lastname\" >\n\n\n\t\t\t\t\t<label for=\"user_lastname\">\n\t\t\t\tpriimek\t\t\t\t\t\t\t\t\t<span class=\"wpum-required\">*<\/span>\n\t\t\t\t\t\t\t<\/label>\n\t\t\t\t<div class=\"field required-field\">\n\t\t\t\n<input\n\ttype=\"text\"\n\tclass=\"input-text\"\n\tname=\"user_lastname\"\n\t\tid=\"user_lastname\"\n\tplaceholder=\"\"\n\tvalue=\"\"\n\tmaxlength=\"\"\n\trequired\t\t\/>\n\t\t<\/div>\n\n\t\n<\/fieldset>\n\n\t\t\n\t\t\t\n<fieldset  class=\"fieldset-user_email\" >\n\n\n\t\t\t\t\t<label for=\"user_email\">\n\t\t\t\telektronski naslov\t\t\t\t\t\t\t\t\t<span class=\"wpum-required\">*<\/span>\n\t\t\t\t\t\t\t<\/label>\n\t\t\t\t<div class=\"field required-field\">\n\t\t\t\n<input\n\ttype=\"email\"\n\tclass=\"input-email\"\n\tname=\"user_email\"\n\t\tid=\"user_email\"\n\tplaceholder=\"\"\n\tvalue=\"\"\n\tmaxlength=\"\"\n\trequired\t\/>\n\t\t<\/div>\n\n\t\n<\/fieldset>\n\n\t\t\n\t\t\t\n<fieldset  class=\"fieldset-user_password\" >\n\n\n\t\t\t\t\t<label for=\"user_password\">\n\t\t\t\tgeslo\t\t\t\t\t\t\t\t\t<span class=\"wpum-required\">*<\/span>\n\t\t\t\t\t\t\t<\/label>\n\t\t\t\t<div class=\"field required-field\">\n\t\t\t\n<input type=\"password\" class=\"input-text\"\nname=\"user_password\" id=\"user_password\" placeholder=\"\" value=\"\" maxlength=\"\"\n\t\t\t\t\trequired\t\/>\n\t\t<\/div>\n\n\t\n<\/fieldset>\n\n\t\t\n\t\t\t\n<fieldset  class=\"fieldset-role\" >\n\n\n\t\t\t\t\t<label for=\"role\">\n\t\t\t\tSelect Role\t\t\t\t\t\t\t\t\t<span class=\"wpum-required\">*<\/span>\n\t\t\t\t\t\t\t<\/label>\n\t\t\t\t<div class=\"field required-field\">\n\t\t\t\n<select name=\"role\" id=\"role\"\n\t\t\t\t\t\trequired>\n\t\t\t<option value=\"verarbeiter\"\n\t\t\t\t\t\t\t\t\t\t\t>Verarbeiter<\/option>\n\t\t\t<option value=\"architekt\"\n\t\t\t\t\t\t\t\t\t\t\t>Architekt<\/option>\n\t<\/select>\n\t<small class=\"description\">Select your user role<\/small>\t\t<\/div>\n\n\t\n<\/fieldset>\n\n\t\t\n\t\t\t\n<fieldset  class=\"fieldset-privacy\" >\n\n\n\t\t<label for=\"privacy\">\n\t\t\t<span class=\"field required-field\">\n\t\t\t\t\n<input type=\"checkbox\" class=\"input-checkbox\" name=\"privacy\" id=\"privacy\"  value=\"1\"\n\t\t\t\t\t\t\t\t\t\t\t\t\t\t\t\trequired\/>\n\t<small class=\"description\">FILLI STAHL GROSSHANDELSGMBH potrebuje va\u0161e posredovane kontaktne podatke za komunikacijo z vami glede obdelave povpra\u0161evanja po na\u0161ih izdelkih in storitvah. Od teh obvestil se lahko kadarkoli odjavite. Za informacije o odjavi, kot tudi o na\u0161i praksi in zavezanosti varovanja va\u0161ih podatkov si preberite v na\u0161i <a href=\"https:\/\/figo.at\/sl\/splosni-pogoji-poslovanja\/\">izjavi o varovanju osebnih podatkov.<\/a><\/small>\t\t\t<\/span>\n\t\t\t\t\t\t\t\t\t\t<span class=\"wpum-required\">*<\/span>\n\t\t\t\t\t<\/label>\n\n\t\n<\/fieldset>\n\n\t\t\n\t\t<input type=\"hidden\" name=\"wpum_form\" value=\"registration\" \/>\n\t\t<input type=\"hidden\" name=\"step\" value=\"0\" \/>\n\t\t<input type=\"hidden\" id=\"registration_nonce\" name=\"registration_nonce\" value=\"b45e62a531\" \/><input type=\"hidden\" name=\"_wp_http_referer\" value=\"\/sl\/wp-json\/wp\/v2\/pages\/4936\" \/>\n\t\t<input type=\"hidden\" name=\"wpum_form_id\" value=\"1\" \/>\t\t<script type=\"text\/javascript\" src=\"https:\/\/js.hcaptcha.com\/1\/api.js?hl=en\" async defer><\/script>\n\t\t<div\n\t\t\tclass=\"h-captcha\"\n\t\t\tdata-sitekey=\"4ff16822-6346-4423-99c1-6426f3580768\"\n\t\t\tdata-theme=\"light\"\n\t\t\tdata-size=\"normal\">\n\t\t<\/div>\n\t\t\n\t\t\t\t<input type=\"submit\" name=\"submit_registration\" class=\"button\"\n\t\t\t\tvalue=\"Register\"\/>\n\n\t<\/form>\n\n\t\n<\/div>\n\n<ul class=\"wpum-action-links\">\n\t\t\t<\/ul>\n[\/vc_column_text][\/vc_column][\/vc_row][vc_row][vc_column][vc_raw_js]JTNDc2NyaXB0JTNFJTIwJTBBJTBBalF1ZXJ5JTI4ZG9jdW1lbnQlMjkucmVhZHklMjglMjglMjklM0QlM0UlN0IlMjAlMEFqUXVlcnklMjglMjIlMjNyb2xlJTIwb3B0aW9uJTVCdmFsdWUlM0R2ZXJhcmJlaXRlciU1RCUyMiUyOS50ZXh0JTI4JTI3SXp2YWphbGVjJTI3JTI5JTNCJTIwJTBBalF1ZXJ5JTI4JTIyJTIzcm9sZSUyMG9wdGlvbiU1QnZhbHVlJTNEYXJjaGl0ZWt0JTVEJTIyJTI5LnRleHQlMjglMjdBcmhpdGVrdGklMjclMjklM0IlMjAlMEElMEElN0QlMjklM0IlMjAlMjAlMjAlMEElMEElMEElM0MlMkZzY3JpcHQlM0U=[\/vc_raw_js][\/vc_column][\/vc_row]<\/p>\n<\/div>","protected":false},"excerpt":{"rendered":"<p>[vc_row gap=&#8221;35&#8243;][vc_column width=&#8221;1\/2&#8243;][vc_column_text] Vpi\u0161i se [\/vc_column_text][vc_column_text][\/vc_column_text][\/vc_column][vc_column width=&#8221;1\/2&#8243;][vc_column_text] Registrirati [\/vc_column_text][vc_column_text][\/vc_column_text][\/vc_column][\/vc_row][vc_row][vc_column][vc_raw_js]JTNDc2NyaXB0JTNFJTIwJTBBJTBBalF1ZXJ5JTI4ZG9jdW1lbnQlMjkucmVhZHklMjglMjglMjklM0QlM0UlN0IlMjAlMEFqUXVlcnklMjglMjIlMjNyb2xlJTIwb3B0aW9uJTVCdmFsdWUlM0R2ZXJhcmJlaXRlciU1RCUyMiUyOS50ZXh0JTI4JTI3SXp2YWphbGVjJTI3JTI5JTNCJTIwJTBBalF1ZXJ5JTI4JTIyJTIzcm9sZSUyMG9wdGlvbiU1QnZhbHVlJTNEYXJjaGl0ZWt0JTVEJTIyJTI5LnRleHQlMjglMjdBcmhpdGVrdGklMjclMjklM0IlMjAlMEElMEElN0QlMjklM0IlMjAlMjAlMjAlMEElMEElMEElM0MlMkZzY3JpcHQlM0U=[\/vc_raw_js][\/vc_column][\/vc_row]<\/p>\n","protected":false},"author":3,"featured_media":0,"parent":0,"menu_order":15,"comment_status":"closed","ping_status":"closed","template":"template-microsite.php","meta":{"inline_featured_image":false,"footnotes":""},"class_list":["post-4936","page","type-page","status-publish","hentry","description-off"],"yoast_head":"<!-- This site is optimized with the Yoast SEO Premium plugin v27.4 (Yoast SEO v27.4) - https:\/\/yoast.com\/product\/yoast-seo-premium-wordpress\/ -->\n<title>FIGO vpis - dostop do uporabni\u0161kega ra\u010duna za prilagoditev storitev in informacij<\/title>\n<meta name=\"robots\" content=\"index, follow, max-snippet:-1, max-image-preview:large, max-video-preview:-1\" \/>\n<link rel=\"canonical\" href=\"https:\/\/figo.at\/sl\/login\/\" \/>\n<meta property=\"og:locale\" content=\"sl_SI\" \/>\n<meta property=\"og:type\" content=\"article\" \/>\n<meta property=\"og:title\" content=\"Login\" \/>\n<meta property=\"og:description\" content=\"[vc_row gap=&#8221;35&#8243;][vc_column width=&#8221;1\/2&#8243;][vc_column_text] Vpi\u0161i se [\/vc_column_text][vc_column_text][\/vc_column_text][\/vc_column][vc_column width=&#8221;1\/2&#8243;][vc_column_text] Registrirati [\/vc_column_text][vc_column_text][\/vc_column_text][\/vc_column][\/vc_row][vc_row][vc_column][vc_raw_js]JTNDc2NyaXB0JTNFJTIwJTBBJTBBalF1ZXJ5JTI4ZG9jdW1lbnQlMjkucmVhZHklMjglMjglMjklM0QlM0UlN0IlMjAlMEFqUXVlcnklMjglMjIlMjNyb2xlJTIwb3B0aW9uJTVCdmFsdWUlM0R2ZXJhcmJlaXRlciU1RCUyMiUyOS50ZXh0JTI4JTI3SXp2YWphbGVjJTI3JTI5JTNCJTIwJTBBalF1ZXJ5JTI4JTIyJTIzcm9sZSUyMG9wdGlvbiU1QnZhbHVlJTNEYXJjaGl0ZWt0JTVEJTIyJTI5LnRleHQlMjglMjdBcmhpdGVrdGklMjclMjklM0IlMjAlMEElMEElN0QlMjklM0IlMjAlMjAlMjAlMEElMEElMEElM0MlMkZzY3JpcHQlM0U=[\/vc_raw_js][\/vc_column][\/vc_row]\" \/>\n<meta property=\"og:url\" content=\"https:\/\/figo.at\/sl\/login\/\" \/>\n<meta property=\"og:site_name\" content=\"Figo Dach &amp; Fassade\" \/>\n<meta property=\"article:publisher\" content=\"https:\/\/www.facebook.com\/figodachundfassade\" \/>\n<meta property=\"article:modified_time\" content=\"2023-12-14T07:50:06+00:00\" \/>\n<meta property=\"og:image\" content=\"https:\/\/figo.at\/wp-content\/uploads\/2023\/10\/FIGO-Haus_Berge.jpg\" \/>\n\t<meta property=\"og:image:width\" content=\"1920\" \/>\n\t<meta property=\"og:image:height\" content=\"1080\" \/>\n\t<meta property=\"og:image:type\" content=\"image\/jpeg\" \/>\n<meta name=\"twitter:card\" content=\"summary_large_image\" \/>\n<meta name=\"twitter:label1\" content=\"Est. reading time\" \/>\n\t<meta name=\"twitter:data1\" content=\"1 minuta\" \/>\n<script type=\"application\/ld+json\" class=\"yoast-schema-graph\">{\"@context\":\"https:\\\/\\\/schema.org\",\"@graph\":[{\"@type\":\"WebPage\",\"@id\":\"https:\\\/\\\/figo.at\\\/sl\\\/login\\\/\",\"url\":\"https:\\\/\\\/figo.at\\\/sl\\\/login\\\/\",\"name\":\"FIGO vpis - dostop do uporabni\u0161kega ra\u010duna za prilagoditev storitev in informacij\",\"isPartOf\":{\"@id\":\"https:\\\/\\\/figo.at\\\/sl\\\/#website\"},\"datePublished\":\"2023-10-09T06:50:18+00:00\",\"dateModified\":\"2023-12-14T07:50:06+00:00\",\"breadcrumb\":{\"@id\":\"https:\\\/\\\/figo.at\\\/sl\\\/login\\\/#breadcrumb\"},\"inLanguage\":\"sl-SI\",\"potentialAction\":[{\"@type\":\"ReadAction\",\"target\":[\"https:\\\/\\\/figo.at\\\/sl\\\/login\\\/\"]}]},{\"@type\":\"BreadcrumbList\",\"@id\":\"https:\\\/\\\/figo.at\\\/sl\\\/login\\\/#breadcrumb\",\"itemListElement\":[{\"@type\":\"ListItem\",\"position\":1,\"name\":\"Startseite\",\"item\":\"https:\\\/\\\/figo.at\\\/sl\\\/\"},{\"@type\":\"ListItem\",\"position\":2,\"name\":\"Login\"}]},{\"@type\":\"WebSite\",\"@id\":\"https:\\\/\\\/figo.at\\\/sl\\\/#website\",\"url\":\"https:\\\/\\\/figo.at\\\/sl\\\/\",\"name\":\"Figo Dach & Fassade\",\"description\":\"Die Dach- und Fassadenplatte mit 40 Jahren Garantie\",\"publisher\":{\"@id\":\"https:\\\/\\\/figo.at\\\/sl\\\/#organization\"},\"potentialAction\":[{\"@type\":\"SearchAction\",\"target\":{\"@type\":\"EntryPoint\",\"urlTemplate\":\"https:\\\/\\\/figo.at\\\/sl\\\/?s={search_term_string}\"},\"query-input\":{\"@type\":\"PropertyValueSpecification\",\"valueRequired\":true,\"valueName\":\"search_term_string\"}}],\"inLanguage\":\"sl-SI\"},{\"@type\":\"Organization\",\"@id\":\"https:\\\/\\\/figo.at\\\/sl\\\/#organization\",\"name\":\"FILLI Stahlgro\u00dfhandelsgesellschaft mit beschr\u00e4nkter Haftung\",\"alternateName\":\"Figo Dach & Fassade\",\"url\":\"https:\\\/\\\/figo.at\\\/sl\\\/\",\"logo\":{\"@type\":\"ImageObject\",\"inLanguage\":\"sl-SI\",\"@id\":\"https:\\\/\\\/figo.at\\\/sl\\\/#\\\/schema\\\/logo\\\/image\\\/\",\"url\":\"https:\\\/\\\/figo.at\\\/wp-content\\\/uploads\\\/2023\\\/11\\\/figo-social.jpg\",\"contentUrl\":\"https:\\\/\\\/figo.at\\\/wp-content\\\/uploads\\\/2023\\\/11\\\/figo-social.jpg\",\"width\":1280,\"height\":720,\"caption\":\"FILLI Stahlgro\u00dfhandelsgesellschaft mit beschr\u00e4nkter Haftung\"},\"image\":{\"@id\":\"https:\\\/\\\/figo.at\\\/sl\\\/#\\\/schema\\\/logo\\\/image\\\/\"},\"sameAs\":[\"https:\\\/\\\/www.facebook.com\\\/figodachundfassade\",\"https:\\\/\\\/www.youtube.com\\\/channel\\\/UCo-aYJEemPKnMxxxWg2Em_Q\",\"https:\\\/\\\/www.linkedin.com\\\/company\\\/fillistahl\\\/\",\"https:\\\/\\\/www.instagram.com\\\/figodachundfassade\"],\"description\":\"Komplettl\u00f6sungen f\u00fcr Dach und Fassade samt umfangreichem Zubeh\u00f6r und vielf\u00e4ltigen Farb- und Designvarianten.\",\"email\":\"office@figo.at\",\"telephone\":\"+43 463 379703550\"}]}<\/script>\n<!-- \/ Yoast SEO Premium plugin. -->","yoast_head_json":{"title":"FIGO vpis - dostop do uporabni\u0161kega ra\u010duna za prilagoditev storitev in informacij","robots":{"index":"index","follow":"follow","max-snippet":"max-snippet:-1","max-image-preview":"max-image-preview:large","max-video-preview":"max-video-preview:-1"},"canonical":"https:\/\/figo.at\/sl\/login\/","og_locale":"sl_SI","og_type":"article","og_title":"Login","og_description":"[vc_row gap=&#8221;35&#8243;][vc_column width=&#8221;1\/2&#8243;][vc_column_text] Vpi\u0161i se [\/vc_column_text][vc_column_text][\/vc_column_text][\/vc_column][vc_column width=&#8221;1\/2&#8243;][vc_column_text] Registrirati [\/vc_column_text][vc_column_text][\/vc_column_text][\/vc_column][\/vc_row][vc_row][vc_column][vc_raw_js]JTNDc2NyaXB0JTNFJTIwJTBBJTBBalF1ZXJ5JTI4ZG9jdW1lbnQlMjkucmVhZHklMjglMjglMjklM0QlM0UlN0IlMjAlMEFqUXVlcnklMjglMjIlMjNyb2xlJTIwb3B0aW9uJTVCdmFsdWUlM0R2ZXJhcmJlaXRlciU1RCUyMiUyOS50ZXh0JTI4JTI3SXp2YWphbGVjJTI3JTI5JTNCJTIwJTBBalF1ZXJ5JTI4JTIyJTIzcm9sZSUyMG9wdGlvbiU1QnZhbHVlJTNEYXJjaGl0ZWt0JTVEJTIyJTI5LnRleHQlMjglMjdBcmhpdGVrdGklMjclMjklM0IlMjAlMEElMEElN0QlMjklM0IlMjAlMjAlMjAlMEElMEElMEElM0MlMkZzY3JpcHQlM0U=[\/vc_raw_js][\/vc_column][\/vc_row]","og_url":"https:\/\/figo.at\/sl\/login\/","og_site_name":"Figo Dach &amp; Fassade","article_publisher":"https:\/\/www.facebook.com\/figodachundfassade","article_modified_time":"2023-12-14T07:50:06+00:00","og_image":[{"width":1920,"height":1080,"url":"https:\/\/figo.at\/wp-content\/uploads\/2023\/10\/FIGO-Haus_Berge.jpg","type":"image\/jpeg"}],"twitter_card":"summary_large_image","twitter_misc":{"Est. reading time":"1 minuta"},"schema":{"@context":"https:\/\/schema.org","@graph":[{"@type":"WebPage","@id":"https:\/\/figo.at\/sl\/login\/","url":"https:\/\/figo.at\/sl\/login\/","name":"FIGO vpis - dostop do uporabni\u0161kega ra\u010duna za prilagoditev storitev in informacij","isPartOf":{"@id":"https:\/\/figo.at\/sl\/#website"},"datePublished":"2023-10-09T06:50:18+00:00","dateModified":"2023-12-14T07:50:06+00:00","breadcrumb":{"@id":"https:\/\/figo.at\/sl\/login\/#breadcrumb"},"inLanguage":"sl-SI","potentialAction":[{"@type":"ReadAction","target":["https:\/\/figo.at\/sl\/login\/"]}]},{"@type":"BreadcrumbList","@id":"https:\/\/figo.at\/sl\/login\/#breadcrumb","itemListElement":[{"@type":"ListItem","position":1,"name":"Startseite","item":"https:\/\/figo.at\/sl\/"},{"@type":"ListItem","position":2,"name":"Login"}]},{"@type":"WebSite","@id":"https:\/\/figo.at\/sl\/#website","url":"https:\/\/figo.at\/sl\/","name":"Figo Dach & Fassade","description":"Die Dach- und Fassadenplatte mit 40 Jahren Garantie","publisher":{"@id":"https:\/\/figo.at\/sl\/#organization"},"potentialAction":[{"@type":"SearchAction","target":{"@type":"EntryPoint","urlTemplate":"https:\/\/figo.at\/sl\/?s={search_term_string}"},"query-input":{"@type":"PropertyValueSpecification","valueRequired":true,"valueName":"search_term_string"}}],"inLanguage":"sl-SI"},{"@type":"Organization","@id":"https:\/\/figo.at\/sl\/#organization","name":"FILLI Stahlgro\u00dfhandelsgesellschaft mit beschr\u00e4nkter Haftung","alternateName":"Figo Dach & Fassade","url":"https:\/\/figo.at\/sl\/","logo":{"@type":"ImageObject","inLanguage":"sl-SI","@id":"https:\/\/figo.at\/sl\/#\/schema\/logo\/image\/","url":"https:\/\/figo.at\/wp-content\/uploads\/2023\/11\/figo-social.jpg","contentUrl":"https:\/\/figo.at\/wp-content\/uploads\/2023\/11\/figo-social.jpg","width":1280,"height":720,"caption":"FILLI Stahlgro\u00dfhandelsgesellschaft mit beschr\u00e4nkter Haftung"},"image":{"@id":"https:\/\/figo.at\/sl\/#\/schema\/logo\/image\/"},"sameAs":["https:\/\/www.facebook.com\/figodachundfassade","https:\/\/www.youtube.com\/channel\/UCo-aYJEemPKnMxxxWg2Em_Q","https:\/\/www.linkedin.com\/company\/fillistahl\/","https:\/\/www.instagram.com\/figodachundfassade"],"description":"Komplettl\u00f6sungen f\u00fcr Dach und Fassade samt umfangreichem Zubeh\u00f6r und vielf\u00e4ltigen Farb- und Designvarianten.","email":"office@figo.at","telephone":"+43 463 379703550"}]}},"_links":{"self":[{"href":"https:\/\/figo.at\/sl\/wp-json\/wp\/v2\/pages\/4936","targetHints":{"allow":["GET"]}}],"collection":[{"href":"https:\/\/figo.at\/sl\/wp-json\/wp\/v2\/pages"}],"about":[{"href":"https:\/\/figo.at\/sl\/wp-json\/wp\/v2\/types\/page"}],"author":[{"embeddable":true,"href":"https:\/\/figo.at\/sl\/wp-json\/wp\/v2\/users\/3"}],"replies":[{"embeddable":true,"href":"https:\/\/figo.at\/sl\/wp-json\/wp\/v2\/comments?post=4936"}],"version-history":[{"count":7,"href":"https:\/\/figo.at\/sl\/wp-json\/wp\/v2\/pages\/4936\/revisions"}],"predecessor-version":[{"id":5622,"href":"https:\/\/figo.at\/sl\/wp-json\/wp\/v2\/pages\/4936\/revisions\/5622"}],"wp:attachment":[{"href":"https:\/\/figo.at\/sl\/wp-json\/wp\/v2\/media?parent=4936"}],"curies":[{"name":"wp","href":"https:\/\/api.w.org\/{rel}","templated":true}]}}